{"id":153598,"date":"2021-01-15T12:38:36","date_gmt":"2021-01-15T12:38:36","guid":{"rendered":"https:\/\/codengine3.ch\/?product=import-placeholder-for-208317"},"modified":"2021-01-15T17:52:37","modified_gmt":"2021-01-15T17:52:37","slug":"im-griff","status":"publish","type":"product","link":"https:\/\/pizbube.ch\/en\/shop\/im-griff\/","title":{"rendered":"Im Griff"},"content":{"rendered":"<p>Mit seinem neuen Roman ist Stephan Enter in den Niederlanden der Durchbruch<br \/>\ngelungen: &#171;Im Griff&#187; zeigt ihn als einen der Gro\u00dfen der niederl\u00e4ndischen<br \/>\nLiteratur. Zwei M\u00e4nner sitzen in einem Zug, Vincent und Paul, introvertiert,<br \/>\nvertr\u00e4umt der eine, nach N\u00e4he suchend; zynisch, scheinbar ein Siegertyp der<br \/>\nandere. Sie fahren einem Wiedersehen entgegen, einer Wiederbegegnung mit Lotte<br \/>\nund Martin, mit denen sie zwanzig Jahre zuvor einen dramatischen Kletterurlaub<br \/>\nauf den Lofoten verbrachten. Ein Ereignis dort, n\u00f6rdlich des Polarkreises, hat<br \/>\nihr Leben f\u00fcr immer gepr\u00e4gt.  <\/p>\n<p>Doch die Sicht auf die Vergangenheit \u00e4ndert sich nun, in Erwartung des<br \/>\nTreffens, \u00fcberraschend f\u00fcr jeden Einzelnen von ihnen. &#171;Im Griff&#187; handelt von<br \/>\nFreundschaft, von Liebe, von Zusammenhalt und Verg\u00e4nglichkeit. Von der Frage,<br \/>\nob man das Leben f\u00fchrt, das man sich vorgestellt hat. Ob die Entscheidungen,<br \/>\ndie man getroffen hat, auch wirklich die eigenen waren. Ein Roman im Rhythmus<br \/>\neiner Zugreise, meisterhaft komponiert, eine Erz\u00e4hlung, die man mit<br \/>\nangehaltenem Atem liest.<\/p>","protected":false},"excerpt":{"rendered":"<p>Mit seinem neuen Roman ist Stephan Enter in den Niederlanden der Durchbruch gelungen: &#171;Im Griff&#187; zeigt ihn als einen der Gro\u00dfen der niederl\u00e4ndischen Literatur. Zwei M\u00e4nner sitzen in einem Zug, Vincent und Paul, introvertiert, vertr\u00e4umt der eine, nach N\u00e4he suchend; zynisch, scheinbar ein Siegertyp der andere. Sie fahren einem Wiedersehen entgegen, einer Wiederbegegnung mit Lotte [&#8230;]\n","protected":false},"featured_media":39966,"template":"","meta":[],"product_brand":[],"product_cat":[21629],"product_tag":[],"class_list":{"0":"post-153598","1":"product","2":"type-product","3":"status-publish","4":"has-post-thumbnail","6":"product_cat-belletristik","7":"pa_autor-enter","8":"pa_erscheinungsjahr-21568","9":"pa_region-deutschland","10":"pa_sprache-de","12":"first","13":"instock","14":"taxable","15":"shipping-taxable","16":"purchasable","17":"product-type-simple"},"_links":{"self":[{"href":"https:\/\/pizbube.ch\/en\/wp-json\/wp\/v2\/product\/153598","targetHints":{"allow":["GET"]}}],"collection":[{"href":"https:\/\/pizbube.ch\/en\/wp-json\/wp\/v2\/product"}],"about":[{"href":"https:\/\/pizbube.ch\/en\/wp-json\/wp\/v2\/types\/product"}],"wp:featuredmedia":[{"embeddable":true,"href":"https:\/\/pizbube.ch\/en\/wp-json\/wp\/v2\/media\/39966"}],"wp:attachment":[{"href":"https:\/\/pizbube.ch\/en\/wp-json\/wp\/v2\/media?parent=153598"}],"wp:term":[{"taxonomy":"product_brand","embeddable":true,"href":"https:\/\/pizbube.ch\/en\/wp-json\/wp\/v2\/product_brand?post=153598"},{"taxonomy":"product_cat","embeddable":true,"href":"https:\/\/pizbube.ch\/en\/wp-json\/wp\/v2\/product_cat?post=153598"},{"taxonomy":"product_tag","embeddable":true,"href":"https:\/\/pizbube.ch\/en\/wp-json\/wp\/v2\/product_tag?post=153598"}],"curies":[{"name":"wp","href":"https:\/\/api.w.org\/{rel}","templated":true}]}}