{"id":153601,"date":"2021-01-15T12:38:37","date_gmt":"2021-01-15T12:38:37","guid":{"rendered":"https:\/\/codengine3.ch\/?product=import-placeholder-for-202712"},"modified":"2021-01-15T12:38:40","modified_gmt":"2021-01-15T12:38:40","slug":"best-of-dominique-perret-dvd","status":"publish","type":"product","link":"https:\/\/pizbube.ch\/en\/shop\/best-of-dominique-perret-dvd\/","title":{"rendered":"Best Of Dominique Perret DVD"},"content":{"rendered":"<p>Suivez les aventures du meilleur skieur freeride du sci\u00e8cle.<br \/>\nComme le marin ne conna\u00eet pas le voyage sans l&#8217;appel du vent, le skieur ne<br \/>\npeut conna\u00eetre l&#8217;aventure sans l&#8217;invitation de la pente. Avec les lois de la<br \/>\nmontagne comme seules contraintes, Dominique Perret \u00e9lu meilleur skieur<br \/>\nfreeride du sci\u00e8cle aux Board Awards, a d\u00e9cid\u00e9 tr\u00e8s jeune que la neige serait<br \/>\nson territoire d&#8217;expression. Skieur d&#8217;instinct, il aime plus que tout<br \/>\ns&#8217;engager dans la marge, \u00e0 la recherche du point de rupture, du point<br \/>\nd&#8217;\u00e9quilibre o\u00f9 tout peut basculer et o\u00f9 les sensations sont exacerb\u00e9es.<br \/>\nJongler avec la mati\u00e8re et les \u00e9l\u00e9ments, y ajouter du sentiment, telle est<br \/>\nselon lui l&#8217;essence m\u00eame du ski. La r\u00e9alisation de ces huit films l&#8217;a conduit<br \/>\nvers les plus beaux sites de la Plan\u00e8te blanche, des Alpes \u00e0 la Norv\u00e8ge, de<br \/>\nl&#8217;Am\u00e9rique du Sud aux faces immacul\u00e9es de l&#8217;Himalaya, en passant par l&#8217;Alaska,<br \/>\nles Rocheuses, et en go\u00fbtant aussi \u00e0 l&#8217;univers pr\u00e9caire de la haute altitude.<br \/>\nDVD<\/p>","protected":false},"excerpt":{"rendered":"<p>Suivez les aventures du meilleur skieur freeride du sci\u00e8cle. Comme le marin ne conna\u00eet pas le voyage sans l&#8217;appel du vent, le skieur ne peut conna\u00eetre l&#8217;aventure sans l&#8217;invitation de la pente. Avec les lois de la montagne comme seules contraintes, Dominique Perret \u00e9lu meilleur skieur freeride du sci\u00e8cle aux Board Awards, a d\u00e9cid\u00e9 tr\u00e8s [&#8230;]\n","protected":false},"featured_media":30149,"template":"","meta":[],"product_brand":[],"product_cat":[21628],"product_tag":[],"class_list":{"0":"post-153601","1":"product","2":"type-product","3":"status-publish","4":"has-post-thumbnail","6":"product_cat-video-dvd-multimedia","7":"pa_erscheinungsjahr-21920","8":"pa_region-frankreich","9":"pa_sprache-fr","11":"first","12":"outofstock","13":"taxable","14":"shipping-taxable","15":"purchasable","16":"product-type-simple"},"_links":{"self":[{"href":"https:\/\/pizbube.ch\/en\/wp-json\/wp\/v2\/product\/153601","targetHints":{"allow":["GET"]}}],"collection":[{"href":"https:\/\/pizbube.ch\/en\/wp-json\/wp\/v2\/product"}],"about":[{"href":"https:\/\/pizbube.ch\/en\/wp-json\/wp\/v2\/types\/product"}],"wp:featuredmedia":[{"embeddable":true,"href":"https:\/\/pizbube.ch\/en\/wp-json\/wp\/v2\/media\/30149"}],"wp:attachment":[{"href":"https:\/\/pizbube.ch\/en\/wp-json\/wp\/v2\/media?parent=153601"}],"wp:term":[{"taxonomy":"product_brand","embeddable":true,"href":"https:\/\/pizbube.ch\/en\/wp-json\/wp\/v2\/product_brand?post=153601"},{"taxonomy":"product_cat","embeddable":true,"href":"https:\/\/pizbube.ch\/en\/wp-json\/wp\/v2\/product_cat?post=153601"},{"taxonomy":"product_tag","embeddable":true,"href":"https:\/\/pizbube.ch\/en\/wp-json\/wp\/v2\/product_tag?post=153601"}],"curies":[{"name":"wp","href":"https:\/\/api.w.org\/{rel}","templated":true}]}}