{"id":153602,"date":"2021-01-15T12:38:37","date_gmt":"2021-01-15T12:38:37","guid":{"rendered":"https:\/\/codengine3.ch\/?product=import-placeholder-for-203497"},"modified":"2021-01-15T14:23:50","modified_gmt":"2021-01-15T14:23:50","slug":"esquisses-du-vertige-lxtreme-de-verbier","status":"publish","type":"product","link":"https:\/\/pizbube.ch\/en\/shop\/esquisses-du-vertige-lxtreme-de-verbier\/","title":{"rendered":"Esquisses du vertige L\u00b4Xtreme de Verbier"},"content":{"rendered":"<p>Funambules des cimes, inconditionnels des pentes vierges, skieurs ou surfeurs,<br \/>\ntels sont les freeriders. Leurs seules contraintes sont les r\u00e8gles de s\u00e9curit\u00e9<br \/>\nde la haute montagne.<br \/>\nChaque ann\u00e9e, au mois de mars, ils ont rendez-vous dans les Alpes valaisannes<br \/>\npour la plus prestigieuse comp\u00e9tition du monde de freeride, l\u00b4Xtreme de<br \/>\nVerbier. Le d\u00e9cor: une face nord \u00e0 56 degr\u00e9s, jalonn\u00e9e de couloirs et de<br \/>\nbarres rocheuses. Au gr\u00e9 des mois d\u00b4hiver, les chutes de neige,le soleil et le<br \/>\nvent sculptent pour eux ces flancs abrupts, afin de leur offrir des conditions<br \/>\nuniques. Cet ouvrage, pr\u00e9fac\u00e9 par Jean Troillet, invite le lecteur \u00e0 partager<br \/>\nles sensations intenses de ces passionn\u00e9s de la glisse, capt\u00e9s par des<br \/>\ninstantan\u00e9s \u00e9poustouflants.  <\/p>","protected":false},"excerpt":{"rendered":"<p>Funambules des cimes, inconditionnels des pentes vierges, skieurs ou surfeurs, tels sont les freeriders. Leurs seules contraintes sont les r\u00e8gles de s\u00e9curit\u00e9 de la haute montagne. Chaque ann\u00e9e, au mois de mars, ils ont rendez-vous dans les Alpes valaisannes pour la plus prestigieuse comp\u00e9tition du monde de freeride, l\u00b4Xtreme de Verbier. Le d\u00e9cor: une face [&#8230;]\n","protected":false},"featured_media":31115,"template":"","meta":[],"product_brand":[],"product_cat":[21542],"product_tag":[],"class_list":{"0":"post-153602","1":"product","2":"type-product","3":"status-publish","4":"has-post-thumbnail","6":"product_cat-sachbuecher-dokumentationen","7":"pa_autor-henchoz","8":"pa_erscheinungsjahr-21920","9":"pa_region-schweiz","10":"pa_sprache-fr","12":"first","13":"instock","14":"taxable","15":"shipping-taxable","16":"purchasable","17":"product-type-simple"},"_links":{"self":[{"href":"https:\/\/pizbube.ch\/en\/wp-json\/wp\/v2\/product\/153602","targetHints":{"allow":["GET"]}}],"collection":[{"href":"https:\/\/pizbube.ch\/en\/wp-json\/wp\/v2\/product"}],"about":[{"href":"https:\/\/pizbube.ch\/en\/wp-json\/wp\/v2\/types\/product"}],"wp:featuredmedia":[{"embeddable":true,"href":"https:\/\/pizbube.ch\/en\/wp-json\/wp\/v2\/media\/31115"}],"wp:attachment":[{"href":"https:\/\/pizbube.ch\/en\/wp-json\/wp\/v2\/media?parent=153602"}],"wp:term":[{"taxonomy":"product_brand","embeddable":true,"href":"https:\/\/pizbube.ch\/en\/wp-json\/wp\/v2\/product_brand?post=153602"},{"taxonomy":"product_cat","embeddable":true,"href":"https:\/\/pizbube.ch\/en\/wp-json\/wp\/v2\/product_cat?post=153602"},{"taxonomy":"product_tag","embeddable":true,"href":"https:\/\/pizbube.ch\/en\/wp-json\/wp\/v2\/product_tag?post=153602"}],"curies":[{"name":"wp","href":"https:\/\/api.w.org\/{rel}","templated":true}]}}