{"id":153605,"date":"2021-01-15T12:38:37","date_gmt":"2021-01-15T12:38:37","guid":{"rendered":"https:\/\/codengine3.ch\/?product=import-placeholder-for-204792"},"modified":"2023-03-10T10:03:35","modified_gmt":"2023-03-10T09:03:35","slug":"usbekistan-11-000-000","status":"publish","type":"product","link":"https:\/\/pizbube.ch\/en\/shop\/usbekistan-11-000-000\/","title":{"rendered":"Uzbekistan \/ Usbekistan 1:1.000.000"},"content":{"rendered":"<p>H\u00f6henlinien mit H\u00f6henangaben<br \/>\nFarbige H\u00f6henschichten<br \/>\nKlassifiziertes Stra\u00dfennetz mit Entfernungsangaben<br \/>\nSehensw\u00fcrdigkeiten<br \/>\nAusf\u00fchrlicher Ortsindex<br \/>\nGPS-Tauglichkeit durch L\u00e4ngen- und Breitengrade<br \/>\nF\u00fcnfsprachige Legende (Dt., Engl., Frz., Span., Russ.)<br \/>\nRei\u00df- und wasserfestes Material<\/p>\n<p>Ma\u00dfstab: 1:1&#8217;000&#8217;000<br \/>\nH\u00f6he ungefalzt: 70cm<br \/>\nBreite ungefalzt: 100cm<br \/>\nAusstattung: Format: ca. 70&#215;100 cm, 2-seitig, Material: PolyArt (rei\u00df- und<br \/>\nwasserfest, beschreibbar), Umschlag aus Pappe (Karte kann herausgenommen und<br \/>\nohne Umschlag benutzt werden)<\/p>\n<p>3. Auflage 2023<\/p>","protected":false},"excerpt":{"rendered":"<p>H\u00f6henlinien mit H\u00f6henangaben Farbige H\u00f6henschichten Klassifiziertes Stra\u00dfennetz mit Entfernungsangaben Sehensw\u00fcrdigkeiten Ausf\u00fchrlicher Ortsindex GPS-Tauglichkeit durch L\u00e4ngen- und Breitengrade F\u00fcnfsprachige Legende (Dt., Engl., Frz., Span., Russ.) Rei\u00df- und wasserfestes Material Ma\u00dfstab: 1:1&#8217;000&#8217;000 H\u00f6he ungefalzt: 70cm Breite ungefalzt: 100cm Ausstattung: Format: ca. 70&#215;100 cm, 2-seitig, Material: PolyArt (rei\u00df- und wasserfest, beschreibbar), Umschlag aus Pappe (Karte kann herausgenommen und [&#8230;]\n","protected":false},"featured_media":166570,"template":"","meta":[],"product_brand":[],"product_cat":[21543],"product_tag":[27245],"class_list":{"0":"post-153605","1":"product","2":"type-product","3":"status-publish","4":"has-post-thumbnail","6":"product_cat-landkarten","7":"product_tag-usbekistan","8":"pa_autor-reise-know-how","9":"pa_erscheinungsjahr-27129","10":"pa_region-asien","11":"pa_sprache-de","13":"first","14":"instock","15":"taxable","16":"shipping-taxable","17":"purchasable","18":"product-type-simple"},"_links":{"self":[{"href":"https:\/\/pizbube.ch\/en\/wp-json\/wp\/v2\/product\/153605","targetHints":{"allow":["GET"]}}],"collection":[{"href":"https:\/\/pizbube.ch\/en\/wp-json\/wp\/v2\/product"}],"about":[{"href":"https:\/\/pizbube.ch\/en\/wp-json\/wp\/v2\/types\/product"}],"wp:featuredmedia":[{"embeddable":true,"href":"https:\/\/pizbube.ch\/en\/wp-json\/wp\/v2\/media\/166570"}],"wp:attachment":[{"href":"https:\/\/pizbube.ch\/en\/wp-json\/wp\/v2\/media?parent=153605"}],"wp:term":[{"taxonomy":"product_brand","embeddable":true,"href":"https:\/\/pizbube.ch\/en\/wp-json\/wp\/v2\/product_brand?post=153605"},{"taxonomy":"product_cat","embeddable":true,"href":"https:\/\/pizbube.ch\/en\/wp-json\/wp\/v2\/product_cat?post=153605"},{"taxonomy":"product_tag","embeddable":true,"href":"https:\/\/pizbube.ch\/en\/wp-json\/wp\/v2\/product_tag?post=153605"}],"curies":[{"name":"wp","href":"https:\/\/api.w.org\/{rel}","templated":true}]}}