{"id":153607,"date":"2021-01-15T12:38:37","date_gmt":"2021-01-15T12:38:37","guid":{"rendered":"https:\/\/codengine3.ch\/?product=import-placeholder-for-202715"},"modified":"2021-01-15T12:38:41","modified_gmt":"2021-01-15T12:38:41","slug":"wilderness-experience","status":"publish","type":"product","link":"https:\/\/pizbube.ch\/en\/shop\/wilderness-experience\/","title":{"rendered":"Wilderness Experience"},"content":{"rendered":"<p>Motivation ohne Befehl und Gehorsam. Viele Manager &#8211; der \u00fcblichen Seminare<br \/>\n\u00fcberdr\u00fcssig &#8211; suchen nach Alternativen, um neue Impulse in Sachen F\u00fchrung zu<br \/>\nerhalten. Dabei ist die Natur die ideale Lehrmeisterin: Im Wald, im Gebirge,<br \/>\nam Wasser werden Wilderness-Experience-Projekte zum Motor der Ver\u00e4nderung.<br \/>\nGef\u00f6rdert werden Entscheidungsfindung, Probleml\u00f6sung und zielgerichtete<br \/>\nKommunikation sowie der Wille und die positive Einstellung als Voraussetzung<br \/>\nf\u00fcr eine au\u00dferordentliche Leistung.  <\/p>","protected":false},"excerpt":{"rendered":"<p>Motivation ohne Befehl und Gehorsam. Viele Manager &#8211; der \u00fcblichen Seminare \u00fcberdr\u00fcssig &#8211; suchen nach Alternativen, um neue Impulse in Sachen F\u00fchrung zu erhalten. Dabei ist die Natur die ideale Lehrmeisterin: Im Wald, im Gebirge, am Wasser werden Wilderness-Experience-Projekte zum Motor der Ver\u00e4nderung. Gef\u00f6rdert werden Entscheidungsfindung, Probleml\u00f6sung und zielgerichtete Kommunikation sowie der Wille und die [&#8230;]\n","protected":false},"featured_media":30153,"template":"","meta":[],"product_brand":[],"product_cat":[21542],"product_tag":[],"class_list":{"0":"post-153607","1":"product","2":"type-product","3":"status-publish","4":"has-post-thumbnail","6":"product_cat-sachbuecher-dokumentationen","7":"pa_autor-henschel","8":"pa_autor-welpe","9":"pa_erscheinungsjahr-22144","10":"pa_region-orientierung-wetter-ausbildung","11":"pa_sprache-de","13":"first","14":"instock","15":"taxable","16":"shipping-taxable","17":"purchasable","18":"product-type-simple"},"_links":{"self":[{"href":"https:\/\/pizbube.ch\/en\/wp-json\/wp\/v2\/product\/153607","targetHints":{"allow":["GET"]}}],"collection":[{"href":"https:\/\/pizbube.ch\/en\/wp-json\/wp\/v2\/product"}],"about":[{"href":"https:\/\/pizbube.ch\/en\/wp-json\/wp\/v2\/types\/product"}],"wp:featuredmedia":[{"embeddable":true,"href":"https:\/\/pizbube.ch\/en\/wp-json\/wp\/v2\/media\/30153"}],"wp:attachment":[{"href":"https:\/\/pizbube.ch\/en\/wp-json\/wp\/v2\/media?parent=153607"}],"wp:term":[{"taxonomy":"product_brand","embeddable":true,"href":"https:\/\/pizbube.ch\/en\/wp-json\/wp\/v2\/product_brand?post=153607"},{"taxonomy":"product_cat","embeddable":true,"href":"https:\/\/pizbube.ch\/en\/wp-json\/wp\/v2\/product_cat?post=153607"},{"taxonomy":"product_tag","embeddable":true,"href":"https:\/\/pizbube.ch\/en\/wp-json\/wp\/v2\/product_tag?post=153607"}],"curies":[{"name":"wp","href":"https:\/\/api.w.org\/{rel}","templated":true}]}}