{"id":153614,"date":"2021-01-15T12:38:44","date_gmt":"2021-01-15T12:38:44","guid":{"rendered":"https:\/\/codengine3.ch\/?product=import-placeholder-for-203213"},"modified":"2021-01-15T12:55:07","modified_gmt":"2021-01-15T12:55:07","slug":"ice-up-dvd","status":"publish","type":"product","link":"https:\/\/pizbube.ch\/en\/shop\/ice-up-dvd\/","title":{"rendered":"ice UP (DVD)"},"content":{"rendered":"<p>Pendant 80 minutes, Le spectateur voyage au coeur de cet univers glac\u00e9. Un<br \/>\nvoyage qui l&#8217;emm\u00e8ne vers les plus beaux sites et les plus belles lumi\u00e8res : en<br \/>\nFrance (Gorges de l&#8217;Arveyron, Sixt, Argenti\u00e8re), en Italie, en Suisse et en<br \/>\nNorv\u00e8ge. Autour de 7 grimpeurs de haut niveau repr\u00e9sentant toute la richesse<br \/>\nde l&#8217;activit\u00e9, ces images font d\u00e9couvrir diff\u00e9rentes approches et diff\u00e9rentes<br \/>\npratiques. Si la performance sportive est impressionnante, elle n&#8217;est l\u00e0 que<br \/>\npour souligner l&#8217;\u00e9clat des lignes, la chaleur des regards, les histoires de<br \/>\ncord\u00e9es. (DVD)<br \/>\nRather than emphasizing performance, this film about waterfall ice climbing<br \/>\nand dry-tooling aims to captivate the viewer through the beauty of the<br \/>\nsettings and the routes, and the enjoyment found in the activity. Featured<br \/>\nclimbers include Frenchmen Fran\u00e7ois Damilano, Daniel Dulac and St\u00e9phane<br \/>\nHussot, and Canadian Guy Lacelle.  <\/p>","protected":false},"excerpt":{"rendered":"<p>Pendant 80 minutes, Le spectateur voyage au coeur de cet univers glac\u00e9. Un voyage qui l&#8217;emm\u00e8ne vers les plus beaux sites et les plus belles lumi\u00e8res : en France (Gorges de l&#8217;Arveyron, Sixt, Argenti\u00e8re), en Italie, en Suisse et en Norv\u00e8ge. Autour de 7 grimpeurs de haut niveau repr\u00e9sentant toute la richesse de l&#8217;activit\u00e9, ces [&#8230;]\n","protected":false},"featured_media":30765,"template":"","meta":[],"product_brand":[],"product_cat":[21628],"product_tag":[],"class_list":{"0":"post-153614","1":"product","2":"type-product","3":"status-publish","4":"has-post-thumbnail","6":"product_cat-video-dvd-multimedia","7":"pa_autor-delapierre","8":"pa_erscheinungsjahr-21763","9":"pa_region-frankreich","10":"pa_sprache-e","11":"pa_sprache-f","13":"first","14":"instock","15":"taxable","16":"shipping-taxable","17":"purchasable","18":"product-type-simple"},"_links":{"self":[{"href":"https:\/\/pizbube.ch\/en\/wp-json\/wp\/v2\/product\/153614","targetHints":{"allow":["GET"]}}],"collection":[{"href":"https:\/\/pizbube.ch\/en\/wp-json\/wp\/v2\/product"}],"about":[{"href":"https:\/\/pizbube.ch\/en\/wp-json\/wp\/v2\/types\/product"}],"wp:featuredmedia":[{"embeddable":true,"href":"https:\/\/pizbube.ch\/en\/wp-json\/wp\/v2\/media\/30765"}],"wp:attachment":[{"href":"https:\/\/pizbube.ch\/en\/wp-json\/wp\/v2\/media?parent=153614"}],"wp:term":[{"taxonomy":"product_brand","embeddable":true,"href":"https:\/\/pizbube.ch\/en\/wp-json\/wp\/v2\/product_brand?post=153614"},{"taxonomy":"product_cat","embeddable":true,"href":"https:\/\/pizbube.ch\/en\/wp-json\/wp\/v2\/product_cat?post=153614"},{"taxonomy":"product_tag","embeddable":true,"href":"https:\/\/pizbube.ch\/en\/wp-json\/wp\/v2\/product_tag?post=153614"}],"curies":[{"name":"wp","href":"https:\/\/api.w.org\/{rel}","templated":true}]}}