{"id":153617,"date":"2021-01-15T12:38:45","date_gmt":"2021-01-15T12:38:45","guid":{"rendered":"https:\/\/codengine3.ch\/?product=import-placeholder-for-202732"},"modified":"2021-01-15T12:38:50","modified_gmt":"2021-01-15T12:38:50","slug":"eishoelle-am-everest","status":"publish","type":"product","link":"https:\/\/pizbube.ch\/en\/shop\/eishoelle-am-everest\/","title":{"rendered":"Eish\u00f6lle am Everest"},"content":{"rendered":"<p>Bei m\u00f6rderischen St\u00fcrmen versucht eine englische Expedition den Mount Everest<br \/>\nzu bezwingen. Dies nicht nur im Winter sondern zudem \u00fcber die h\u00e4rteste Route,<br \/>\nden Westgrat &#8211; physisch wie psychisch ein H\u00f6llentrip. Joe Tasker verungl\u00fcckte<br \/>\nbei einem sp\u00e4teren Everest-Versuch t\u00f6dlich.  <\/p>","protected":false},"excerpt":{"rendered":"<p>Bei m\u00f6rderischen St\u00fcrmen versucht eine englische Expedition den Mount Everest zu bezwingen. Dies nicht nur im Winter sondern zudem \u00fcber die h\u00e4rteste Route, den Westgrat &#8211; physisch wie psychisch ein H\u00f6llentrip. Joe Tasker verungl\u00fcckte bei einem sp\u00e4teren Everest-Versuch t\u00f6dlich.<\/p>","protected":false},"featured_media":30170,"template":"","meta":[],"product_brand":[],"product_cat":[21542],"product_tag":[],"class_list":{"0":"post-153617","1":"product","2":"type-product","3":"status-publish","4":"has-post-thumbnail","6":"product_cat-sachbuecher-dokumentationen","7":"pa_autor-tasker","8":"pa_erscheinungsjahr-22242","9":"pa_region-asien","10":"pa_sprache-de","12":"first","13":"outofstock","14":"taxable","15":"shipping-taxable","16":"purchasable","17":"product-type-simple"},"_links":{"self":[{"href":"https:\/\/pizbube.ch\/en\/wp-json\/wp\/v2\/product\/153617","targetHints":{"allow":["GET"]}}],"collection":[{"href":"https:\/\/pizbube.ch\/en\/wp-json\/wp\/v2\/product"}],"about":[{"href":"https:\/\/pizbube.ch\/en\/wp-json\/wp\/v2\/types\/product"}],"wp:featuredmedia":[{"embeddable":true,"href":"https:\/\/pizbube.ch\/en\/wp-json\/wp\/v2\/media\/30170"}],"wp:attachment":[{"href":"https:\/\/pizbube.ch\/en\/wp-json\/wp\/v2\/media?parent=153617"}],"wp:term":[{"taxonomy":"product_brand","embeddable":true,"href":"https:\/\/pizbube.ch\/en\/wp-json\/wp\/v2\/product_brand?post=153617"},{"taxonomy":"product_cat","embeddable":true,"href":"https:\/\/pizbube.ch\/en\/wp-json\/wp\/v2\/product_cat?post=153617"},{"taxonomy":"product_tag","embeddable":true,"href":"https:\/\/pizbube.ch\/en\/wp-json\/wp\/v2\/product_tag?post=153617"}],"curies":[{"name":"wp","href":"https:\/\/api.w.org\/{rel}","templated":true}]}}