{"id":153623,"date":"2021-01-15T12:38:50","date_gmt":"2021-01-15T12:38:50","guid":{"rendered":"https:\/\/codengine3.ch\/?product=import-placeholder-for-202734"},"modified":"2021-01-15T12:38:54","modified_gmt":"2021-01-15T12:38:54","slug":"le-grand-voyage-alpin","status":"publish","type":"product","link":"https:\/\/pizbube.ch\/en\/shop\/le-grand-voyage-alpin\/","title":{"rendered":"Le grand voyage alpin"},"content":{"rendered":"<p>167 jours de vie au diapason de la montagne et cette sentence tr\u00e8s simple &#8218;On<br \/>\nfait ces choses parce qu&#8217;on les aime &#8218;. De la fin ao\u00fbt 2000 \u00e0 f\u00e9vrier 2001,<br \/>\nPatrick Berhault a travers\u00e9 \u00e0 pied, puis \u00e0 skis avec l&#8217;arriv\u00e9e de l&#8217;hiver,<br \/>\ntoute la cha\u00eene des Alpes, de la Slov\u00e9nie jusqu&#8217;\u00e0 la M\u00e9diterran\u00e9e, en<br \/>\ngravissant &#8218;au passage&#8216; 22 grandes parois dont les ascensions ont marqu\u00e9<br \/>\nl&#8217;histoire de l&#8217;alpinisme. Des milliers d&#8217;images ont \u00e9t\u00e9 r\u00e9alis\u00e9es tout au<br \/>\nlong de cette aventure. Des photos exceptionnelles, le plus souvent prises par<br \/>\nPatrick ou ses amis en paroi et dans des conditions que les photographes<br \/>\nfuient habituellement. Elles expriment toute la beaut\u00e9 de la montagne et la<br \/>\nqualit\u00e9 d&#8217;un \u00eatre qui fait corps avec elle.  <\/p>","protected":false},"excerpt":{"rendered":"<p>167 jours de vie au diapason de la montagne et cette sentence tr\u00e8s simple &#8218;On fait ces choses parce qu&#8217;on les aime &#8218;. De la fin ao\u00fbt 2000 \u00e0 f\u00e9vrier 2001, Patrick Berhault a travers\u00e9 \u00e0 pied, puis \u00e0 skis avec l&#8217;arriv\u00e9e de l&#8217;hiver, toute la cha\u00eene des Alpes, de la Slov\u00e9nie jusqu&#8217;\u00e0 la M\u00e9diterran\u00e9e, [&#8230;]\n","protected":false},"featured_media":30175,"template":"","meta":[],"product_brand":[],"product_cat":[21542],"product_tag":[],"class_list":{"0":"post-153623","1":"product","2":"type-product","3":"status-publish","4":"has-post-thumbnail","6":"product_cat-sachbuecher-dokumentationen","7":"pa_autor-berhault","8":"pa_erscheinungsjahr-22242","9":"pa_region-frankreich","10":"pa_sprache-fr","12":"first","13":"instock","14":"taxable","15":"shipping-taxable","16":"purchasable","17":"product-type-simple"},"_links":{"self":[{"href":"https:\/\/pizbube.ch\/en\/wp-json\/wp\/v2\/product\/153623","targetHints":{"allow":["GET"]}}],"collection":[{"href":"https:\/\/pizbube.ch\/en\/wp-json\/wp\/v2\/product"}],"about":[{"href":"https:\/\/pizbube.ch\/en\/wp-json\/wp\/v2\/types\/product"}],"wp:featuredmedia":[{"embeddable":true,"href":"https:\/\/pizbube.ch\/en\/wp-json\/wp\/v2\/media\/30175"}],"wp:attachment":[{"href":"https:\/\/pizbube.ch\/en\/wp-json\/wp\/v2\/media?parent=153623"}],"wp:term":[{"taxonomy":"product_brand","embeddable":true,"href":"https:\/\/pizbube.ch\/en\/wp-json\/wp\/v2\/product_brand?post=153623"},{"taxonomy":"product_cat","embeddable":true,"href":"https:\/\/pizbube.ch\/en\/wp-json\/wp\/v2\/product_cat?post=153623"},{"taxonomy":"product_tag","embeddable":true,"href":"https:\/\/pizbube.ch\/en\/wp-json\/wp\/v2\/product_tag?post=153623"}],"curies":[{"name":"wp","href":"https:\/\/api.w.org\/{rel}","templated":true}]}}