{"id":153625,"date":"2021-01-15T12:38:50","date_gmt":"2021-01-15T12:38:50","guid":{"rendered":"https:\/\/codengine3.ch\/?product=import-placeholder-for-204336"},"modified":"2021-01-15T14:32:06","modified_gmt":"2021-01-15T14:32:06","slug":"patrick-gabarrou-pelerin-des-cimes-dvd","status":"publish","type":"product","link":"https:\/\/pizbube.ch\/en\/shop\/patrick-gabarrou-pelerin-des-cimes-dvd\/","title":{"rendered":"Patrick Gabarrou p\u00e8lerin des cimes DVD"},"content":{"rendered":"<p>Guide de haute montagne et alpiniste de renom, Patrick Gabarrou a r\u00e9alis\u00e9 plus<br \/>\nde 300 &#8218;premi\u00e8res&#8216; dans les Alpes, les Andes, l&#8217;Himalaya&#8230;<br \/>\nMais la montagne n&#8217;est pas simplement pour lui un lieu de l&#8217;effort et de<br \/>\nl&#8217;exploit. Elle est aussi un espace privil\u00e9gi\u00e9 de partage, d&#8217;\u00e9merveillement,<br \/>\nde s\u00e9r\u00e9nit\u00e9. Conscient du don qui lui a t\u00e9t\u00e9 fait de vivre au coeur du monde<br \/>\nde l&#8217;altitude, il s&#8217;efforce d&#8217;en d\u00e9fendre la beaut\u00e9 et la sauverie et de le<br \/>\npartager avec des personnes handicap\u00e9es et d\u00e9favoris\u00e9es.<br \/>\nLa dimension chr\u00e9tienne de sa vie prend en ces lieux un relief particulier<br \/>\ndont il t\u00e9moigne ici avec simplicit\u00e9 et humilit\u00e9. DVD, 52 min.<\/p>","protected":false},"excerpt":{"rendered":"<p>Guide de haute montagne et alpiniste de renom, Patrick Gabarrou a r\u00e9alis\u00e9 plus de 300 &#8218;premi\u00e8res&#8216; dans les Alpes, les Andes, l&#8217;Himalaya&#8230; Mais la montagne n&#8217;est pas simplement pour lui un lieu de l&#8217;effort et de l&#8217;exploit. Elle est aussi un espace privil\u00e9gi\u00e9 de partage, d&#8217;\u00e9merveillement, de s\u00e9r\u00e9nit\u00e9. Conscient du don qui lui a t\u00e9t\u00e9 [&#8230;]\n","protected":false},"featured_media":32172,"template":"","meta":[],"product_brand":[],"product_cat":[21628],"product_tag":[],"class_list":{"0":"post-153625","1":"product","2":"type-product","3":"status-publish","4":"has-post-thumbnail","6":"product_cat-video-dvd-multimedia","7":"pa_autor-maze","8":"pa_erscheinungsjahr-21763","9":"pa_region-frankreich","10":"pa_sprache-fr","12":"first","13":"instock","14":"taxable","15":"shipping-taxable","16":"purchasable","17":"product-type-simple"},"_links":{"self":[{"href":"https:\/\/pizbube.ch\/en\/wp-json\/wp\/v2\/product\/153625","targetHints":{"allow":["GET"]}}],"collection":[{"href":"https:\/\/pizbube.ch\/en\/wp-json\/wp\/v2\/product"}],"about":[{"href":"https:\/\/pizbube.ch\/en\/wp-json\/wp\/v2\/types\/product"}],"wp:featuredmedia":[{"embeddable":true,"href":"https:\/\/pizbube.ch\/en\/wp-json\/wp\/v2\/media\/32172"}],"wp:attachment":[{"href":"https:\/\/pizbube.ch\/en\/wp-json\/wp\/v2\/media?parent=153625"}],"wp:term":[{"taxonomy":"product_brand","embeddable":true,"href":"https:\/\/pizbube.ch\/en\/wp-json\/wp\/v2\/product_brand?post=153625"},{"taxonomy":"product_cat","embeddable":true,"href":"https:\/\/pizbube.ch\/en\/wp-json\/wp\/v2\/product_cat?post=153625"},{"taxonomy":"product_tag","embeddable":true,"href":"https:\/\/pizbube.ch\/en\/wp-json\/wp\/v2\/product_tag?post=153625"}],"curies":[{"name":"wp","href":"https:\/\/api.w.org\/{rel}","templated":true}]}}