{"id":153626,"date":"2021-01-15T12:38:51","date_gmt":"2021-01-15T12:38:51","guid":{"rendered":"https:\/\/codengine3.ch\/?product=import-placeholder-for-205442"},"modified":"2022-05-10T10:41:21","modified_gmt":"2022-05-10T08:41:21","slug":"berhault","status":"publish","type":"product","link":"https:\/\/pizbube.ch\/en\/shop\/berhault\/","title":{"rendered":"Berhault"},"content":{"rendered":"<p>Berhault est un prodige, un alpiniste hors-norme.<br \/>\nMichel Bricola et Dominique Potard retracent son parcours.<\/p>\n<p>&#8218;Une \u00e9toile est n\u00e9e&#8216;, titre le tout jeune magazine Alpinisme et Randonn\u00e9e dans<br \/>\nson num\u00e9ro de septembre 1979. Suit la liste improbable des courses r\u00e9alis\u00e9es<br \/>\npar Patrick Berhault durant sa saison d&#8217;\u00e9t\u00e9. De quoi remplir une vie<br \/>\nd&#8217;alpiniste de haut niveau. Toutes ces solitaires, pr\u00e9cise l&#8217;article, pour<br \/>\nmieux enfoncer le clou, Berhault les a faites sans sac : corde en bandouli\u00e8re,<br \/>\nquelques pitons \u00e0 la taille, un bout de chocolat dans la poche, les E.B.<br \/>\nautour du cou.<\/p>","protected":false},"excerpt":{"rendered":"<p>Berhault est un prodige, un alpiniste hors-norme. Michel Bricola et Dominique Potard retracent son parcours. &#8218;Une \u00e9toile est n\u00e9e&#8216;, titre le tout jeune magazine Alpinisme et Randonn\u00e9e dans son num\u00e9ro de septembre 1979. Suit la liste improbable des courses r\u00e9alis\u00e9es par Patrick Berhault durant sa saison d&#8217;\u00e9t\u00e9. De quoi remplir une vie d&#8217;alpiniste de haut [&#8230;]\n","protected":false},"featured_media":34151,"template":"","meta":[],"product_brand":[],"product_cat":[21542],"product_tag":[],"class_list":{"0":"post-153626","1":"product","2":"type-product","3":"status-publish","4":"has-post-thumbnail","6":"product_cat-sachbuecher-dokumentationen","7":"pa_autor-bricola-potard","8":"pa_erscheinungsjahr-21591","9":"pa_region-frankreich","10":"pa_sprache-fr","12":"first","13":"onbackorder","14":"taxable","15":"shipping-taxable","16":"purchasable","17":"product-type-simple"},"_links":{"self":[{"href":"https:\/\/pizbube.ch\/en\/wp-json\/wp\/v2\/product\/153626","targetHints":{"allow":["GET"]}}],"collection":[{"href":"https:\/\/pizbube.ch\/en\/wp-json\/wp\/v2\/product"}],"about":[{"href":"https:\/\/pizbube.ch\/en\/wp-json\/wp\/v2\/types\/product"}],"wp:featuredmedia":[{"embeddable":true,"href":"https:\/\/pizbube.ch\/en\/wp-json\/wp\/v2\/media\/34151"}],"wp:attachment":[{"href":"https:\/\/pizbube.ch\/en\/wp-json\/wp\/v2\/media?parent=153626"}],"wp:term":[{"taxonomy":"product_brand","embeddable":true,"href":"https:\/\/pizbube.ch\/en\/wp-json\/wp\/v2\/product_brand?post=153626"},{"taxonomy":"product_cat","embeddable":true,"href":"https:\/\/pizbube.ch\/en\/wp-json\/wp\/v2\/product_cat?post=153626"},{"taxonomy":"product_tag","embeddable":true,"href":"https:\/\/pizbube.ch\/en\/wp-json\/wp\/v2\/product_tag?post=153626"}],"curies":[{"name":"wp","href":"https:\/\/api.w.org\/{rel}","templated":true}]}}