{"id":153627,"date":"2021-01-15T12:38:51","date_gmt":"2021-01-15T12:38:51","guid":{"rendered":"https:\/\/codengine3.ch\/?product=import-placeholder-for-205914"},"modified":"2023-01-14T09:27:35","modified_gmt":"2023-01-14T08:27:35","slug":"patrick-berhault-les-bobines-dun-grimpeur-etoile-dvd","status":"publish","type":"product","link":"https:\/\/pizbube.ch\/en\/shop\/patrick-berhault-les-bobines-dun-grimpeur-etoile-dvd\/","title":{"rendered":"PATRICK BERHAULT Les bobines d&#8217;un grimpeur \u00e9toile DVD"},"content":{"rendered":"<p>Durant plus de vingt ann\u00e9es, de 1979 \u00e0 2000, le grimpeur Patrick BERHAULT et<br \/>\nle r\u00e9alisateur Laurent CHEVALLIER ont r\u00e9alis\u00e9 plusieurs films de grimpe qui<br \/>\nfurent largement r\u00e9compens\u00e9s dans les festivals internationaux de films<br \/>\nd&#8217;aventure.<br \/>\nCes films, originaux pour leur \u00e9poque, semblent n&#8217;avoir pris aucune ride<br \/>\naujourd&#8217;hui.<br \/>\nOn y d\u00e9couvre un Patrick alpiniste mais aussi grimpeur, danseur, acrobate,<br \/>\ncom\u00e9dien m\u00eame,<br \/>\nfilm\u00e9 sous le regard complice de la cam\u00e9ra de Laurent.<br \/>\nDans les ann\u00e9es 80, Patrick survolait de son aisance le monde de l&#8217;escalade<br \/>\ntout en y m\u00ealant une modestie l\u00e9gendaire.<\/p>\n<p>Pas besoin donc d&#8217;accentuer le trait, pas de commentaires \u00e0 sensation, pour<br \/>\nraconter ses ascensions- Patrick \u00e9tait un homme simple et naturel, dans la vie<br \/>\ncomme au cin\u00e9ma!<br \/>\nDe &#8218;Voie express&#8216; \u00e0 &#8218;D\u00e9vers&#8216;, de &#8218;Paroi en coulisse&#8216; \u00e0 &#8218;Grimpeur \u00e9toile&#8216;, les<br \/>\nspectateurs vont pouvoir (re)d\u00e9couvrir ces films tourn\u00e9s sur pellicule, \u00e0 la<br \/>\nfois dr\u00f4les et<br \/>\nspectaculaires, r\u00e9alis\u00e9s non pas &#8217;sur&#8216; Patrick mais &#8218;avec&#8216; lui.<br \/>\nAvec cette \u00e9dition en dvd, ces histoires verticales ( voire horizontales!)<br \/>\nretrouvent \u00e0 pr\u00e9sent une deuxi\u00e8me vie.<br \/>\nChacune, \u00e0 sa fa\u00e7on, contribue \u00e0 faire revivre ces ann\u00e9es magiques o\u00f9 la<br \/>\ngrimpe se voulait un art de vivre, voire un art \u00e0 part enti\u00e8re.<br \/>\nC&#8217;\u00e9tait juste avant l&#8217;arriv\u00e9e de l&#8217;esprit de comp\u00e9tition&#8230;<\/p>\n<p>DVD1 :<br \/>\nVoie Express 1979<br \/>\nNanga Parbat 1980<br \/>\nDevers 1981<br \/>\nDVD 2 :<br \/>\nParoi en coulisse 1984<br \/>\nGrimpeur \u00e9toile 1989<br \/>\nGrimpeur sur toile 1989<\/p>","protected":false},"excerpt":{"rendered":"<p>Durant plus de vingt ann\u00e9es, de 1979 \u00e0 2000, le grimpeur Patrick BERHAULT et le r\u00e9alisateur Laurent CHEVALLIER ont r\u00e9alis\u00e9 plusieurs films de grimpe qui furent largement r\u00e9compens\u00e9s dans les festivals internationaux de films d&#8217;aventure. Ces films, originaux pour leur \u00e9poque, semblent n&#8217;avoir pris aucune ride aujourd&#8217;hui. On y d\u00e9couvre un Patrick alpiniste mais aussi [&#8230;]\n","protected":false},"featured_media":34769,"template":"","meta":[],"product_brand":[],"product_cat":[21628],"product_tag":[],"class_list":{"0":"post-153627","1":"product","2":"type-product","3":"status-publish","4":"has-post-thumbnail","6":"product_cat-video-dvd-multimedia","7":"pa_autor-chevallier","8":"pa_erscheinungsjahr-21693","9":"pa_region-frankreich","10":"pa_sprache-fr","12":"first","13":"outofstock","14":"taxable","15":"shipping-taxable","16":"purchasable","17":"product-type-simple"},"_links":{"self":[{"href":"https:\/\/pizbube.ch\/en\/wp-json\/wp\/v2\/product\/153627","targetHints":{"allow":["GET"]}}],"collection":[{"href":"https:\/\/pizbube.ch\/en\/wp-json\/wp\/v2\/product"}],"about":[{"href":"https:\/\/pizbube.ch\/en\/wp-json\/wp\/v2\/types\/product"}],"wp:featuredmedia":[{"embeddable":true,"href":"https:\/\/pizbube.ch\/en\/wp-json\/wp\/v2\/media\/34769"}],"wp:attachment":[{"href":"https:\/\/pizbube.ch\/en\/wp-json\/wp\/v2\/media?parent=153627"}],"wp:term":[{"taxonomy":"product_brand","embeddable":true,"href":"https:\/\/pizbube.ch\/en\/wp-json\/wp\/v2\/product_brand?post=153627"},{"taxonomy":"product_cat","embeddable":true,"href":"https:\/\/pizbube.ch\/en\/wp-json\/wp\/v2\/product_cat?post=153627"},{"taxonomy":"product_tag","embeddable":true,"href":"https:\/\/pizbube.ch\/en\/wp-json\/wp\/v2\/product_tag?post=153627"}],"curies":[{"name":"wp","href":"https:\/\/api.w.org\/{rel}","templated":true}]}}