{"id":153628,"date":"2021-01-15T12:38:51","date_gmt":"2021-01-15T12:38:51","guid":{"rendered":"https:\/\/codengine3.ch\/?product=import-placeholder-for-205348"},"modified":"2021-01-15T14:40:33","modified_gmt":"2021-01-15T14:40:33","slug":"patrick-berhault-un-homme-des-cimes","status":"publish","type":"product","link":"https:\/\/pizbube.ch\/en\/shop\/patrick-berhault-un-homme-des-cimes\/","title":{"rendered":"Patrick Berhault: un homme des cimes"},"content":{"rendered":"<p>Voici un portrait de Patrick Berhault, ic\u00f4ne de la montagne, alpiniste aux<br \/>\nr\u00e9alisations impressionnantes et star malgr\u00e9 lui. Un portrait, plut\u00f4t qu&#8217;une<br \/>\nbiographie r\u00e9v\u00e9rencieuse, parce que Jean-Michel Asselin, alpiniste lui-m\u00eame,<br \/>\njournaliste et \u00e9crivain, \u00e9voque \u00e0 sa mani\u00e8re toute subjective la vie de celui<br \/>\nqui fut un ami, un compagnon d&#8217;exp\u00e9dition et un complice professionnel.  <\/p>\n<p>Il t\u00e9moigne des aventures partag\u00e9es et des id\u00e9es \u00e9chang\u00e9es pendant pr\u00e8s de<br \/>\ntrente ans, comme de l&#8217;immense \u00e9motion provoqu\u00e9e par la disparition de Patrick<br \/>\nen 2004.  <\/p>","protected":false},"excerpt":{"rendered":"<p>Voici un portrait de Patrick Berhault, ic\u00f4ne de la montagne, alpiniste aux r\u00e9alisations impressionnantes et star malgr\u00e9 lui. Un portrait, plut\u00f4t qu&#8217;une biographie r\u00e9v\u00e9rencieuse, parce que Jean-Michel Asselin, alpiniste lui-m\u00eame, journaliste et \u00e9crivain, \u00e9voque \u00e0 sa mani\u00e8re toute subjective la vie de celui qui fut un ami, un compagnon d&#8217;exp\u00e9dition et un complice professionnel. Il [&#8230;]\n","protected":false},"featured_media":34023,"template":"","meta":[],"product_brand":[],"product_cat":[21542],"product_tag":[],"class_list":{"0":"post-153628","1":"product","2":"type-product","3":"status-publish","4":"has-post-thumbnail","6":"product_cat-sachbuecher-dokumentationen","7":"pa_autor-asselin","8":"pa_erscheinungsjahr-21591","9":"pa_region-frankreich","10":"pa_sprache-fr","12":"first","13":"instock","14":"taxable","15":"shipping-taxable","16":"purchasable","17":"product-type-simple"},"_links":{"self":[{"href":"https:\/\/pizbube.ch\/en\/wp-json\/wp\/v2\/product\/153628","targetHints":{"allow":["GET"]}}],"collection":[{"href":"https:\/\/pizbube.ch\/en\/wp-json\/wp\/v2\/product"}],"about":[{"href":"https:\/\/pizbube.ch\/en\/wp-json\/wp\/v2\/types\/product"}],"wp:featuredmedia":[{"embeddable":true,"href":"https:\/\/pizbube.ch\/en\/wp-json\/wp\/v2\/media\/34023"}],"wp:attachment":[{"href":"https:\/\/pizbube.ch\/en\/wp-json\/wp\/v2\/media?parent=153628"}],"wp:term":[{"taxonomy":"product_brand","embeddable":true,"href":"https:\/\/pizbube.ch\/en\/wp-json\/wp\/v2\/product_brand?post=153628"},{"taxonomy":"product_cat","embeddable":true,"href":"https:\/\/pizbube.ch\/en\/wp-json\/wp\/v2\/product_cat?post=153628"},{"taxonomy":"product_tag","embeddable":true,"href":"https:\/\/pizbube.ch\/en\/wp-json\/wp\/v2\/product_tag?post=153628"}],"curies":[{"name":"wp","href":"https:\/\/api.w.org\/{rel}","templated":true}]}}