{"id":153629,"date":"2021-01-15T12:38:51","date_gmt":"2021-01-15T12:38:51","guid":{"rendered":"https:\/\/codengine3.ch\/?product=import-placeholder-for-205139"},"modified":"2021-01-15T14:39:00","modified_gmt":"2021-01-15T14:39:00","slug":"carte-de-randonnees-a3-vanoise-1-50-000","status":"publish","type":"product","link":"https:\/\/pizbube.ch\/en\/shop\/carte-de-randonnees-a3-vanoise-1-50-000\/","title":{"rendered":"Carte de randonn\u00e9es A3 &#8211; Vanoise 1: 50.000"},"content":{"rendered":"<p>Tarentaise, Maurienne, Parc National de la Vanoise  <\/p>\n<p>Cartographie r\u00e9alis\u00e9e sur la base des fonds topographiques de l`Institut<br \/>\nG\u00e9ographique National, avec surimpression des itin\u00e9raires de randonn\u00e9es et de<br \/>\npromenades \u00e0 pied, \u00e0 ski, \u00e0 VTT.<br \/>\nLocalisation des refuges gard\u00e9s, g\u00eetes d`\u00e9tape, Rando`Plume, campings, zones<br \/>\nde bivouac, indications d`ordre touristique (points de vues, sites), culturel<br \/>\n(mus\u00e9es, etc.), sportif (centres d`activit\u00e9s \u00e9questres, VTT, vol libre,<br \/>\nescalades, canyoning, rafting).  <\/p>","protected":false},"excerpt":{"rendered":"<p>Tarentaise, Maurienne, Parc National de la Vanoise Cartographie r\u00e9alis\u00e9e sur la base des fonds topographiques de l`Institut G\u00e9ographique National, avec surimpression des itin\u00e9raires de randonn\u00e9es et de promenades \u00e0 pied, \u00e0 ski, \u00e0 VTT. Localisation des refuges gard\u00e9s, g\u00eetes d`\u00e9tape, Rando`Plume, campings, zones de bivouac, indications d`ordre touristique (points de vues, sites), culturel (mus\u00e9es, etc.), [&#8230;]\n","protected":false},"featured_media":33759,"template":"","meta":[],"product_brand":[],"product_cat":[21543],"product_tag":[],"class_list":{"0":"post-153629","1":"product","2":"type-product","3":"status-publish","4":"has-post-thumbnail","6":"product_cat-landkarten","7":"pa_autor-rando","8":"pa_erscheinungsjahr-21920","9":"pa_region-frankreich","10":"pa_sprache-e","11":"pa_sprache-f","13":"first","14":"instock","15":"taxable","16":"shipping-taxable","17":"purchasable","18":"product-type-simple"},"_links":{"self":[{"href":"https:\/\/pizbube.ch\/en\/wp-json\/wp\/v2\/product\/153629","targetHints":{"allow":["GET"]}}],"collection":[{"href":"https:\/\/pizbube.ch\/en\/wp-json\/wp\/v2\/product"}],"about":[{"href":"https:\/\/pizbube.ch\/en\/wp-json\/wp\/v2\/types\/product"}],"wp:featuredmedia":[{"embeddable":true,"href":"https:\/\/pizbube.ch\/en\/wp-json\/wp\/v2\/media\/33759"}],"wp:attachment":[{"href":"https:\/\/pizbube.ch\/en\/wp-json\/wp\/v2\/media?parent=153629"}],"wp:term":[{"taxonomy":"product_brand","embeddable":true,"href":"https:\/\/pizbube.ch\/en\/wp-json\/wp\/v2\/product_brand?post=153629"},{"taxonomy":"product_cat","embeddable":true,"href":"https:\/\/pizbube.ch\/en\/wp-json\/wp\/v2\/product_cat?post=153629"},{"taxonomy":"product_tag","embeddable":true,"href":"https:\/\/pizbube.ch\/en\/wp-json\/wp\/v2\/product_tag?post=153629"}],"curies":[{"name":"wp","href":"https:\/\/api.w.org\/{rel}","templated":true}]}}