{"id":153633,"date":"2021-01-15T12:38:51","date_gmt":"2021-01-15T12:38:51","guid":{"rendered":"https:\/\/codengine3.ch\/?product=import-placeholder-for-206423"},"modified":"2026-04-01T12:10:25","modified_gmt":"2026-04-01T10:10:25","slug":"nevados-de-chillan-150000","status":"publish","type":"product","link":"https:\/\/pizbube.ch\/en\/shop\/nevados-de-chillan-150000\/","title":{"rendered":"Nevados de Chill\u00e1n 1:50&#8217;000"},"content":{"rendered":"<p>Reise- und Wanderkarte, Zentralchile &#8211; Region B\u00edo B\u00edo, 1:50.000<\/p>\n<p>Die erste Wanderkarte des Andengebietes rund um die Thermen von Chill\u00e1n. Mit<br \/>\neiner Liste touristischer Dienstleister, Fotos der sch\u00f6nsten Attraktionen und<br \/>\nZeichnungen der Tierwelt. Dreisprachige Informationen (Deutsch \u2013 Englisch \u2013<br \/>\nSpanisch).<br \/>\nKarte Format 70 x 74 cm: Georeferenzierte Darstellung (WGS-84) des Gebietes<br \/>\nzwischen Recinto im Westen und dem R\u00edo Aguila im Osten, dem Vulkan Nevado<br \/>\n(3212 m) im Norden und dem Cerro Las Mariposas im S\u00fcden. Beinhaltet<br \/>\nAttraktionen wie die Vulkankette Nevados de Chill\u00e1n, das Valle Aguas<br \/>\nCalientes, den Oberlauf des R\u00edo Diguill\u00edn, das Valle Hermoso und das<br \/>\nNaturschutzgebiet \u00d1uble. Mit Wanderrouten, Thermalb\u00e4dern, Bergh\u00fctten und<br \/>\nZeltstellen. Ma\u00dfstab 1:50.000<br \/>\nOrtsplan von Las Trancas, mit allen Unterk\u00fcnften und touristischen<br \/>\nDienstleistern.<\/p>","protected":false},"excerpt":{"rendered":"<p>Reise- und Wanderkarte, Zentralchile &#8211; Region B\u00edo B\u00edo, 1:50.000 Die erste Wanderkarte des Andengebietes rund um die Thermen von Chill\u00e1n. Mit einer Liste touristischer Dienstleister, Fotos der sch\u00f6nsten Attraktionen und Zeichnungen der Tierwelt. Dreisprachige Informationen (Deutsch \u2013 Englisch \u2013 Spanisch). Karte Format 70 x 74 cm: Georeferenzierte Darstellung (WGS-84) des Gebietes zwischen Recinto im Westen [&#8230;]\n","protected":false},"featured_media":35458,"template":"","meta":[],"product_brand":[],"product_cat":[21543],"product_tag":[],"class_list":{"0":"post-153633","1":"product","2":"type-product","3":"status-publish","4":"has-post-thumbnail","6":"product_cat-landkarten","7":"pa_autor-trekkingchile","8":"pa_erscheinungsjahr-21591","9":"pa_region-amerika-sued","10":"pa_sprache-d","11":"pa_sprache-e","12":"pa_sprache-sp","14":"first","15":"onbackorder","16":"taxable","17":"shipping-taxable","18":"purchasable","19":"product-type-simple"},"_links":{"self":[{"href":"https:\/\/pizbube.ch\/en\/wp-json\/wp\/v2\/product\/153633","targetHints":{"allow":["GET"]}}],"collection":[{"href":"https:\/\/pizbube.ch\/en\/wp-json\/wp\/v2\/product"}],"about":[{"href":"https:\/\/pizbube.ch\/en\/wp-json\/wp\/v2\/types\/product"}],"wp:featuredmedia":[{"embeddable":true,"href":"https:\/\/pizbube.ch\/en\/wp-json\/wp\/v2\/media\/35458"}],"wp:attachment":[{"href":"https:\/\/pizbube.ch\/en\/wp-json\/wp\/v2\/media?parent=153633"}],"wp:term":[{"taxonomy":"product_brand","embeddable":true,"href":"https:\/\/pizbube.ch\/en\/wp-json\/wp\/v2\/product_brand?post=153633"},{"taxonomy":"product_cat","embeddable":true,"href":"https:\/\/pizbube.ch\/en\/wp-json\/wp\/v2\/product_cat?post=153633"},{"taxonomy":"product_tag","embeddable":true,"href":"https:\/\/pizbube.ch\/en\/wp-json\/wp\/v2\/product_tag?post=153633"}],"curies":[{"name":"wp","href":"https:\/\/api.w.org\/{rel}","templated":true}]}}