{"id":153639,"date":"2021-01-15T12:38:52","date_gmt":"2021-01-15T12:38:52","guid":{"rendered":"https:\/\/codengine3.ch\/?product=import-placeholder-for-207559"},"modified":"2021-07-17T09:36:18","modified_gmt":"2021-07-17T07:36:18","slug":"venezuela-jungle-jam-dvd","status":"publish","type":"product","link":"https:\/\/pizbube.ch\/en\/shop\/venezuela-jungle-jam-dvd\/","title":{"rendered":"Venezuela Jungle Jam (DVD)"},"content":{"rendered":"<p>Voici le Film sur notre exp\u00e9dition au Venezuela en 2012. Venezuela Jungle Jam<br \/>\nretrace l&#8217;\u00e9pop\u00e9e de Nicolas Favresse, Sean Villanueva, St\u00e9phane Hanssens et<br \/>\nJean-Louis Wertz sur les tepuys, au milieu de la jungle amazonienne. Profitez<br \/>\naussi des bonus disponibles dan ce DVD. N&#8217;h\u00e9sitez pas \u00e0 voir nos autres films<br \/>\naussi.<\/p>\n<p>Deep in the Venezuelan Jungle, these four Belgian climber-musicians open a new<br \/>\nroute on the extremely difficult 500m overhanging wall of Amuri Tepui. Living<br \/>\non the wall for more than ten days they hope that their new musical<br \/>\ncompositions will raise them to new levels, as they search their way to the<br \/>\ntop of this demanding steep maze.<\/p>\n<p>French with<br \/>\nEnglish; Spanish; Dutch; Italian; Polish; German subtitles.<\/p>","protected":false},"excerpt":{"rendered":"<ul>\n<li><a href=\"https:\/\/vimeo.com\/51717325\" target=\"_blank\" rel=\"noopener\">Video: TEMPLATE PIZ Attachment &gt; Webvideo &gt; Youtube [KOPIE]<\/a><\/li>\n<\/ul>\n","protected":false},"featured_media":37806,"template":"","meta":[],"product_brand":[],"product_cat":[21628],"product_tag":[],"class_list":{"0":"post-153639","1":"product","2":"type-product","3":"status-publish","4":"has-post-thumbnail","6":"product_cat-video-dvd-multimedia","7":"pa_autor-wct-asbl","8":"pa_erscheinungsjahr-21550","9":"pa_region-amerika-sued","10":"pa_sprache-fr","12":"first","13":"onbackorder","14":"taxable","15":"shipping-taxable","16":"purchasable","17":"product-type-simple"},"_links":{"self":[{"href":"https:\/\/pizbube.ch\/en\/wp-json\/wp\/v2\/product\/153639","targetHints":{"allow":["GET"]}}],"collection":[{"href":"https:\/\/pizbube.ch\/en\/wp-json\/wp\/v2\/product"}],"about":[{"href":"https:\/\/pizbube.ch\/en\/wp-json\/wp\/v2\/types\/product"}],"wp:featuredmedia":[{"embeddable":true,"href":"https:\/\/pizbube.ch\/en\/wp-json\/wp\/v2\/media\/37806"}],"wp:attachment":[{"href":"https:\/\/pizbube.ch\/en\/wp-json\/wp\/v2\/media?parent=153639"}],"wp:term":[{"taxonomy":"product_brand","embeddable":true,"href":"https:\/\/pizbube.ch\/en\/wp-json\/wp\/v2\/product_brand?post=153639"},{"taxonomy":"product_cat","embeddable":true,"href":"https:\/\/pizbube.ch\/en\/wp-json\/wp\/v2\/product_cat?post=153639"},{"taxonomy":"product_tag","embeddable":true,"href":"https:\/\/pizbube.ch\/en\/wp-json\/wp\/v2\/product_tag?post=153639"}],"curies":[{"name":"wp","href":"https:\/\/api.w.org\/{rel}","templated":true}]}}