{"id":153640,"date":"2021-01-15T12:38:52","date_gmt":"2021-01-15T12:38:52","guid":{"rendered":"https:\/\/codengine3.ch\/?product=import-placeholder-for-207872"},"modified":"2024-08-27T09:35:01","modified_gmt":"2024-08-27T07:35:01","slug":"tagebuch-der-anden-frederic-und-dorly-marmillod","status":"publish","type":"product","link":"https:\/\/pizbube.ch\/en\/shop\/tagebuch-der-anden-frederic-und-dorly-marmillod\/","title":{"rendered":"Tagebuch der Anden &#8211; Fr\u00e9deric und Dorly Marmillod"},"content":{"rendered":"<p>Ein Ehepaar erobert die Anden \u2013 Fr\u00e9d\u00e9ric und Dorly Marmillod<\/p>\n<p>Im Juni 1938, als in Europa die Zeichen auf Krieg stehen, \u00fcberqueren Fr\u00e9d\u00e9ric<br \/>\nMarmillod und seine Frau Dorly den Atlantik Richtung Argentinien und Chile.<br \/>\nFr\u00e9d\u00e9ric Marmillod, Chemie-Ingenieur beim Pharmaunternehmen Sandoz und<br \/>\nunterwegs auf Gesch\u00e4ftsreisen in S\u00fcdamerika, beginnt, mit der Zustimmung von<br \/>\nSandoz, Expeditionen zu den h\u00f6chsten Gipfeln der Cordillera zu unternehmen \u2013<br \/>\nohne Bergf\u00fchrer und ohne moderne Expeditionslogistik.<\/p>\n<p>Seine Frau Dorly, eine erfahrene und starke Bergsteigerin, begleitet ihn auf<br \/>\nseinen Touren, besteigt oft als erste Frau grosse Gipfel der Anden: Pico<br \/>\nBol\u00edvar in Venezuela, Pico Crist\u00f3bal Col\u00f3n in Kolumbien, Cerro Santa Cruz in<br \/>\nPeru, Aconcagua in Argentinien, Nevado Juncal und Cerro Alto de los Leones in<br \/>\nChile. Dorly wird zu einer der wichtigsten Figuren in der Geschichte des<br \/>\nFrauenbergsteigens der 1940er und 1950er-Jahre. Nur war das bisher kaum<br \/>\nbekannt.<\/p>\n<p>Ihre gemeinsamen Expeditionen bestechen nicht nur durch die sportlichen<br \/>\nLeistungen. Vielmehr ist es auch der Stil und die Eleganz, aber auch die<br \/>\nUnabh\u00e4ngigkeit, die g\u00e4nzlich im Gegensatz zum \u00abKampfgeist\u00bb in den<br \/>\nAlpenvereinen jener Jahre stand.<\/p>\n<p>192 Seiten, 206 Abbildungen; Hardcover<\/p>","protected":false},"excerpt":{"rendered":"<p>Ein Ehepaar erobert die Anden \u2013 Fr\u00e9d\u00e9ric und Dorly Marmillod Im Juni 1938, als in Europa die Zeichen auf Krieg stehen, \u00fcberqueren Fr\u00e9d\u00e9ric Marmillod und seine Frau Dorly den Atlantik Richtung Argentinien und Chile. Fr\u00e9d\u00e9ric Marmillod, Chemie-Ingenieur beim Pharmaunternehmen Sandoz und unterwegs auf Gesch\u00e4ftsreisen in S\u00fcdamerika, beginnt, mit der Zustimmung von Sandoz, Expeditionen zu den [&#8230;]\n","protected":false},"featured_media":174595,"template":"","meta":[],"product_brand":[],"product_cat":[21542],"product_tag":[],"class_list":{"0":"post-153640","1":"product","2":"type-product","3":"status-publish","4":"has-post-thumbnail","6":"product_cat-sachbuecher-dokumentationen","7":"pa_autor-turrel","8":"pa_erscheinungsjahr-21571","9":"pa_region-amerika-sued","10":"pa_sprache-de","12":"first","13":"instock","14":"taxable","15":"shipping-taxable","16":"purchasable","17":"product-type-simple"},"_links":{"self":[{"href":"https:\/\/pizbube.ch\/en\/wp-json\/wp\/v2\/product\/153640","targetHints":{"allow":["GET"]}}],"collection":[{"href":"https:\/\/pizbube.ch\/en\/wp-json\/wp\/v2\/product"}],"about":[{"href":"https:\/\/pizbube.ch\/en\/wp-json\/wp\/v2\/types\/product"}],"wp:featuredmedia":[{"embeddable":true,"href":"https:\/\/pizbube.ch\/en\/wp-json\/wp\/v2\/media\/174595"}],"wp:attachment":[{"href":"https:\/\/pizbube.ch\/en\/wp-json\/wp\/v2\/media?parent=153640"}],"wp:term":[{"taxonomy":"product_brand","embeddable":true,"href":"https:\/\/pizbube.ch\/en\/wp-json\/wp\/v2\/product_brand?post=153640"},{"taxonomy":"product_cat","embeddable":true,"href":"https:\/\/pizbube.ch\/en\/wp-json\/wp\/v2\/product_cat?post=153640"},{"taxonomy":"product_tag","embeddable":true,"href":"https:\/\/pizbube.ch\/en\/wp-json\/wp\/v2\/product_tag?post=153640"}],"curies":[{"name":"wp","href":"https:\/\/api.w.org\/{rel}","templated":true}]}}