{"id":153643,"date":"2021-01-15T12:38:53","date_gmt":"2021-01-15T12:38:53","guid":{"rendered":"https:\/\/codengine3.ch\/?product=import-placeholder-for-204723"},"modified":"2025-08-08T12:17:05","modified_gmt":"2025-08-08T10:17:05","slug":"civetta-moiazza","status":"publish","type":"product","link":"https:\/\/pizbube.ch\/en\/shop\/civetta-moiazza\/","title":{"rendered":"CIVETTA MOIAZZA"},"content":{"rendered":"<p>Sentieri Vi\u00e0z Ferrate Vie Normali<\/p>\n<p>Il gruppo Civetta-Moiazza, fra i pi\u00f9 poderosi e articolati delle Dolomiti, \u00e8<br \/>\nuno dei pi\u00f9 interessanti per gli escursionisti e gli arrampicatori e anche per<br \/>\ngli studiosi di storia alpina. Gi\u00e0 nella seconda met\u00e0 dell\u2019Ottocento la<br \/>\nCivetta \u2013 il compatto nucleo principale del gruppo, che supera i 3000 metri \u2013<br \/>\nfu considerata meta fra le pi\u00f9 ambite da parte dei pionieri inglesi e<br \/>\ntedeschi. Nei primi anni del Novecento poi divenne culla e palestra del sesto<br \/>\ngrado e richiam\u00f2 i migliori alpinisti d\u2019ogni nazionalit\u00e0, attratti soprattutto<br \/>\ndalla sua celebre parete Nordovest, non a caso denominata \u201cparete delle<br \/>\npareti\u201d.<\/p>\n<p>Il sottogruppo della Moiazza non raggiunge, sia pure per pochi metri, i<br \/>\nfatidici 3000 e in esso manca un\u2019architettura altrettanto possente, \u00e8 per\u00f2 pi\u00f9<br \/>\narticolato e vario, ricco di emergenze geologiche e naturalistiche che<br \/>\nincoraggiano escursioni esplorative fin nei suoi recessi pi\u00f9 nascosti.<br \/>\nQuesta guida si occupa della ricchissima offerta escursionistica di quest\u2019area<br \/>\nmontana e in essa sono presentati e descritti gran parte degl\u2019itinerari<br \/>\npossibili, dalle passeggiate pi\u00f9 semplici alle traversate pi\u00f9 impegnative,<br \/>\nfino alle vie normali pi\u00f9 abbordabili e ai \u201cvi\u00e0z\u201d pi\u00f9 interessanti, con ci\u00f2<br \/>\ncontribuendo a colmare una lacuna che perdurava da decenni.<\/p>","protected":false},"excerpt":{"rendered":"<p>Sentieri Vi\u00e0z Ferrate Vie Normali Il gruppo Civetta-Moiazza, fra i pi\u00f9 poderosi e articolati delle Dolomiti, \u00e8 uno dei pi\u00f9 interessanti per gli escursionisti e gli arrampicatori e anche per gli studiosi di storia alpina. Gi\u00e0 nella seconda met\u00e0 dell\u2019Ottocento la Civetta \u2013 il compatto nucleo principale del gruppo, che supera i 3000 metri \u2013 [&#8230;]\n","protected":false},"featured_media":180800,"template":"","meta":[],"product_brand":[],"product_cat":[21544,21605],"product_tag":[],"class_list":{"0":"post-153643","1":"product","2":"type-product","3":"status-publish","4":"has-post-thumbnail","6":"product_cat-fuehrerliteratur-alpin-sommer","7":"product_cat-wanderfuehrer-trekking","8":"pa_autor-bonetti-lazzarin","9":"pa_erscheinungsjahr-21550","10":"pa_region-italien","11":"pa_sprache-de","13":"first","14":"instock","15":"taxable","16":"shipping-taxable","17":"purchasable","18":"product-type-simple"},"_links":{"self":[{"href":"https:\/\/pizbube.ch\/en\/wp-json\/wp\/v2\/product\/153643","targetHints":{"allow":["GET"]}}],"collection":[{"href":"https:\/\/pizbube.ch\/en\/wp-json\/wp\/v2\/product"}],"about":[{"href":"https:\/\/pizbube.ch\/en\/wp-json\/wp\/v2\/types\/product"}],"wp:featuredmedia":[{"embeddable":true,"href":"https:\/\/pizbube.ch\/en\/wp-json\/wp\/v2\/media\/180800"}],"wp:attachment":[{"href":"https:\/\/pizbube.ch\/en\/wp-json\/wp\/v2\/media?parent=153643"}],"wp:term":[{"taxonomy":"product_brand","embeddable":true,"href":"https:\/\/pizbube.ch\/en\/wp-json\/wp\/v2\/product_brand?post=153643"},{"taxonomy":"product_cat","embeddable":true,"href":"https:\/\/pizbube.ch\/en\/wp-json\/wp\/v2\/product_cat?post=153643"},{"taxonomy":"product_tag","embeddable":true,"href":"https:\/\/pizbube.ch\/en\/wp-json\/wp\/v2\/product_tag?post=153643"}],"curies":[{"name":"wp","href":"https:\/\/api.w.org\/{rel}","templated":true}]}}