{"id":153645,"date":"2021-01-15T12:38:59","date_gmt":"2021-01-15T12:38:59","guid":{"rendered":"https:\/\/codengine3.ch\/?product=import-placeholder-for-202754"},"modified":"2021-01-15T12:39:03","modified_gmt":"2021-01-15T12:39:03","slug":"himalaya-gipfel-der-goetter","status":"publish","type":"product","link":"https:\/\/pizbube.ch\/en\/shop\/himalaya-gipfel-der-goetter\/","title":{"rendered":"Himalaya Gipfel der G\u00f6tter"},"content":{"rendered":"<p>K\u00fcrschner berichtet von ihrer aufregenden Reise, die sie von Nepal \u00fcber Indien<br \/>\nnach Ladakh f\u00fchrte. Sie erz\u00e4hlt vom Annapurna-Trek, der Reise in den indischen<br \/>\nHimalaya, dem zuf\u00e4lligen Treffen mit dem Dalai Lama, dem Leben in einem<br \/>\nKloster, der Begleitung eines Tierarztes zu entlegenen D\u00f6rfern und Hochweiden<\/p>","protected":false},"excerpt":{"rendered":"<p>K\u00fcrschner berichtet von ihrer aufregenden Reise, die sie von Nepal \u00fcber Indien nach Ladakh f\u00fchrte. Sie erz\u00e4hlt vom Annapurna-Trek, der Reise in den indischen Himalaya, dem zuf\u00e4lligen Treffen mit dem Dalai Lama, dem Leben in einem Kloster, der Begleitung eines Tierarztes zu entlegenen D\u00f6rfern und Hochweiden<\/p>","protected":false},"featured_media":30198,"template":"","meta":[],"product_brand":[],"product_cat":[21542],"product_tag":[],"class_list":{"0":"post-153645","1":"product","2":"type-product","3":"status-publish","4":"has-post-thumbnail","6":"product_cat-sachbuecher-dokumentationen","7":"pa_autor-kuerschner","8":"pa_erscheinungsjahr-22144","9":"pa_region-asien","10":"pa_sprache-de","12":"first","13":"instock","14":"taxable","15":"shipping-taxable","16":"purchasable","17":"product-type-simple"},"_links":{"self":[{"href":"https:\/\/pizbube.ch\/en\/wp-json\/wp\/v2\/product\/153645","targetHints":{"allow":["GET"]}}],"collection":[{"href":"https:\/\/pizbube.ch\/en\/wp-json\/wp\/v2\/product"}],"about":[{"href":"https:\/\/pizbube.ch\/en\/wp-json\/wp\/v2\/types\/product"}],"wp:featuredmedia":[{"embeddable":true,"href":"https:\/\/pizbube.ch\/en\/wp-json\/wp\/v2\/media\/30198"}],"wp:attachment":[{"href":"https:\/\/pizbube.ch\/en\/wp-json\/wp\/v2\/media?parent=153645"}],"wp:term":[{"taxonomy":"product_brand","embeddable":true,"href":"https:\/\/pizbube.ch\/en\/wp-json\/wp\/v2\/product_brand?post=153645"},{"taxonomy":"product_cat","embeddable":true,"href":"https:\/\/pizbube.ch\/en\/wp-json\/wp\/v2\/product_cat?post=153645"},{"taxonomy":"product_tag","embeddable":true,"href":"https:\/\/pizbube.ch\/en\/wp-json\/wp\/v2\/product_tag?post=153645"}],"curies":[{"name":"wp","href":"https:\/\/api.w.org\/{rel}","templated":true}]}}