{"id":153646,"date":"2021-01-15T12:38:59","date_gmt":"2021-01-15T12:38:59","guid":{"rendered":"https:\/\/codengine3.ch\/?product=import-placeholder-for-205455"},"modified":"2021-01-15T14:41:23","modified_gmt":"2021-01-15T14:41:23","slug":"himalaja-wunder-auf-schritt-und-tritt","status":"publish","type":"product","link":"https:\/\/pizbube.ch\/en\/shop\/himalaja-wunder-auf-schritt-und-tritt\/","title":{"rendered":"Himalaja &#8211; Wunder auf Schritt und Tritt"},"content":{"rendered":"<p>Der Bildband von Bernhard M\u00fcller zeigt in Text und Bild die Wunder der<br \/>\nHimalaja-Region. Der Nepal- und Tibetkenner ist pers\u00f6nlicher Freund des Dalai<br \/>\nLama und seit \u00fcber 50 Jahren in den L\u00e4ndern als Entwicklungshelfer,<br \/>\npolitischer Vermittler und Reisef\u00fchrer t\u00e4tig. Seine Kenntnisse und Erfahrungen<br \/>\n\u00fcber Nepal und Tibet sind einzigartig und er hat nach dem Erfolg des ersten<br \/>\nBildbandes dieses zweite sch\u00f6ne Werk geschaffen.  <\/p>\n<p>24 x 32 cm, 144 Seiten, vierfarbig, \u00fcber 360 farbige Bilder, deutsch\/englisch,<br \/>\ngebunden  <\/p>","protected":false},"excerpt":{"rendered":"<p>Der Bildband von Bernhard M\u00fcller zeigt in Text und Bild die Wunder der Himalaja-Region. Der Nepal- und Tibetkenner ist pers\u00f6nlicher Freund des Dalai Lama und seit \u00fcber 50 Jahren in den L\u00e4ndern als Entwicklungshelfer, politischer Vermittler und Reisef\u00fchrer t\u00e4tig. Seine Kenntnisse und Erfahrungen \u00fcber Nepal und Tibet sind einzigartig und er hat nach dem Erfolg [&#8230;]\n","protected":false},"featured_media":34164,"template":"","meta":[],"product_brand":[],"product_cat":[21542],"product_tag":[],"class_list":{"0":"post-153646","1":"product","2":"type-product","3":"status-publish","4":"has-post-thumbnail","6":"product_cat-sachbuecher-dokumentationen","7":"pa_autor-mueller","8":"pa_erscheinungsjahr-21591","9":"pa_region-asien","10":"pa_sprache-de","12":"first","13":"instock","14":"taxable","15":"shipping-taxable","16":"purchasable","17":"product-type-simple"},"_links":{"self":[{"href":"https:\/\/pizbube.ch\/en\/wp-json\/wp\/v2\/product\/153646","targetHints":{"allow":["GET"]}}],"collection":[{"href":"https:\/\/pizbube.ch\/en\/wp-json\/wp\/v2\/product"}],"about":[{"href":"https:\/\/pizbube.ch\/en\/wp-json\/wp\/v2\/types\/product"}],"wp:featuredmedia":[{"embeddable":true,"href":"https:\/\/pizbube.ch\/en\/wp-json\/wp\/v2\/media\/34164"}],"wp:attachment":[{"href":"https:\/\/pizbube.ch\/en\/wp-json\/wp\/v2\/media?parent=153646"}],"wp:term":[{"taxonomy":"product_brand","embeddable":true,"href":"https:\/\/pizbube.ch\/en\/wp-json\/wp\/v2\/product_brand?post=153646"},{"taxonomy":"product_cat","embeddable":true,"href":"https:\/\/pizbube.ch\/en\/wp-json\/wp\/v2\/product_cat?post=153646"},{"taxonomy":"product_tag","embeddable":true,"href":"https:\/\/pizbube.ch\/en\/wp-json\/wp\/v2\/product_tag?post=153646"}],"curies":[{"name":"wp","href":"https:\/\/api.w.org\/{rel}","templated":true}]}}