{"id":153653,"date":"2021-01-15T12:39:06","date_gmt":"2021-01-15T12:39:06","guid":{"rendered":"https:\/\/codengine3.ch\/?product=import-placeholder-for-204806"},"modified":"2021-01-15T14:36:26","modified_gmt":"2021-01-15T14:36:26","slug":"strategie-beim-lawinenunfall-dvd","status":"publish","type":"product","link":"https:\/\/pizbube.ch\/en\/shop\/strategie-beim-lawinenunfall-dvd\/","title":{"rendered":"Strategie beim Lawinenunfall DVD"},"content":{"rendered":"<p>Lawinenunfall<br \/>\nDas Kuratorium f\u00fcr Alpine Sicherheit hat in Zusammenarbeit mit dem<br \/>\n\u00d6sterreichischen Bergrettungsdienst, dem \u00d6sterreichischen Alpenverein, den<br \/>\nNaturfreunden, dem \u00d6sterreichischen Bundesheer und der Tirol Werbung eine<br \/>\nCheckkarte f\u00fcr den Notfall Lawinenversch\u00fcttung entwickelt, die die<br \/>\nma\u00dfgeblichen Schritte bei der Kameradenrettung in den ersten 15 Minuten<br \/>\nbeschreibt.  <\/p>\n<p>Aufbauend auf diese Checkkarte hat der \u00d6sterreichische Bergrettungsdienst eine<br \/>\nDVD erabeitet, die diese ma\u00dfgeblichen Schritte der Kameradenrettung f\u00fcr die<br \/>\nEinfachversch\u00fcttung veranschaulicht.<\/p>","protected":false},"excerpt":{"rendered":"<p>Lawinenunfall Das Kuratorium f\u00fcr Alpine Sicherheit hat in Zusammenarbeit mit dem \u00d6sterreichischen Bergrettungsdienst, dem \u00d6sterreichischen Alpenverein, den Naturfreunden, dem \u00d6sterreichischen Bundesheer und der Tirol Werbung eine Checkkarte f\u00fcr den Notfall Lawinenversch\u00fcttung entwickelt, die die ma\u00dfgeblichen Schritte bei der Kameradenrettung in den ersten 15 Minuten beschreibt. Aufbauend auf diese Checkkarte hat der \u00d6sterreichische Bergrettungsdienst eine DVD [&#8230;]\n","protected":false},"featured_media":33323,"template":"","meta":[],"product_brand":[],"product_cat":[21628],"product_tag":[],"class_list":{"0":"post-153653","1":"product","2":"type-product","3":"status-publish","4":"has-post-thumbnail","6":"product_cat-video-dvd-multimedia","7":"pa_autor-kuratorium-fuer-alpine-sicherheit","8":"pa_erscheinungsjahr-21763","9":"pa_region-alpin-winter","10":"pa_sprache-de","12":"first","13":"instock","14":"taxable","15":"shipping-taxable","16":"purchasable","17":"product-type-simple"},"_links":{"self":[{"href":"https:\/\/pizbube.ch\/en\/wp-json\/wp\/v2\/product\/153653","targetHints":{"allow":["GET"]}}],"collection":[{"href":"https:\/\/pizbube.ch\/en\/wp-json\/wp\/v2\/product"}],"about":[{"href":"https:\/\/pizbube.ch\/en\/wp-json\/wp\/v2\/types\/product"}],"wp:featuredmedia":[{"embeddable":true,"href":"https:\/\/pizbube.ch\/en\/wp-json\/wp\/v2\/media\/33323"}],"wp:attachment":[{"href":"https:\/\/pizbube.ch\/en\/wp-json\/wp\/v2\/media?parent=153653"}],"wp:term":[{"taxonomy":"product_brand","embeddable":true,"href":"https:\/\/pizbube.ch\/en\/wp-json\/wp\/v2\/product_brand?post=153653"},{"taxonomy":"product_cat","embeddable":true,"href":"https:\/\/pizbube.ch\/en\/wp-json\/wp\/v2\/product_cat?post=153653"},{"taxonomy":"product_tag","embeddable":true,"href":"https:\/\/pizbube.ch\/en\/wp-json\/wp\/v2\/product_tag?post=153653"}],"curies":[{"name":"wp","href":"https:\/\/api.w.org\/{rel}","templated":true}]}}