{"id":153654,"date":"2021-01-15T12:39:06","date_gmt":"2021-01-15T12:39:06","guid":{"rendered":"https:\/\/codengine3.ch\/?product=import-placeholder-for-205146"},"modified":"2022-06-28T11:12:52","modified_gmt":"2022-06-28T09:12:52","slug":"3-x-3-avalanchas-la-gestion-del-riesgo-en-los-deportes-de-invierno","status":"publish","type":"product","link":"https:\/\/pizbube.ch\/en\/shop\/3-x-3-avalanchas-la-gestion-del-riesgo-en-los-deportes-de-invierno\/","title":{"rendered":"3&#215;3 Avalanchas. La gesti\u00f3n del riesgo en los deportes de invierno"},"content":{"rendered":"<p>Evaluar el riesgo que supone una avalancha es dif\u00edcil. Los factores esenciales<br \/>\nque deben tomarse en consideraci\u00f3n son las condiciones meteorol\u00f3gicas y<br \/>\nnivol\u00f3gicas, el terreno y el ser humano. Elaborado en torno al m\u00e9todo 3&#215;3 &#8211;<br \/>\nf\u00f3rmula que cruza tres filtros y tres factores &#8211; y al m\u00e9todo de reducci\u00f3n &#8218;una<br \/>\nnueva manera de evaluar los riesgos de avalancha&#8216;, este libro ofrece una<br \/>\nexcelente metodolog\u00eda que facilita la toma r\u00e1pida de decisiones concretas. El<br \/>\nm\u00e9todo llama la atenci\u00f3n por su simplicidad y permite evitar, sobre todo<br \/>\ncuando se trata de actuar con rapidez, que se olviden elementos importantes en<br \/>\nla toma de decisiones.<\/p>\n<p>Esta libro va dirigido en primer lugar a los gu\u00edas de monta\u00f1a, monitores de<br \/>\nesqu\u00ed, jefes de expedici\u00f3n, monitores especializados en deportes de invierno,<br \/>\nesquiadores de traves\u00eda y a quienes practican el fuera de pista con tablas o<br \/>\ncon surf. En resumen, a todos aquellos que deben tomar decisiones r\u00e1pidas con<br \/>\ntotal autonom\u00eda a sabiendas de que est\u00e1 en juego la vida propia y la de los<br \/>\ndem\u00e1s.<\/p>","protected":false},"excerpt":{"rendered":"<p>Evaluar el riesgo que supone una avalancha es dif\u00edcil. Los factores esenciales que deben tomarse en consideraci\u00f3n son las condiciones meteorol\u00f3gicas y nivol\u00f3gicas, el terreno y el ser humano. Elaborado en torno al m\u00e9todo 3&#215;3 &#8211; f\u00f3rmula que cruza tres filtros y tres factores &#8211; y al m\u00e9todo de reducci\u00f3n &#8218;una nueva manera de evaluar [&#8230;]\n","protected":false},"featured_media":33769,"template":"","meta":[],"product_brand":[],"product_cat":[21538],"product_tag":[],"class_list":{"0":"post-153654","1":"product","2":"type-product","3":"status-publish","4":"has-post-thumbnail","6":"product_cat-lehrbuecher","7":"pa_autor-munter","8":"pa_erscheinungsjahr-21842","9":"pa_region-alpin-winter","10":"pa_sprache-sp","12":"first","13":"onbackorder","14":"taxable","15":"shipping-taxable","16":"purchasable","17":"product-type-simple"},"_links":{"self":[{"href":"https:\/\/pizbube.ch\/en\/wp-json\/wp\/v2\/product\/153654","targetHints":{"allow":["GET"]}}],"collection":[{"href":"https:\/\/pizbube.ch\/en\/wp-json\/wp\/v2\/product"}],"about":[{"href":"https:\/\/pizbube.ch\/en\/wp-json\/wp\/v2\/types\/product"}],"wp:featuredmedia":[{"embeddable":true,"href":"https:\/\/pizbube.ch\/en\/wp-json\/wp\/v2\/media\/33769"}],"wp:attachment":[{"href":"https:\/\/pizbube.ch\/en\/wp-json\/wp\/v2\/media?parent=153654"}],"wp:term":[{"taxonomy":"product_brand","embeddable":true,"href":"https:\/\/pizbube.ch\/en\/wp-json\/wp\/v2\/product_brand?post=153654"},{"taxonomy":"product_cat","embeddable":true,"href":"https:\/\/pizbube.ch\/en\/wp-json\/wp\/v2\/product_cat?post=153654"},{"taxonomy":"product_tag","embeddable":true,"href":"https:\/\/pizbube.ch\/en\/wp-json\/wp\/v2\/product_tag?post=153654"}],"curies":[{"name":"wp","href":"https:\/\/api.w.org\/{rel}","templated":true}]}}