{"id":153656,"date":"2021-01-15T12:39:06","date_gmt":"2021-01-15T12:39:06","guid":{"rendered":"https:\/\/codengine3.ch\/?product=import-placeholder-for-208523"},"modified":"2023-11-15T11:18:16","modified_gmt":"2023-11-15T10:18:16","slug":"sicher-am-berg-skitouren","status":"publish","type":"product","link":"https:\/\/pizbube.ch\/en\/shop\/sicher-am-berg-skitouren\/","title":{"rendered":"Sicher am Berg: Skitouren"},"content":{"rendered":"<p>Sicher unterwegs auf Skitour<br \/>\nKeine andere Bergsportdisziplin hat in den letzten Jahren so viel Zulauf erfahren wie das Skitourengehen, egal ob auf der Piste oder im freien Gel\u00e4nde. Dieser regelm\u00e4\u00dfig aktualisierte SicherAmBerg-Klassiker bietet das gesamte Basiswissen f\u00fcr Skitouren-Einsteiger sowie unverzichtbares Knowhow f\u00fcr erfahrene und fortgeschrittene Schneesportler.<br \/>\nDas durchgehend farbig illustrierte Buch bringt auf \u00fcbersichtliche, leicht verst\u00e4ndliche Art und Weise alle sicherheitsrelevanten Aspekte zum Thema Risikomanagement auf Skitouren nach der Methode Stop or Go\u00a9, f\u00fchrt in die Schnee- und Lawinenkunde ein und zeigt, was im Notfall Lawine zu tun ist. Die wesentlichen Schritte der Versch\u00fcttetensuche und<br \/>\n-bergung werden anhand anschaulicher Illustrationen und Fotos leicht verst\u00e4ndlich erkl\u00e4rt. QR-Codes leiten direkt zu den entsprechenden Lehrvideos aus der SicherAmBerg-Publikationsreihe des Alpenvereins. Ein Muss f\u00fcr alle, die im Winter die Berge abseits gesicherter Pisten erleben wollen.<\/p>\n<p>Tipps:<br \/>\nDie wichtigsten Empfehlungen der Bergsport-Experten des \u00d6sterreichischen<br \/>\nAlpenvereins<br \/>\nAlle sicherheitsrelevanten Aspekte sowie die neuesten Sicherheitsempfehlungen und Ausr\u00fcstungsstandards zum Thema<br \/>\ndurchgehend mit Fotos und pr\u00e4zisen Grafiken anschaulich illustriert<br \/>\nleicht verst\u00e4ndlich durch kompakte Texte, logische Struktur und Reduktion auf das Wesentliche<br \/>\ngr\u00f6\u00dftm\u00f6gliche Aktualit\u00e4t durch regelm\u00e4\u00dfige \u00dcberarbeitung im Zweijahresrhythmus<br \/>\nBasiswissen f\u00fcr Einsteiger und vertiefendes Knowhow f\u00fcr Fortgeschrittene<\/p>\n<p>192 Seiten; durchgehend farbig bebildert; 14.8 cm x 21 cm<br \/>\n7. Auflage 2022<\/p>","protected":false},"excerpt":{"rendered":"<ul>\n<li><strong><a href=\"https:\/\/pizbube.ch\/wp-content\/uploads\/attachments\/a_001\/0842ADA8055031921FB19B7655B340ED.pdf\" target=\"_blank\" rel=\"noopener\">PDF: Leseprobe_sicher_am_Berg_Skitouren<\/a><\/strong><\/li>\n<\/ul>","protected":false},"featured_media":156046,"template":"","meta":[],"product_brand":[],"product_cat":[21538],"product_tag":[],"class_list":{"0":"post-153656","1":"product","2":"type-product","3":"status-publish","4":"has-post-thumbnail","6":"product_cat-lehrbuecher","7":"pa_autor-moessmer-wuertl-larcher","8":"pa_erscheinungsjahr-27013","9":"pa_region-alpin-winter","10":"pa_sprache-de","12":"first","13":"instock","14":"taxable","15":"shipping-taxable","16":"purchasable","17":"product-type-simple"},"_links":{"self":[{"href":"https:\/\/pizbube.ch\/en\/wp-json\/wp\/v2\/product\/153656","targetHints":{"allow":["GET"]}}],"collection":[{"href":"https:\/\/pizbube.ch\/en\/wp-json\/wp\/v2\/product"}],"about":[{"href":"https:\/\/pizbube.ch\/en\/wp-json\/wp\/v2\/types\/product"}],"wp:featuredmedia":[{"embeddable":true,"href":"https:\/\/pizbube.ch\/en\/wp-json\/wp\/v2\/media\/156046"}],"wp:attachment":[{"href":"https:\/\/pizbube.ch\/en\/wp-json\/wp\/v2\/media?parent=153656"}],"wp:term":[{"taxonomy":"product_brand","embeddable":true,"href":"https:\/\/pizbube.ch\/en\/wp-json\/wp\/v2\/product_brand?post=153656"},{"taxonomy":"product_cat","embeddable":true,"href":"https:\/\/pizbube.ch\/en\/wp-json\/wp\/v2\/product_cat?post=153656"},{"taxonomy":"product_tag","embeddable":true,"href":"https:\/\/pizbube.ch\/en\/wp-json\/wp\/v2\/product_tag?post=153656"}],"curies":[{"name":"wp","href":"https:\/\/api.w.org\/{rel}","templated":true}]}}