{"id":153657,"date":"2021-01-15T12:39:07","date_gmt":"2021-01-15T12:39:07","guid":{"rendered":"https:\/\/codengine3.ch\/?product=import-placeholder-for-207542"},"modified":"2022-12-21T09:15:19","modified_gmt":"2022-12-21T08:15:19","slug":"granada-grischun","status":"publish","type":"product","link":"https:\/\/pizbube.ch\/en\/shop\/granada-grischun\/","title":{"rendered":"Granada Grischun"},"content":{"rendered":"<p>Erz\u00e4hlungen<\/p>\n<p>Ein M\u00e4dchen verliert mit sieben seinen einzigen Freund \u2013 und versinkt fortan<br \/>\nin viel zu gro\u00dfen Gummistiefeln. Ein anderes wartet sehns\u00fcchtig auf Schnee,<br \/>\ndenn seine Eltern haben ein Skigesch\u00e4ft: Kein Schnee und sie sind verloren.<br \/>\nSommer hei\u00dft Freibad, und das geh\u00f6rt den Girls. Sie entdecken hier zum ersten<br \/>\nMal die Sch\u00f6nheit der Jungen. Wenn sie hingegen in der Turnstunde die<br \/>\nstinkende Seraina qu\u00e4len, \u00fcberkommt sie die Lust an Gewalt.<\/p>\n<p>Romana Ganzoni erz\u00e4hlt einmal poetisch, dann explosiv und immer \u00fcberraschend<br \/>\nvon den Beben einer Kindheit im Engadin und den Nachbeben im Heute. Mit einer<br \/>\nbildreichen, kraftvollen Sprache sticht sie in eine Zeit, in der die Welt am<br \/>\nBahnhof endet, B\u00e4che und Kinder zusammengeh\u00f6ren und die Menschheit sich in<br \/>\nKatholiken und Protestanten aufteilt.<\/p>\n<p>Manchmal entpuppen sich die Erz\u00e4hlungen auch als Hommage \u2013 an Herrn Baumann,<br \/>\nmit dem man im Speisewagen eine Baumh\u00fctte baut. Oder an den Vater, der tanzen<br \/>\nkonnte wie ein Gott, wenn er \u00bb\u00d6l am Hut\u00ab hatte, und noch eine Rechnung offen<br \/>\nhat, in Granada.<\/p>","protected":false},"excerpt":{"rendered":"<p>Erz\u00e4hlungen Ein M\u00e4dchen verliert mit sieben seinen einzigen Freund \u2013 und versinkt fortan in viel zu gro\u00dfen Gummistiefeln. Ein anderes wartet sehns\u00fcchtig auf Schnee, denn seine Eltern haben ein Skigesch\u00e4ft: Kein Schnee und sie sind verloren. Sommer hei\u00dft Freibad, und das geh\u00f6rt den Girls. Sie entdecken hier zum ersten Mal die Sch\u00f6nheit der Jungen. Wenn [&#8230;]\n","protected":false},"featured_media":37767,"template":"","meta":[],"product_brand":[],"product_cat":[21629],"product_tag":[],"class_list":{"0":"post-153657","1":"product","2":"type-product","3":"status-publish","4":"has-post-thumbnail","6":"product_cat-belletristik","7":"pa_autor-ganzoni","8":"pa_erscheinungsjahr-21574","9":"pa_region-schweiz","10":"pa_sprache-de","12":"first","13":"instock","14":"taxable","15":"shipping-taxable","16":"purchasable","17":"product-type-simple"},"_links":{"self":[{"href":"https:\/\/pizbube.ch\/en\/wp-json\/wp\/v2\/product\/153657","targetHints":{"allow":["GET"]}}],"collection":[{"href":"https:\/\/pizbube.ch\/en\/wp-json\/wp\/v2\/product"}],"about":[{"href":"https:\/\/pizbube.ch\/en\/wp-json\/wp\/v2\/types\/product"}],"wp:featuredmedia":[{"embeddable":true,"href":"https:\/\/pizbube.ch\/en\/wp-json\/wp\/v2\/media\/37767"}],"wp:attachment":[{"href":"https:\/\/pizbube.ch\/en\/wp-json\/wp\/v2\/media?parent=153657"}],"wp:term":[{"taxonomy":"product_brand","embeddable":true,"href":"https:\/\/pizbube.ch\/en\/wp-json\/wp\/v2\/product_brand?post=153657"},{"taxonomy":"product_cat","embeddable":true,"href":"https:\/\/pizbube.ch\/en\/wp-json\/wp\/v2\/product_cat?post=153657"},{"taxonomy":"product_tag","embeddable":true,"href":"https:\/\/pizbube.ch\/en\/wp-json\/wp\/v2\/product_tag?post=153657"}],"curies":[{"name":"wp","href":"https:\/\/api.w.org\/{rel}","templated":true}]}}