{"id":153658,"date":"2021-01-15T12:39:07","date_gmt":"2021-01-15T12:39:07","guid":{"rendered":"https:\/\/codengine3.ch\/?product=import-placeholder-for-202773"},"modified":"2021-01-15T12:39:12","modified_gmt":"2021-01-15T12:39:12","slug":"schoene-aussicht-bella-vista","status":"publish","type":"product","link":"https:\/\/pizbube.ch\/en\/shop\/schoene-aussicht-bella-vista\/","title":{"rendered":"Sch\u00f6ne Aussicht Bella Vista"},"content":{"rendered":"<p>Bis weit ins 20. Jahrhundert hinein suchten Maler und Zeichner im Hochgebirge<br \/>\neine Urspr\u00fcnglichkeit, die es in tiefer gelegenen Gebieten nicht mehr gab, in<br \/>\neiner Tradition, die auf die Aufkl\u00e4rung und die Romantik zur\u00fcckgeht. Seit den<br \/>\n60er Jahren richtet eine andere Generation ihr Augenmerk in sinnlich-<br \/>\npoetischer Weise auf die Natur und auf gebirgige Regionen und schafft st\u00e4rker<br \/>\nkonzeptuell gepr\u00e4gte Arbeiten, wobei die Fotografie an Bedeutung gewinnt. Die<br \/>\nAusstellung im Kunsthaus Meran zeigt eine umfassende Auswahl von Arbeiten<br \/>\nnamhafter K\u00fcnstler zum Thema: Vertreten sind u. a. Giovanni Segantini,<br \/>\nGiovanni Giacometti, Ferdinand Hodler, Matthias B\u00f6ckl, Ernst Ludwig Kirchner,<br \/>\nAlfons Walde, Albin Egger Lienz, Max Weiler, Richard Long, Lawrence Weiner,<br \/>\nGerhard Richter, Martin Kippenberger, Walter Pichler, Lois Weinberger, Helmut<br \/>\nFederle.  <\/p>","protected":false},"excerpt":{"rendered":"<p>Bis weit ins 20. Jahrhundert hinein suchten Maler und Zeichner im Hochgebirge eine Urspr\u00fcnglichkeit, die es in tiefer gelegenen Gebieten nicht mehr gab, in einer Tradition, die auf die Aufkl\u00e4rung und die Romantik zur\u00fcckgeht. Seit den 60er Jahren richtet eine andere Generation ihr Augenmerk in sinnlich- poetischer Weise auf die Natur und auf gebirgige Regionen [&#8230;]\n","protected":false},"featured_media":30221,"template":"","meta":[],"product_brand":[],"product_cat":[21580],"product_tag":[],"class_list":{"0":"post-153658","1":"product","2":"type-product","3":"status-publish","4":"has-post-thumbnail","6":"product_cat-kunst-kultur","7":"pa_autor-obrist","8":"pa_erscheinungsjahr-22144","9":"pa_region-schweiz","10":"pa_sprache-d","11":"pa_sprache-i","13":"first","14":"instock","15":"taxable","16":"shipping-taxable","17":"purchasable","18":"product-type-simple"},"_links":{"self":[{"href":"https:\/\/pizbube.ch\/en\/wp-json\/wp\/v2\/product\/153658","targetHints":{"allow":["GET"]}}],"collection":[{"href":"https:\/\/pizbube.ch\/en\/wp-json\/wp\/v2\/product"}],"about":[{"href":"https:\/\/pizbube.ch\/en\/wp-json\/wp\/v2\/types\/product"}],"wp:featuredmedia":[{"embeddable":true,"href":"https:\/\/pizbube.ch\/en\/wp-json\/wp\/v2\/media\/30221"}],"wp:attachment":[{"href":"https:\/\/pizbube.ch\/en\/wp-json\/wp\/v2\/media?parent=153658"}],"wp:term":[{"taxonomy":"product_brand","embeddable":true,"href":"https:\/\/pizbube.ch\/en\/wp-json\/wp\/v2\/product_brand?post=153658"},{"taxonomy":"product_cat","embeddable":true,"href":"https:\/\/pizbube.ch\/en\/wp-json\/wp\/v2\/product_cat?post=153658"},{"taxonomy":"product_tag","embeddable":true,"href":"https:\/\/pizbube.ch\/en\/wp-json\/wp\/v2\/product_tag?post=153658"}],"curies":[{"name":"wp","href":"https:\/\/api.w.org\/{rel}","templated":true}]}}