{"id":153659,"date":"2021-01-15T12:39:07","date_gmt":"2021-01-15T12:39:07","guid":{"rendered":"https:\/\/codengine3.ch\/?product=import-placeholder-for-204024"},"modified":"2021-01-15T14:29:00","modified_gmt":"2021-01-15T14:29:00","slug":"35-aussichtsberge","status":"publish","type":"product","link":"https:\/\/pizbube.ch\/en\/shop\/35-aussichtsberge\/","title":{"rendered":"35 Aussichtsberge"},"content":{"rendered":"<p>Viele der ber\u00fchmten Schweizer Aussichtsberge kennt man zwar dem Namen nach,<br \/>\ndoch oben war man noch nie. Dieser Band der beliebten Ausflugsf\u00fchrer-Reihe des<br \/>\nWerd Verlags macht Lust, das Vers\u00e4umte nachzuholen: auf gem\u00fctliche Bahnfahrten<br \/>\nund leichten Wanderungen, lebendig beschrieben und sorgf\u00e4ltig recherchiert von<br \/>\nBruno Rauch und illustriert mit Farbfotos von Rolf A. St\u00e4hli.<\/p>","protected":false},"excerpt":{"rendered":"<p>Viele der ber\u00fchmten Schweizer Aussichtsberge kennt man zwar dem Namen nach, doch oben war man noch nie. Dieser Band der beliebten Ausflugsf\u00fchrer-Reihe des Werd Verlags macht Lust, das Vers\u00e4umte nachzuholen: auf gem\u00fctliche Bahnfahrten und leichten Wanderungen, lebendig beschrieben und sorgf\u00e4ltig recherchiert von Bruno Rauch und illustriert mit Farbfotos von Rolf A. St\u00e4hli.<\/p>","protected":false},"featured_media":31756,"template":"","meta":[],"product_brand":[],"product_cat":[21605],"product_tag":[],"class_list":{"0":"post-153659","1":"product","2":"type-product","3":"status-publish","4":"has-post-thumbnail","6":"product_cat-wanderfuehrer-trekking","7":"pa_autor-rauch","8":"pa_erscheinungsjahr-21763","9":"pa_region-schweiz","10":"pa_sprache-de","12":"first","13":"instock","14":"taxable","15":"shipping-taxable","16":"purchasable","17":"product-type-simple"},"_links":{"self":[{"href":"https:\/\/pizbube.ch\/en\/wp-json\/wp\/v2\/product\/153659","targetHints":{"allow":["GET"]}}],"collection":[{"href":"https:\/\/pizbube.ch\/en\/wp-json\/wp\/v2\/product"}],"about":[{"href":"https:\/\/pizbube.ch\/en\/wp-json\/wp\/v2\/types\/product"}],"wp:featuredmedia":[{"embeddable":true,"href":"https:\/\/pizbube.ch\/en\/wp-json\/wp\/v2\/media\/31756"}],"wp:attachment":[{"href":"https:\/\/pizbube.ch\/en\/wp-json\/wp\/v2\/media?parent=153659"}],"wp:term":[{"taxonomy":"product_brand","embeddable":true,"href":"https:\/\/pizbube.ch\/en\/wp-json\/wp\/v2\/product_brand?post=153659"},{"taxonomy":"product_cat","embeddable":true,"href":"https:\/\/pizbube.ch\/en\/wp-json\/wp\/v2\/product_cat?post=153659"},{"taxonomy":"product_tag","embeddable":true,"href":"https:\/\/pizbube.ch\/en\/wp-json\/wp\/v2\/product_tag?post=153659"}],"curies":[{"name":"wp","href":"https:\/\/api.w.org\/{rel}","templated":true}]}}