{"id":153660,"date":"2021-01-15T12:39:08","date_gmt":"2021-01-15T12:39:08","guid":{"rendered":"https:\/\/codengine3.ch\/?product=import-placeholder-for-206040"},"modified":"2021-01-15T14:45:54","modified_gmt":"2021-01-15T14:45:54","slug":"tour-de-suisse","status":"publish","type":"product","link":"https:\/\/pizbube.ch\/en\/shop\/tour-de-suisse\/","title":{"rendered":"Tour de Suisse"},"content":{"rendered":"<p>Eine nostalgische Reise zu den sch\u00f6nsten Pl\u00e4tzen der Schweiz  <\/p>\n<p>Ist es ein Plakatbuch? Ist es ein Reisef\u00fchrer? Ist es ein Bilder- oder<br \/>\nGeschichtsbuch? Es ist von alledem ein wenig und doch viel mehr. &#8218;Tour de<br \/>\nSuisse&#8216; ist eine farbenfrohe grossformatige, romantisch nostalgische Reise zu<br \/>\nden sch\u00f6nsten Pl\u00e4tzen der Schweiz: St. Moritz, Davos, Arosa, das Berner<br \/>\nOberland, Genf und Lausanne, das Tessin oder die Metropole Z\u00fcrich, sind nur<br \/>\neinige Stationen dieser unvergesslichen Rundreise. Die H\u00f6hepunkte aus vier<br \/>\nJahrzehnten (1920 -1960) Schweizer Plakatkunst verbinden sich in diesem Buch<br \/>\nspielerisch mit den historischen Reisef\u00fchrertexten von Eugene Fodor &#8211; einem<br \/>\nder erfolgreichsten Reiseautoren jener Tage &#8211; zu einer Sehnsuchtsreise in die<br \/>\nSchweiz unserer Grosseltern und Eltern: Dolce Vita und Alpengl\u00fchen,<br \/>\nweltgewandtes Flanieren und sportlicher \u00dcbermut: in diesem Buch feiern die<br \/>\nFerientr\u00e4ume vergangener Tage ihre Auferstehung.  <\/p>\n<p>&#8218;Reiseausr\u00fcstung. Die Kleidung soll derart gew\u00e4hlt sein, dass rasche<br \/>\nTemperaturwechsel den Gesundheitszustand nicht beeintr\u00e4chtigen k\u00f6nnen; den<br \/>\nbesten Schutz bieten wollene Unter- und Oberkleider, weiche Str\u00fcmpfe aus<br \/>\nSchaf- oder Ziegenwolle; f\u00fcr empfindliche F\u00fcsse ist ausserdem eine<br \/>\nSohleneinlage zu empfehlen. Wettermantel, leichter Filzhut, Handschuhe und<br \/>\nRucksack sind selbstverst\u00e4ndliche Bestandteile der Ausr\u00fcstung. Die Schuhe<br \/>\nsollen gut ausgetreten sein und den Zehen nach vorn viel Raum lassen; f\u00fcr<br \/>\nBergtouren ist eine kr\u00e4ftige Benagelung unentbehrlich.&#8216;<\/p>","protected":false},"excerpt":{"rendered":"<p>Eine nostalgische Reise zu den sch\u00f6nsten Pl\u00e4tzen der Schweiz Ist es ein Plakatbuch? Ist es ein Reisef\u00fchrer? Ist es ein Bilder- oder Geschichtsbuch? Es ist von alledem ein wenig und doch viel mehr. &#8218;Tour de Suisse&#8216; ist eine farbenfrohe grossformatige, romantisch nostalgische Reise zu den sch\u00f6nsten Pl\u00e4tzen der Schweiz: St. Moritz, Davos, Arosa, das Berner [&#8230;]\n","protected":false},"featured_media":34932,"template":"","meta":[],"product_brand":[],"product_cat":[21580],"product_tag":[],"class_list":{"0":"post-153660","1":"product","2":"type-product","3":"status-publish","4":"has-post-thumbnail","6":"product_cat-kunst-kultur","7":"pa_autor-walde-graf","8":"pa_erscheinungsjahr-21830","9":"pa_region-schweiz","10":"pa_sprache-de","12":"first","13":"instock","14":"taxable","15":"shipping-taxable","16":"purchasable","17":"product-type-simple"},"_links":{"self":[{"href":"https:\/\/pizbube.ch\/en\/wp-json\/wp\/v2\/product\/153660","targetHints":{"allow":["GET"]}}],"collection":[{"href":"https:\/\/pizbube.ch\/en\/wp-json\/wp\/v2\/product"}],"about":[{"href":"https:\/\/pizbube.ch\/en\/wp-json\/wp\/v2\/types\/product"}],"wp:featuredmedia":[{"embeddable":true,"href":"https:\/\/pizbube.ch\/en\/wp-json\/wp\/v2\/media\/34932"}],"wp:attachment":[{"href":"https:\/\/pizbube.ch\/en\/wp-json\/wp\/v2\/media?parent=153660"}],"wp:term":[{"taxonomy":"product_brand","embeddable":true,"href":"https:\/\/pizbube.ch\/en\/wp-json\/wp\/v2\/product_brand?post=153660"},{"taxonomy":"product_cat","embeddable":true,"href":"https:\/\/pizbube.ch\/en\/wp-json\/wp\/v2\/product_cat?post=153660"},{"taxonomy":"product_tag","embeddable":true,"href":"https:\/\/pizbube.ch\/en\/wp-json\/wp\/v2\/product_tag?post=153660"}],"curies":[{"name":"wp","href":"https:\/\/api.w.org\/{rel}","templated":true}]}}