{"id":153671,"date":"2021-01-15T12:39:15","date_gmt":"2021-01-15T12:39:15","guid":{"rendered":"https:\/\/codengine3.ch\/?product=import-placeholder-for-202786"},"modified":"2022-06-22T09:39:51","modified_gmt":"2022-06-22T07:39:51","slug":"adamello-la-presanella-1-50000","status":"publish","type":"product","link":"https:\/\/pizbube.ch\/en\/shop\/adamello-la-presanella-1-50000\/","title":{"rendered":"Adamello La Presanella 1: 50&#8217;000"},"content":{"rendered":"<p>Wander- Rad- und Skiroutenkarte: Mit F\u00fchrer.<br \/>\nIn Plastikh\u00fclle; Blatt 71<\/p>\n<p>4in1 Wanderkarte 1:50000 mit Aktiv Guide und Detailkarten inklusive Karte zur<br \/>\noffline Verwendung in der KOMPASS-App. Fahrradfahren. Skitouren. Reiten.<\/p>\n<p>Der topographische Inhalt wird bei aller Detailgenauigkeit leicht lesbar und<br \/>\nanschaulich dargestellt.<br \/>\nEin \u00fcbersichtlich gestaltetes Beiheft mit zahlreichen Farbfotos informiert<br \/>\n\u00fcber Orte und Schutzh\u00fctten sowie empfehlenswerte Touren, Sehensw\u00fcrdigkeiten<br \/>\nund Freizeiteinrichtungen.<\/p>","protected":false},"excerpt":{"rendered":"<p>Wander- Rad- und Skiroutenkarte: Mit F\u00fchrer. In Plastikh\u00fclle; Blatt 71 4in1 Wanderkarte 1:50000 mit Aktiv Guide und Detailkarten inklusive Karte zur offline Verwendung in der KOMPASS-App. Fahrradfahren. Skitouren. Reiten. Der topographische Inhalt wird bei aller Detailgenauigkeit leicht lesbar und anschaulich dargestellt. Ein \u00fcbersichtlich gestaltetes Beiheft mit zahlreichen Farbfotos informiert \u00fcber Orte und Schutzh\u00fctten sowie empfehlenswerte [&#8230;]\n","protected":false},"featured_media":162385,"template":"","meta":[],"product_brand":[],"product_cat":[21543],"product_tag":[],"class_list":{"0":"post-153671","1":"product","2":"type-product","3":"status-publish","4":"has-post-thumbnail","6":"product_cat-landkarten","7":"pa_autor-kompass","8":"pa_erscheinungsjahr-25440","9":"pa_region-italien","10":"pa_sprache-de-it","12":"first","13":"instock","14":"taxable","15":"shipping-taxable","16":"purchasable","17":"product-type-simple"},"_links":{"self":[{"href":"https:\/\/pizbube.ch\/en\/wp-json\/wp\/v2\/product\/153671","targetHints":{"allow":["GET"]}}],"collection":[{"href":"https:\/\/pizbube.ch\/en\/wp-json\/wp\/v2\/product"}],"about":[{"href":"https:\/\/pizbube.ch\/en\/wp-json\/wp\/v2\/types\/product"}],"wp:featuredmedia":[{"embeddable":true,"href":"https:\/\/pizbube.ch\/en\/wp-json\/wp\/v2\/media\/162385"}],"wp:attachment":[{"href":"https:\/\/pizbube.ch\/en\/wp-json\/wp\/v2\/media?parent=153671"}],"wp:term":[{"taxonomy":"product_brand","embeddable":true,"href":"https:\/\/pizbube.ch\/en\/wp-json\/wp\/v2\/product_brand?post=153671"},{"taxonomy":"product_cat","embeddable":true,"href":"https:\/\/pizbube.ch\/en\/wp-json\/wp\/v2\/product_cat?post=153671"},{"taxonomy":"product_tag","embeddable":true,"href":"https:\/\/pizbube.ch\/en\/wp-json\/wp\/v2\/product_tag?post=153671"}],"curies":[{"name":"wp","href":"https:\/\/api.w.org\/{rel}","templated":true}]}}