{"id":153672,"date":"2021-01-15T12:39:15","date_gmt":"2021-01-15T12:39:15","guid":{"rendered":"https:\/\/codengine3.ch\/?product=import-placeholder-for-206997"},"modified":"2021-01-15T14:54:09","modified_gmt":"2021-01-15T14:54:09","slug":"die-schoensten-wanderungen-adamello-und-presanella","status":"publish","type":"product","link":"https:\/\/pizbube.ch\/en\/shop\/die-schoensten-wanderungen-adamello-und-presanella\/","title":{"rendered":"Die sch\u00f6nsten Wanderungen Adamello und Presanella"},"content":{"rendered":"<p>Pinzolo, Tione, \u00c8dolo, Adamello-H\u00f6henweg  <\/p>\n<p>Traumhafte Wege im Adamello- und Presanella-Gebirge und die M\u00f6glichkeit der<br \/>\nabsoluten Bergfreiheit genie\u00dfen: Das bietet der neue Wanderf\u00fchrer. Er<br \/>\nbeinhaltet facettenreiche Touren in diesem wundersch\u00f6nen und wenig<br \/>\nerschlossenen Gebiet.  <\/p>\n<p>Die sch\u00f6nsten 39 Wanderungen Adamello Presanella: Gleisende Firnfelder,<br \/>\neinsame T\u00e4ler, vertr\u00e4umte Bergseen. So pr\u00e4sentiert sich dieses Bergland am<br \/>\nS\u00fcdrand der Alpen. Genuss-Wanderern bietet dieses vielfaltige Gebirge<br \/>\ntraumhafte Ziele. Die Grenze zwischen dem Trentino und der Lombardei f\u00fchrt<br \/>\nquer durch dieses Hochgebirge und \u00fcber seine bedeutendsten Gipfel.In beiden<br \/>\nRegionen ist es durch einen Naturpark gesch\u00fctzt und bildet mit der<br \/>\nOrtlergruppe das gr\u00f6\u00dfte zusammenhangende Schutzgebiet der Alpen.  <\/p>","protected":false},"excerpt":{"rendered":"<p>Pinzolo, Tione, \u00c8dolo, Adamello-H\u00f6henweg Traumhafte Wege im Adamello- und Presanella-Gebirge und die M\u00f6glichkeit der absoluten Bergfreiheit genie\u00dfen: Das bietet der neue Wanderf\u00fchrer. Er beinhaltet facettenreiche Touren in diesem wundersch\u00f6nen und wenig erschlossenen Gebiet. Die sch\u00f6nsten 39 Wanderungen Adamello Presanella: Gleisende Firnfelder, einsame T\u00e4ler, vertr\u00e4umte Bergseen. So pr\u00e4sentiert sich dieses Bergland am S\u00fcdrand der Alpen. Genuss-Wanderern [&#8230;]\n","protected":false},"featured_media":36570,"template":"","meta":[],"product_brand":[],"product_cat":[21605],"product_tag":[],"class_list":{"0":"post-153672","1":"product","2":"type-product","3":"status-publish","4":"has-post-thumbnail","6":"product_cat-wanderfuehrer-trekking","7":"pa_autor-rosenwirth","8":"pa_erscheinungsjahr-21610","9":"pa_region-italien","10":"pa_sprache-de","12":"first","13":"outofstock","14":"taxable","15":"shipping-taxable","16":"purchasable","17":"product-type-simple"},"_links":{"self":[{"href":"https:\/\/pizbube.ch\/en\/wp-json\/wp\/v2\/product\/153672","targetHints":{"allow":["GET"]}}],"collection":[{"href":"https:\/\/pizbube.ch\/en\/wp-json\/wp\/v2\/product"}],"about":[{"href":"https:\/\/pizbube.ch\/en\/wp-json\/wp\/v2\/types\/product"}],"wp:featuredmedia":[{"embeddable":true,"href":"https:\/\/pizbube.ch\/en\/wp-json\/wp\/v2\/media\/36570"}],"wp:attachment":[{"href":"https:\/\/pizbube.ch\/en\/wp-json\/wp\/v2\/media?parent=153672"}],"wp:term":[{"taxonomy":"product_brand","embeddable":true,"href":"https:\/\/pizbube.ch\/en\/wp-json\/wp\/v2\/product_brand?post=153672"},{"taxonomy":"product_cat","embeddable":true,"href":"https:\/\/pizbube.ch\/en\/wp-json\/wp\/v2\/product_cat?post=153672"},{"taxonomy":"product_tag","embeddable":true,"href":"https:\/\/pizbube.ch\/en\/wp-json\/wp\/v2\/product_tag?post=153672"}],"curies":[{"name":"wp","href":"https:\/\/api.w.org\/{rel}","templated":true}]}}