{"id":153673,"date":"2021-01-15T12:39:15","date_gmt":"2021-01-15T12:39:15","guid":{"rendered":"https:\/\/codengine3.ch\/?product=import-placeholder-for-203442"},"modified":"2021-01-15T14:23:21","modified_gmt":"2021-01-15T14:23:21","slug":"val-di-sole-peio-e-rabbi-135000","status":"publish","type":"product","link":"https:\/\/pizbube.ch\/en\/shop\/val-di-sole-peio-e-rabbi-135000\/","title":{"rendered":"Val di Sole Peio e Rabbi 1:35&#8217;000"},"content":{"rendered":"<p>Val di Sole &#8211; Madonna di Campiglio &#8211; Mal\u00e8 &#8211; Passo del Tonale &#8211; Peio &#8211; Rabbi.<br \/>\n1:35&#8217;000<br \/>\nBlatt 095; Wander- Rad- und Skiroutenkarte. Mit alpinen Skitouren. In<br \/>\nPlastikh\u00fclle und mit Beiheft<\/p>\n<p>&#8211; Im S\u00fcden des Ortlergebirges verbirgt sich eine der interessantesten<br \/>\nHochgebirgslandschaften des Trentino.<\/p>\n<p>&#8211; Zwischen mehr als 3000 m hohen Gletscherbergen &#8211; um den Adamello erheben<br \/>\nsich die s\u00fcdlichsten &#171;Eisberge&#187; der Ostalpen &#8211; finden sich hier zauberhafte<br \/>\nT\u00e4ler, einladende Feriend\u00f6rfer und mit s\u00fcdlichem Charme bewirtschaftete<br \/>\nSchutzh\u00fctten.<\/p>\n<p>&#8211; Mit dem Ma\u00dfstab 1:35000 ist dies die mit Abstand praktikabelste Karte \u00fcber<br \/>\ndieses Gebiet, in dem die G\u00e4ste viel zu entdecken haben.<\/p>","protected":false},"excerpt":{"rendered":"<p>Val di Sole &#8211; Madonna di Campiglio &#8211; Mal\u00e8 &#8211; Passo del Tonale &#8211; Peio &#8211; Rabbi. 1:35&#8217;000 Blatt 095; Wander- Rad- und Skiroutenkarte. Mit alpinen Skitouren. In Plastikh\u00fclle und mit Beiheft &#8211; Im S\u00fcden des Ortlergebirges verbirgt sich eine der interessantesten Hochgebirgslandschaften des Trentino. &#8211; Zwischen mehr als 3000 m hohen Gletscherbergen &#8211; um [&#8230;]\n","protected":false},"featured_media":26374,"template":"","meta":[],"product_brand":[],"product_cat":[21543],"product_tag":[],"class_list":{"0":"post-153673","1":"product","2":"type-product","3":"status-publish","4":"has-post-thumbnail","6":"product_cat-landkarten","7":"pa_autor-kompass","8":"pa_erscheinungsjahr-21621","9":"pa_region-italien","10":"pa_sprache-de-it","12":"first","13":"instock","14":"taxable","15":"shipping-taxable","16":"purchasable","17":"product-type-simple"},"_links":{"self":[{"href":"https:\/\/pizbube.ch\/en\/wp-json\/wp\/v2\/product\/153673","targetHints":{"allow":["GET"]}}],"collection":[{"href":"https:\/\/pizbube.ch\/en\/wp-json\/wp\/v2\/product"}],"about":[{"href":"https:\/\/pizbube.ch\/en\/wp-json\/wp\/v2\/types\/product"}],"wp:featuredmedia":[{"embeddable":true,"href":"https:\/\/pizbube.ch\/en\/wp-json\/wp\/v2\/media\/26374"}],"wp:attachment":[{"href":"https:\/\/pizbube.ch\/en\/wp-json\/wp\/v2\/media?parent=153673"}],"wp:term":[{"taxonomy":"product_brand","embeddable":true,"href":"https:\/\/pizbube.ch\/en\/wp-json\/wp\/v2\/product_brand?post=153673"},{"taxonomy":"product_cat","embeddable":true,"href":"https:\/\/pizbube.ch\/en\/wp-json\/wp\/v2\/product_cat?post=153673"},{"taxonomy":"product_tag","embeddable":true,"href":"https:\/\/pizbube.ch\/en\/wp-json\/wp\/v2\/product_tag?post=153673"}],"curies":[{"name":"wp","href":"https:\/\/api.w.org\/{rel}","templated":true}]}}