{"id":153676,"date":"2021-01-15T12:39:16","date_gmt":"2021-01-15T12:39:16","guid":{"rendered":"https:\/\/codengine3.ch\/?product=import-placeholder-for-206460"},"modified":"2021-01-15T14:49:07","modified_gmt":"2021-01-15T14:49:07","slug":"tessin-misox-calanca-skitouren","status":"publish","type":"product","link":"https:\/\/pizbube.ch\/en\/shop\/tessin-misox-calanca-skitouren\/","title":{"rendered":"Tessin\/Misox\/Calanca Skitouren"},"content":{"rendered":"<p>\nVom Val Bedretto zum Monte Generoso  <\/p>\n<p>Mit den Ski auf Entdeckungsreise im Tessin und Misox Vom Bedrettotal zum Monte<br \/>\nGeneroso, von den 3402 m des Rheinwaldhorns hinunter nach Brissago auf 200m:<br \/>\nDer vorliegende F\u00fchrer stellt 300 Gipfel und 450 Ski- und Snowboardtouren vor,<br \/>\nauf denen man T\u00e4ler und Erhebungen \u2013 viele davon kaum bekannt und wenig<br \/>\nbesucht \u2013 im Tessin und Misox entdecken kann.  <\/p>\n<p>Ein F\u00fchrer, der alle n\u00f6tigen technischen Informationen sowie Fotografien f\u00fcr<br \/>\ndie Besteigung leichter, aber auch wilder und anspruchsvoller Berge enth\u00e4lt.<br \/>\nSkitourengehen im S\u00fcden der Alpen heisst: einen Zwei- oder Dreitausender mit<br \/>\nSki oder Snowboard besteigen, dabei eine einzigartige Landschaft geniessen, um<br \/>\ndann vielleicht zu einem erfrischenden Bad in den Lago Maggiore einzutauchen<br \/>\noder die Tour in einem f\u00fcr diese Gegend typischen Grotto mit einer k\u00f6stlichen<br \/>\nMahlzeit abzuschliessen!  <\/p>\n<p>552 Seiten, ca. 60 Fotos schwarz-weiss  <\/p>","protected":false},"excerpt":{"rendered":"<ul>\n<li><a href=\"https:\/\/pizbube.ch\/wp-content\/uploads\/attachments\/a_025\/9C11AC69DD0E1CEE1A6BD4F7A0A6B2EB.pdf\" target=\"_blank\" rel=\"noopener\">PDF: Leseprobe_Tessin_Skitourenf\u00fchrer_SAC<\/a><\/li>\n<\/ul>","protected":false},"featured_media":35506,"template":"","meta":[],"product_brand":[],"product_cat":[21540],"product_tag":[],"class_list":{"0":"post-153676","1":"product","2":"type-product","3":"status-publish","4":"has-post-thumbnail","6":"product_cat-fuehrerliteratur-alpin-winter","7":"pa_autor-gabuzzi-cavallero","8":"pa_erscheinungsjahr-21610","9":"pa_region-schweiz","10":"pa_sprache-de","12":"first","13":"instock","14":"taxable","15":"shipping-taxable","16":"purchasable","17":"product-type-simple"},"_links":{"self":[{"href":"https:\/\/pizbube.ch\/en\/wp-json\/wp\/v2\/product\/153676","targetHints":{"allow":["GET"]}}],"collection":[{"href":"https:\/\/pizbube.ch\/en\/wp-json\/wp\/v2\/product"}],"about":[{"href":"https:\/\/pizbube.ch\/en\/wp-json\/wp\/v2\/types\/product"}],"wp:featuredmedia":[{"embeddable":true,"href":"https:\/\/pizbube.ch\/en\/wp-json\/wp\/v2\/media\/35506"}],"wp:attachment":[{"href":"https:\/\/pizbube.ch\/en\/wp-json\/wp\/v2\/media?parent=153676"}],"wp:term":[{"taxonomy":"product_brand","embeddable":true,"href":"https:\/\/pizbube.ch\/en\/wp-json\/wp\/v2\/product_brand?post=153676"},{"taxonomy":"product_cat","embeddable":true,"href":"https:\/\/pizbube.ch\/en\/wp-json\/wp\/v2\/product_cat?post=153676"},{"taxonomy":"product_tag","embeddable":true,"href":"https:\/\/pizbube.ch\/en\/wp-json\/wp\/v2\/product_tag?post=153676"}],"curies":[{"name":"wp","href":"https:\/\/api.w.org\/{rel}","templated":true}]}}