{"id":153680,"date":"2021-01-15T12:39:16","date_gmt":"2021-01-15T12:39:16","guid":{"rendered":"https:\/\/codengine3.ch\/?product=import-placeholder-for-202792"},"modified":"2021-01-15T12:39:21","modified_gmt":"2021-01-15T12:39:21","slug":"fun-und-sport-in-eis-und-schnee","status":"publish","type":"product","link":"https:\/\/pizbube.ch\/en\/shop\/fun-und-sport-in-eis-und-schnee\/","title":{"rendered":"Fun und Sport in Eis und Schnee"},"content":{"rendered":"<p>Das Handbuch f\u00fcr den \u00dcberblick und den Einstieg in zwei Dutzend<br \/>\nFreizeitaktivit\u00e4ten. Die Autorin stellt Retro-Sportarten wie Rodeln oder<br \/>\nSchneeschuhwandern genauso vor wie die neuen Fun-Ger\u00e4te. Sie gibt Tipps zur<br \/>\nAusr\u00fcstung und Technik und hat vor allem aus der Flut von Anbietern und Events<br \/>\ndie besten ausgew\u00e4hlt.<br \/>\nAus dem Inhalt:<br \/>\nTipps f\u00fcr Familien, Party-people, Naturfreunde, Freerider etc.<br \/>\nTop Spots f\u00fcr spezielle Zielgruppen<br \/>\nNo Sports: Die besten Wellness Angebote<br \/>\nRetro-Klassiker, Exotik, Cybertrends wie Freeriding, Carving, Skidoo etc.<\/p>","protected":false},"excerpt":{"rendered":"<p>Das Handbuch f\u00fcr den \u00dcberblick und den Einstieg in zwei Dutzend Freizeitaktivit\u00e4ten. Die Autorin stellt Retro-Sportarten wie Rodeln oder Schneeschuhwandern genauso vor wie die neuen Fun-Ger\u00e4te. Sie gibt Tipps zur Ausr\u00fcstung und Technik und hat vor allem aus der Flut von Anbietern und Events die besten ausgew\u00e4hlt. Aus dem Inhalt: Tipps f\u00fcr Familien, Party-people, Naturfreunde, [&#8230;]\n","protected":false},"featured_media":30242,"template":"","meta":[],"product_brand":[],"product_cat":[21542],"product_tag":[],"class_list":{"0":"post-153680","1":"product","2":"type-product","3":"status-publish","4":"has-post-thumbnail","6":"product_cat-sachbuecher-dokumentationen","7":"pa_autor-foerg","8":"pa_erscheinungsjahr-22292","9":"pa_region-alpin-winter","10":"pa_sprache-de","12":"first","13":"instock","14":"taxable","15":"shipping-taxable","16":"purchasable","17":"product-type-simple"},"_links":{"self":[{"href":"https:\/\/pizbube.ch\/en\/wp-json\/wp\/v2\/product\/153680","targetHints":{"allow":["GET"]}}],"collection":[{"href":"https:\/\/pizbube.ch\/en\/wp-json\/wp\/v2\/product"}],"about":[{"href":"https:\/\/pizbube.ch\/en\/wp-json\/wp\/v2\/types\/product"}],"wp:featuredmedia":[{"embeddable":true,"href":"https:\/\/pizbube.ch\/en\/wp-json\/wp\/v2\/media\/30242"}],"wp:attachment":[{"href":"https:\/\/pizbube.ch\/en\/wp-json\/wp\/v2\/media?parent=153680"}],"wp:term":[{"taxonomy":"product_brand","embeddable":true,"href":"https:\/\/pizbube.ch\/en\/wp-json\/wp\/v2\/product_brand?post=153680"},{"taxonomy":"product_cat","embeddable":true,"href":"https:\/\/pizbube.ch\/en\/wp-json\/wp\/v2\/product_cat?post=153680"},{"taxonomy":"product_tag","embeddable":true,"href":"https:\/\/pizbube.ch\/en\/wp-json\/wp\/v2\/product_tag?post=153680"}],"curies":[{"name":"wp","href":"https:\/\/api.w.org\/{rel}","templated":true}]}}