{"id":153692,"date":"2021-01-15T12:39:29","date_gmt":"2021-01-15T12:39:29","guid":{"rendered":"https:\/\/codengine3.ch\/?product=import-placeholder-for-205805"},"modified":"2021-01-15T14:44:02","modified_gmt":"2021-01-15T14:44:02","slug":"clasicas-de-la-zona-centro-58-vias-de-iniciacion","status":"publish","type":"product","link":"https:\/\/pizbube.ch\/en\/shop\/clasicas-de-la-zona-centro-58-vias-de-iniciacion\/","title":{"rendered":"Cl\u00e1sicas de la Zona Centro &#8211; 58 v\u00edas de iniciaci\u00f3n"},"content":{"rendered":"<p>La Pedriza, La Cabrera, Galayos, El Torozo, Cerro del Bu, Pelayosde la Presa,<br \/>\nPenalara y Penotillo  <\/p>\n<p>Una nueva gu\u00eda en la que el autor, de una forma muy did\u00e1ctica, nos presenta<br \/>\ndesde las v\u00edas m\u00e1s accesibles a las no tan f\u00e1ciles; un recorrido formativo<br \/>\npara que la introducci\u00f3n al mundo vertical de la escalada limpia sea lo m\u00e1s<br \/>\npaulatina, divertida y segura posible.  <\/p>\n<p>Cada una de las 58 v\u00edas propuestas aparece descrita con detalle, intercalando<br \/>\nan\u00e9cdotas y consejos pr\u00e1cticos, y dejando un lugar preferente para su historia<br \/>\ny sus aperturistas.  <\/p>","protected":false},"excerpt":{"rendered":"<p>La Pedriza, La Cabrera, Galayos, El Torozo, Cerro del Bu, Pelayosde la Presa, Penalara y Penotillo Una nueva gu\u00eda en la que el autor, de una forma muy did\u00e1ctica, nos presenta desde las v\u00edas m\u00e1s accesibles a las no tan f\u00e1ciles; un recorrido formativo para que la introducci\u00f3n al mundo vertical de la escalada limpia [&#8230;]\n","protected":false},"featured_media":34630,"template":"","meta":[],"product_brand":[],"product_cat":[21539],"product_tag":[],"class_list":{"0":"post-153692","1":"product","2":"type-product","3":"status-publish","4":"has-post-thumbnail","6":"product_cat-fuehrerliteratur-sportklettern-bouldern","7":"pa_autor-alcojor","8":"pa_erscheinungsjahr-21693","9":"pa_region-spanien","10":"pa_sprache-sp","12":"first","13":"instock","14":"taxable","15":"shipping-taxable","16":"purchasable","17":"product-type-simple"},"_links":{"self":[{"href":"https:\/\/pizbube.ch\/en\/wp-json\/wp\/v2\/product\/153692","targetHints":{"allow":["GET"]}}],"collection":[{"href":"https:\/\/pizbube.ch\/en\/wp-json\/wp\/v2\/product"}],"about":[{"href":"https:\/\/pizbube.ch\/en\/wp-json\/wp\/v2\/types\/product"}],"wp:featuredmedia":[{"embeddable":true,"href":"https:\/\/pizbube.ch\/en\/wp-json\/wp\/v2\/media\/34630"}],"wp:attachment":[{"href":"https:\/\/pizbube.ch\/en\/wp-json\/wp\/v2\/media?parent=153692"}],"wp:term":[{"taxonomy":"product_brand","embeddable":true,"href":"https:\/\/pizbube.ch\/en\/wp-json\/wp\/v2\/product_brand?post=153692"},{"taxonomy":"product_cat","embeddable":true,"href":"https:\/\/pizbube.ch\/en\/wp-json\/wp\/v2\/product_cat?post=153692"},{"taxonomy":"product_tag","embeddable":true,"href":"https:\/\/pizbube.ch\/en\/wp-json\/wp\/v2\/product_tag?post=153692"}],"curies":[{"name":"wp","href":"https:\/\/api.w.org\/{rel}","templated":true}]}}