{"id":153693,"date":"2021-01-15T12:39:29","date_gmt":"2021-01-15T12:39:29","guid":{"rendered":"https:\/\/codengine3.ch\/?product=import-placeholder-for-205386"},"modified":"2021-01-15T14:40:48","modified_gmt":"2021-01-15T14:40:48","slug":"escaladas-en-el-sistema-central-madrid-segovia-avila-salamanca","status":"publish","type":"product","link":"https:\/\/pizbube.ch\/en\/shop\/escaladas-en-el-sistema-central-madrid-segovia-avila-salamanca\/","title":{"rendered":"Escaladas en el Sistema Central Madrid Segovia \u00c1vila Salamanca"},"content":{"rendered":"<p>\nEsta gu\u00eda incluye una selecci\u00f3n de itinerarios equipados y de autoprotecci\u00f3n,<br \/>\ntanto de car\u00e1cter deportivo como cl\u00e1sico, pertenecientes a 26 zonas enclavadas<br \/>\nen el Sistema Central.  <\/p>\n<p>El Sistema Central es una cordillera de m\u00e1s de 500 km de largo y una treintena<br \/>\nde kil\u00f3metros de ancho. Agrupa una quincena de subsistemas o sierras, cuyas<br \/>\naltitudes principales var\u00edan desde los 1.493 m a los 2.592 m. En esta gu\u00eda se<br \/>\ndetallan s\u00f3lo las zonas de las sierras m\u00e1s relevantes para la pr\u00e1ctica de la<br \/>\nescalada.  <\/p>\n<p>Las zonas aparecen agrupadas en cuatro bloques y por provincias: Madrid,<br \/>\nSegovia, \u00c1vila y Salamanca. Para cada escuela se indica su distancia a Madrid-<br \/>\ncapital, el n\u00famero total de v\u00edas y el rango de dificultades existentes. As\u00ed<br \/>\nmismo se detalla la altitud de la cima del risco, la altura m\u00e1xima de la pared<br \/>\ny el tiempo de aproximaci\u00f3n. Cuando se necesita material de autoprotecci\u00f3n, se<br \/>\nprecisa en el texto. En caso contrario, el itinerario puede escalarse s\u00f3lo con<br \/>\ncintas expr\u00e9s.<\/p>","protected":false},"excerpt":{"rendered":"<p>Esta gu\u00eda incluye una selecci\u00f3n de itinerarios equipados y de autoprotecci\u00f3n, tanto de car\u00e1cter deportivo como cl\u00e1sico, pertenecientes a 26 zonas enclavadas en el Sistema Central. El Sistema Central es una cordillera de m\u00e1s de 500 km de largo y una treintena de kil\u00f3metros de ancho. Agrupa una quincena de subsistemas o sierras, cuyas altitudes [&#8230;]\n","protected":false},"featured_media":34072,"template":"","meta":[],"product_brand":[],"product_cat":[21539],"product_tag":[],"class_list":{"0":"post-153693","1":"product","2":"type-product","3":"status-publish","4":"has-post-thumbnail","6":"product_cat-fuehrerliteratur-sportklettern-bouldern","7":"pa_autor-nunez","8":"pa_erscheinungsjahr-21591","9":"pa_region-spanien","10":"pa_sprache-sp","12":"first","13":"instock","14":"taxable","15":"shipping-taxable","16":"purchasable","17":"product-type-simple"},"_links":{"self":[{"href":"https:\/\/pizbube.ch\/en\/wp-json\/wp\/v2\/product\/153693","targetHints":{"allow":["GET"]}}],"collection":[{"href":"https:\/\/pizbube.ch\/en\/wp-json\/wp\/v2\/product"}],"about":[{"href":"https:\/\/pizbube.ch\/en\/wp-json\/wp\/v2\/types\/product"}],"wp:featuredmedia":[{"embeddable":true,"href":"https:\/\/pizbube.ch\/en\/wp-json\/wp\/v2\/media\/34072"}],"wp:attachment":[{"href":"https:\/\/pizbube.ch\/en\/wp-json\/wp\/v2\/media?parent=153693"}],"wp:term":[{"taxonomy":"product_brand","embeddable":true,"href":"https:\/\/pizbube.ch\/en\/wp-json\/wp\/v2\/product_brand?post=153693"},{"taxonomy":"product_cat","embeddable":true,"href":"https:\/\/pizbube.ch\/en\/wp-json\/wp\/v2\/product_cat?post=153693"},{"taxonomy":"product_tag","embeddable":true,"href":"https:\/\/pizbube.ch\/en\/wp-json\/wp\/v2\/product_tag?post=153693"}],"curies":[{"name":"wp","href":"https:\/\/api.w.org\/{rel}","templated":true}]}}