{"id":153694,"date":"2021-01-15T12:39:29","date_gmt":"2021-01-15T12:39:29","guid":{"rendered":"https:\/\/codengine3.ch\/?product=import-placeholder-for-205709"},"modified":"2024-08-06T09:37:21","modified_gmt":"2024-08-06T07:37:21","slug":"geoland-ostschweiz-voralpen-graubuenden","status":"publish","type":"product","link":"https:\/\/pizbube.ch\/en\/shop\/geoland-ostschweiz-voralpen-graubuenden\/","title":{"rendered":"Geoland Ostschweiz &#8211; Voralpen &#8211; Graub\u00fcnden"},"content":{"rendered":"<p>Das Buch stellt eine Auswahl an geologisch interessanten Highlights vor, die<br \/>\nes in diesen Regionen zu entdecken gibt. Der Band enth\u00e4lt Vorschl\u00e4ge f\u00fcr<br \/>\ngr\u00f6ssere und kleinere Wanderungen, Ausfl\u00fcge und Fahrradtouren und regt so zum<br \/>\nnachhaltigen und bewussteren &#8218;Abenteuerwandern&#8216; an. Landschaftliche<br \/>\nBesonderheiten werden mit konkreten Reisetipps verbunden; dies erm\u00f6glicht auch<br \/>\nEinheimischen neue und \u00fcberraschende Einblicke in ihr Land.<\/p>\n<p>Der Band setzt keine besonderen geologischen Kenntnisse voraus: Grundlegende Begriffe und<br \/>\nelementare Prozesse werden separat erl\u00e4utert. Zahlreiche Abbildungen und<br \/>\nhochwertige Fotos lenken den Blick nicht auf die abstrakte Theorie, sondern<br \/>\nladen dazu ein, die Umgebung mit allen Sinnen zu geniessen und die<br \/>\nWechselwirkung zwischen Mensch und Natur bewusst wahrzunehmen.<\/p>","protected":false},"excerpt":{"rendered":"<p>Das Buch stellt eine Auswahl an geologisch interessanten Highlights vor, die es in diesen Regionen zu entdecken gibt. Der Band enth\u00e4lt Vorschl\u00e4ge f\u00fcr gr\u00f6ssere und kleinere Wanderungen, Ausfl\u00fcge und Fahrradtouren und regt so zum nachhaltigen und bewussteren &#8218;Abenteuerwandern&#8216; an. Landschaftliche Besonderheiten werden mit konkreten Reisetipps verbunden; dies erm\u00f6glicht auch Einheimischen neue und \u00fcberraschende Einblicke in [&#8230;]\n","protected":false},"featured_media":34522,"template":"","meta":[],"product_brand":[],"product_cat":[21542],"product_tag":[],"class_list":{"0":"post-153694","1":"product","2":"type-product","3":"status-publish","4":"has-post-thumbnail","6":"product_cat-sachbuecher-dokumentationen","7":"pa_autor-szoenyi","8":"pa_sprache-de","10":"first","11":"instock","12":"taxable","13":"shipping-taxable","14":"purchasable","15":"product-type-simple"},"_links":{"self":[{"href":"https:\/\/pizbube.ch\/en\/wp-json\/wp\/v2\/product\/153694","targetHints":{"allow":["GET"]}}],"collection":[{"href":"https:\/\/pizbube.ch\/en\/wp-json\/wp\/v2\/product"}],"about":[{"href":"https:\/\/pizbube.ch\/en\/wp-json\/wp\/v2\/types\/product"}],"wp:featuredmedia":[{"embeddable":true,"href":"https:\/\/pizbube.ch\/en\/wp-json\/wp\/v2\/media\/34522"}],"wp:attachment":[{"href":"https:\/\/pizbube.ch\/en\/wp-json\/wp\/v2\/media?parent=153694"}],"wp:term":[{"taxonomy":"product_brand","embeddable":true,"href":"https:\/\/pizbube.ch\/en\/wp-json\/wp\/v2\/product_brand?post=153694"},{"taxonomy":"product_cat","embeddable":true,"href":"https:\/\/pizbube.ch\/en\/wp-json\/wp\/v2\/product_cat?post=153694"},{"taxonomy":"product_tag","embeddable":true,"href":"https:\/\/pizbube.ch\/en\/wp-json\/wp\/v2\/product_tag?post=153694"}],"curies":[{"name":"wp","href":"https:\/\/api.w.org\/{rel}","templated":true}]}}