{"id":153697,"date":"2021-01-15T12:39:36","date_gmt":"2021-01-15T12:39:36","guid":{"rendered":"https:\/\/codengine3.ch\/?product=import-placeholder-for-202824"},"modified":"2021-01-15T12:39:40","modified_gmt":"2021-01-15T12:39:40","slug":"die-architektur-der-davoser-alphuetten","status":"publish","type":"product","link":"https:\/\/pizbube.ch\/en\/shop\/die-architektur-der-davoser-alphuetten\/","title":{"rendered":"Die Architektur der Davoser Alph\u00fctten"},"content":{"rendered":"<p>Ernst Ludwig Kircheners &#8218;Alte Sennh\u00fctte&#8216; und ihr Vorbild: 1920 malte Kirchner<br \/>\ndas Bild einer alten Sennh\u00fctte, das trotz der expressiven Verfremdung den<br \/>\nInnenraum einer Davoser Alph\u00fctte samt Inventar \u00e4sserst genau darstellt.<br \/>\nAusgehend von diesem Gem\u00e4lde, das zu den Hauptwerken der fr\u00fchen Schweizer<br \/>\nJahre z\u00e4hlt, hat Andreas Giedion die besondere Bauweise der Alph\u00fctten in der<br \/>\nDavoser Landschaft untersucht. Er hat dabei eine innovative, erstaunlich<br \/>\nkonsequente Architektur entdeckt, welche die topographische Situation, die<br \/>\nvorhandenen Baumaterialien und die zur Verf\u00fcgung stehenden technischen Mittel<br \/>\nbestm\u00f6glichst nutzte.<\/p>","protected":false},"excerpt":{"rendered":"<p>Ernst Ludwig Kircheners &#8218;Alte Sennh\u00fctte&#8216; und ihr Vorbild: 1920 malte Kirchner das Bild einer alten Sennh\u00fctte, das trotz der expressiven Verfremdung den Innenraum einer Davoser Alph\u00fctte samt Inventar \u00e4sserst genau darstellt. Ausgehend von diesem Gem\u00e4lde, das zu den Hauptwerken der fr\u00fchen Schweizer Jahre z\u00e4hlt, hat Andreas Giedion die besondere Bauweise der Alph\u00fctten in der Davoser [&#8230;]\n","protected":false},"featured_media":30271,"template":"","meta":[],"product_brand":[],"product_cat":[21580],"product_tag":[],"class_list":{"0":"post-153697","1":"product","2":"type-product","3":"status-publish","4":"has-post-thumbnail","6":"product_cat-kunst-kultur","7":"pa_autor-giedion","8":"pa_erscheinungsjahr-22292","9":"pa_region-schweiz","10":"pa_sprache-de","12":"first","13":"instock","14":"taxable","15":"shipping-taxable","16":"purchasable","17":"product-type-simple"},"_links":{"self":[{"href":"https:\/\/pizbube.ch\/en\/wp-json\/wp\/v2\/product\/153697","targetHints":{"allow":["GET"]}}],"collection":[{"href":"https:\/\/pizbube.ch\/en\/wp-json\/wp\/v2\/product"}],"about":[{"href":"https:\/\/pizbube.ch\/en\/wp-json\/wp\/v2\/types\/product"}],"wp:featuredmedia":[{"embeddable":true,"href":"https:\/\/pizbube.ch\/en\/wp-json\/wp\/v2\/media\/30271"}],"wp:attachment":[{"href":"https:\/\/pizbube.ch\/en\/wp-json\/wp\/v2\/media?parent=153697"}],"wp:term":[{"taxonomy":"product_brand","embeddable":true,"href":"https:\/\/pizbube.ch\/en\/wp-json\/wp\/v2\/product_brand?post=153697"},{"taxonomy":"product_cat","embeddable":true,"href":"https:\/\/pizbube.ch\/en\/wp-json\/wp\/v2\/product_cat?post=153697"},{"taxonomy":"product_tag","embeddable":true,"href":"https:\/\/pizbube.ch\/en\/wp-json\/wp\/v2\/product_tag?post=153697"}],"curies":[{"name":"wp","href":"https:\/\/api.w.org\/{rel}","templated":true}]}}