{"id":153700,"date":"2021-01-15T12:39:37","date_gmt":"2021-01-15T12:39:37","guid":{"rendered":"https:\/\/codengine3.ch\/?product=import-placeholder-for-204065"},"modified":"2021-11-30T09:36:44","modified_gmt":"2021-11-30T08:36:44","slug":"rund-um-island-auf-der-ringstrasse","status":"publish","type":"product","link":"https:\/\/pizbube.ch\/en\/shop\/rund-um-island-auf-der-ringstrasse\/","title":{"rendered":"Rund um Island auf der Ringstrasse"},"content":{"rendered":"<p>Island, bekannt als &#171;Insel aus Feuer und Eis&#187;, erfreut sich stetig<br \/>\nwachsender Beliebtheit als Urlaubs-, Abenteuer- und Wanderziel. Nirgendwo in<br \/>\nEuropa kann der Reisende so nah in Ber\u00fchrung mit den Urgewalten unserer Erde<br \/>\nkommen: Vulkane, gewaltige Gletscher, hei\u00dfe Quellen, ber\u00fchmte Geysire,<br \/>\nimposante Wasserf\u00e4lle, gro\u00dfartige Gebirgslandschaften, tief eingeschnittene<br \/>\nFjorde mit malerischen Fischerd\u00f6rfern, aber auch \u00f6des und menschenleeres &#8211; nur<br \/>\nvon Trollen bewohntes &#8211; Hochland pr\u00e4gen diese Landschaft und ihre Menschen.<\/p>\n<p>Der kulturell Interessierte kann die Schaupl\u00e4tze aus der Welt der Sagas und<br \/>\nden Geburtsort des \u00fcber 1.000 Jahre alten isl\u00e4ndischen Parlaments besuchen.<br \/>\nDer Naturfreund wird au\u00dferdem das unvorstellbar reiche Vogelleben der Insel<br \/>\nbewundern und vielleicht das Land vom R\u00fccken eines Islandpferdes aus erleben.<br \/>\nDieses Buch ist f\u00fcr Reisende konzipiert, die Island mit dem eigenen Fahrzeug<br \/>\noder einem Mietwagen in zwei bis drei Wochen kennen lernen wollen und liefert<br \/>\nwertvolle Informationen zur Vorbereitung und Durchf\u00fchrung der Reise. Es wird<br \/>\nim Wesentlichen die Nationalstr. 1 (auch Ringstra\u00dfe oder auf Isl\u00e4ndisch<br \/>\nHringvegur) Kilometer f\u00fcr Kilometer in der Art eines Logbuchs beschrieben,<br \/>\nwobei Abstecher und Alternativrouten zu Sehensw\u00fcrdigkeiten wie Gullfoss,<br \/>\n\u00c1sbyrgi und Dettifoss nicht zu kurz kommen.<br \/>\n5. Auflage 2017<\/p>","protected":false},"excerpt":{"rendered":"<p>Island, bekannt als &#171;Insel aus Feuer und Eis&#187;, erfreut sich stetig wachsender Beliebtheit als Urlaubs-, Abenteuer- und Wanderziel. Nirgendwo in Europa kann der Reisende so nah in Ber\u00fchrung mit den Urgewalten unserer Erde kommen: Vulkane, gewaltige Gletscher, hei\u00dfe Quellen, ber\u00fchmte Geysire, imposante Wasserf\u00e4lle, gro\u00dfartige Gebirgslandschaften, tief eingeschnittene Fjorde mit malerischen Fischerd\u00f6rfern, aber auch \u00f6des und [&#8230;]\n","protected":false},"featured_media":33014,"template":"","meta":[],"product_brand":[],"product_cat":[21605],"product_tag":[],"class_list":{"0":"post-153700","1":"product","2":"type-product","3":"status-publish","4":"has-post-thumbnail","6":"product_cat-wanderfuehrer-trekking","7":"pa_autor-richter-stein","8":"pa_erscheinungsjahr-21586","9":"pa_region-arktis-antarktis-groenland-island","10":"pa_sprache-de","12":"first","13":"instock","14":"taxable","15":"shipping-taxable","16":"purchasable","17":"product-type-simple"},"_links":{"self":[{"href":"https:\/\/pizbube.ch\/en\/wp-json\/wp\/v2\/product\/153700","targetHints":{"allow":["GET"]}}],"collection":[{"href":"https:\/\/pizbube.ch\/en\/wp-json\/wp\/v2\/product"}],"about":[{"href":"https:\/\/pizbube.ch\/en\/wp-json\/wp\/v2\/types\/product"}],"wp:featuredmedia":[{"embeddable":true,"href":"https:\/\/pizbube.ch\/en\/wp-json\/wp\/v2\/media\/33014"}],"wp:attachment":[{"href":"https:\/\/pizbube.ch\/en\/wp-json\/wp\/v2\/media?parent=153700"}],"wp:term":[{"taxonomy":"product_brand","embeddable":true,"href":"https:\/\/pizbube.ch\/en\/wp-json\/wp\/v2\/product_brand?post=153700"},{"taxonomy":"product_cat","embeddable":true,"href":"https:\/\/pizbube.ch\/en\/wp-json\/wp\/v2\/product_cat?post=153700"},{"taxonomy":"product_tag","embeddable":true,"href":"https:\/\/pizbube.ch\/en\/wp-json\/wp\/v2\/product_tag?post=153700"}],"curies":[{"name":"wp","href":"https:\/\/api.w.org\/{rel}","templated":true}]}}