{"id":153703,"date":"2021-01-15T12:39:38","date_gmt":"2021-01-15T12:39:38","guid":{"rendered":"https:\/\/codengine3.ch\/?product=import-placeholder-for-202833"},"modified":"2021-01-15T12:39:43","modified_gmt":"2021-01-15T12:39:43","slug":"schussfahrt","status":"publish","type":"product","link":"https:\/\/pizbube.ch\/en\/shop\/schussfahrt\/","title":{"rendered":"Schussfahrt"},"content":{"rendered":"<p>Im Schnee sa\u00df ein Mann, friedlich an einen Baum gelehnt, was mitten im Winter<br \/>\nschon eher ungew\u00f6hnlich war. Weit verbl\u00fcffender fand Jo die Tatsache, dass er<br \/>\nkeine Schuhe, sondern nur dicke gelbe Socken trug. Das eigentlich Irritierende<br \/>\naber war ein Loch in seinem Kopf.  <\/p>\n<p>So dramatisch beginnt ein Wintermorgenritt ins Gunzesrieder Tal f\u00fcr Jo,<br \/>\nDirektorin des lokalen Tourismusverbandes. Der Tote entpuppt sich als ein<br \/>\nschw\u00e4bischer Baul\u00f6we, der zu Lebzeiten so unbeliebt war wie Kopfl\u00e4use,<br \/>\n\u00dcberschwemmungen und Murenabg\u00e4nge zusammen. Sein liebstes Baby war das Event<br \/>\nCastle, ein gigantomanischer Freizeitkomplex, den er mitten in die intakte<br \/>\nNatur pflanzen wollte. Der Hauptkommissar aus Augsburg macht unter den Gegnern<br \/>\ndes \u00bbEvent Castle\u00ab gleich jede Menge Verd\u00e4chtiger aus, aber Jo sp\u00fcrt, dass das<br \/>\nalles nur die halbe Wahrheit sein kann und recheriert auf eigene Faust. Bald<br \/>\nwird sie tief in die Abgr\u00fcnde der Ski-Renn-Szene gef\u00fchrt und in einen Strudel<br \/>\nwiderspr\u00fcchlicher Gef\u00fchle gerissen. Und ein erneuter Ausritt zur Mordstelle<br \/>\nentpuppt sich als fataler Fehler.  <\/p>","protected":false},"excerpt":{"rendered":"<p>Im Schnee sa\u00df ein Mann, friedlich an einen Baum gelehnt, was mitten im Winter schon eher ungew\u00f6hnlich war. Weit verbl\u00fcffender fand Jo die Tatsache, dass er keine Schuhe, sondern nur dicke gelbe Socken trug. Das eigentlich Irritierende aber war ein Loch in seinem Kopf. So dramatisch beginnt ein Wintermorgenritt ins Gunzesrieder Tal f\u00fcr Jo, Direktorin [&#8230;]\n","protected":false},"featured_media":30284,"template":"","meta":[],"product_brand":[],"product_cat":[21629],"product_tag":[],"class_list":{"0":"post-153703","1":"product","2":"type-product","3":"status-publish","4":"has-post-thumbnail","6":"product_cat-belletristik","7":"pa_autor-foerg","8":"pa_erscheinungsjahr-22144","9":"pa_region-deutschland","10":"pa_sprache-de","12":"first","13":"instock","14":"taxable","15":"shipping-taxable","16":"purchasable","17":"product-type-simple"},"_links":{"self":[{"href":"https:\/\/pizbube.ch\/en\/wp-json\/wp\/v2\/product\/153703","targetHints":{"allow":["GET"]}}],"collection":[{"href":"https:\/\/pizbube.ch\/en\/wp-json\/wp\/v2\/product"}],"about":[{"href":"https:\/\/pizbube.ch\/en\/wp-json\/wp\/v2\/types\/product"}],"wp:featuredmedia":[{"embeddable":true,"href":"https:\/\/pizbube.ch\/en\/wp-json\/wp\/v2\/media\/30284"}],"wp:attachment":[{"href":"https:\/\/pizbube.ch\/en\/wp-json\/wp\/v2\/media?parent=153703"}],"wp:term":[{"taxonomy":"product_brand","embeddable":true,"href":"https:\/\/pizbube.ch\/en\/wp-json\/wp\/v2\/product_brand?post=153703"},{"taxonomy":"product_cat","embeddable":true,"href":"https:\/\/pizbube.ch\/en\/wp-json\/wp\/v2\/product_cat?post=153703"},{"taxonomy":"product_tag","embeddable":true,"href":"https:\/\/pizbube.ch\/en\/wp-json\/wp\/v2\/product_tag?post=153703"}],"curies":[{"name":"wp","href":"https:\/\/api.w.org\/{rel}","templated":true}]}}