{"id":153704,"date":"2021-01-15T12:39:38","date_gmt":"2021-01-15T12:39:38","guid":{"rendered":"https:\/\/codengine3.ch\/?product=import-placeholder-for-202834"},"modified":"2026-03-03T11:03:50","modified_gmt":"2026-03-03T10:03:50","slug":"cinque-terre-und-ligurien","status":"publish","type":"product","link":"https:\/\/pizbube.ch\/en\/shop\/cinque-terre-und-ligurien\/","title":{"rendered":"Cinque Terre und Ligurien"},"content":{"rendered":"<p>Die 40 sch\u00f6nsten Touren<\/p>\n<p>Steile Klippen und liebliche Sandstr\u00e4nde, alpine Gipfel und sanftes H\u00fcgelland,<br \/>\ntrockene Macchia und \u00fcppige Gebirgsblumen: In Ligurien liegen nicht nur die<br \/>\nlandschaftlichen Kontraste dicht beieinander, auch kulturelle und kulinarische<br \/>\nSpezialit\u00e4ten finden sich zwischen Meer und Gebirge auf kleinstem Raum.<br \/>\nWanderwege bietet die pittoreske Steilk\u00fcste der Cinque Terre in H\u00fclle und<br \/>\nF\u00fclle. Erleben Sie auf 40 Touren die ganze Sch\u00f6nheit der drittkleinsten Region<br \/>\nItaliens<\/p>","protected":false},"excerpt":{"rendered":"<p>Die 40 sch\u00f6nsten Touren Steile Klippen und liebliche Sandstr\u00e4nde, alpine Gipfel und sanftes H\u00fcgelland, trockene Macchia und \u00fcppige Gebirgsblumen: In Ligurien liegen nicht nur die landschaftlichen Kontraste dicht beieinander, auch kulturelle und kulinarische Spezialit\u00e4ten finden sich zwischen Meer und Gebirge auf kleinstem Raum. Wanderwege bietet die pittoreske Steilk\u00fcste der Cinque Terre in H\u00fclle und F\u00fclle. [&#8230;]\n","protected":false},"featured_media":39272,"template":"","meta":[],"product_brand":[],"product_cat":[21605],"product_tag":[],"class_list":{"0":"post-153704","1":"product","2":"type-product","3":"status-publish","4":"has-post-thumbnail","6":"product_cat-wanderfuehrer-trekking","7":"pa_autor-proettel","8":"pa_erscheinungsjahr-21610","9":"pa_region-italien","10":"pa_sprache-de","12":"first","13":"outofstock","14":"taxable","15":"shipping-taxable","16":"purchasable","17":"product-type-simple"},"_links":{"self":[{"href":"https:\/\/pizbube.ch\/en\/wp-json\/wp\/v2\/product\/153704","targetHints":{"allow":["GET"]}}],"collection":[{"href":"https:\/\/pizbube.ch\/en\/wp-json\/wp\/v2\/product"}],"about":[{"href":"https:\/\/pizbube.ch\/en\/wp-json\/wp\/v2\/types\/product"}],"wp:featuredmedia":[{"embeddable":true,"href":"https:\/\/pizbube.ch\/en\/wp-json\/wp\/v2\/media\/39272"}],"wp:attachment":[{"href":"https:\/\/pizbube.ch\/en\/wp-json\/wp\/v2\/media?parent=153704"}],"wp:term":[{"taxonomy":"product_brand","embeddable":true,"href":"https:\/\/pizbube.ch\/en\/wp-json\/wp\/v2\/product_brand?post=153704"},{"taxonomy":"product_cat","embeddable":true,"href":"https:\/\/pizbube.ch\/en\/wp-json\/wp\/v2\/product_cat?post=153704"},{"taxonomy":"product_tag","embeddable":true,"href":"https:\/\/pizbube.ch\/en\/wp-json\/wp\/v2\/product_tag?post=153704"}],"curies":[{"name":"wp","href":"https:\/\/api.w.org\/{rel}","templated":true}]}}