{"id":153706,"date":"2021-01-15T12:39:38","date_gmt":"2021-01-15T12:39:38","guid":{"rendered":"https:\/\/codengine3.ch\/?product=import-placeholder-for-205352"},"modified":"2024-02-16T16:22:41","modified_gmt":"2024-02-16T15:22:41","slug":"cinque-terre-und-umgebung","status":"publish","type":"product","link":"https:\/\/pizbube.ch\/en\/shop\/cinque-terre-und-umgebung\/","title":{"rendered":"Cinque Terre und ligurische K\u00fcste &#8211; 31 Wandertouren"},"content":{"rendered":"<p><span class=\"value\">Dieser aktuelle Wanderf\u00fchrer erschlie\u00dft die Natursch\u00f6nheiten der Region, aber auch die kulturellen Highlights zwischen Imperia und La Spezia. Das Buch enth\u00e4lt ausf\u00fchrliche Tourenbeschreibungen mit exakten Karten und H\u00f6henprofilen zu: + 10 Wanderungen im Kerngebiet Cinque Terre, + 4 Wanderungen am Golf von La Spezia, + 4 Wanderungen an der Baie del Levante, + 4 Wanderungen Rapallo und Portofino, + 3 Wanderungen bei Genua (samt Stadtrundgang), + 4 Wanderungen an der Riviera di Ponente, + 2 Wanderungen an der Blumenriviera. <\/span><\/p>\n<p><span class=\"value\">Dar\u00fcber hinaus bietet der Wanderf\u00fchrer n\u00fctzliches Reise-Know-how f\u00fcr Individualreisende: + Vorbereitung der Reise: Was geh\u00f6rt ins Gep\u00e4ck? Wie reist man am besten an? Billigfl\u00fcge nach Genua und Pisa. + Vorbereitung der Wanderungen: Anforderungen, Dauer und H\u00f6henunterschiede, Ausr\u00fcstung und Kartenmaterial. + Die St\u00fctzpunkte f\u00fcr Wanderungen in den Cinque Terre: Monterosso al Mare, Vernazza, Corniglia, Manarola, Riomaggiore, La Spezia und Portovenere samt genauen Ortspl\u00e4nen. + Vino e Pasta: Die Cinque Terre als gastronomisches Paradies und Heimat von Ravioli und Pansotti. <\/span><\/p>\n<p><span class=\"value\">Mit umfassendem kulinarischen Lexikon. + GPS-Tracks zum kostenlosen Download: F\u00fcr alle im Buch vorgestellten Wanderungen stehen GPS-Tracks in den Formaten gpx und kml zum kostenlosen Download bereit<\/span><\/p>","protected":false},"excerpt":{"rendered":"<p>Dieser aktuelle Wanderf\u00fchrer erschlie\u00dft die Natursch\u00f6nheiten der Region, aber auch die kulturellen Highlights zwischen Imperia und La Spezia. Das Buch enth\u00e4lt ausf\u00fchrliche Tourenbeschreibungen mit exakten Karten und H\u00f6henprofilen zu: + 10 Wanderungen im Kerngebiet Cinque Terre, + 4 Wanderungen am Golf von La Spezia, + 4 Wanderungen an der Baie del Levante, + 4 Wanderungen [&#8230;]\n","protected":false},"featured_media":171650,"template":"","meta":[],"product_brand":[],"product_cat":[21605],"product_tag":[],"class_list":{"0":"post-153706","1":"product","2":"type-product","3":"status-publish","4":"has-post-thumbnail","6":"product_cat-wanderfuehrer-trekking","7":"pa_autor-goergens","8":"pa_erscheinungsjahr-21574","9":"pa_region-italien","10":"pa_sprache-de","12":"first","13":"instock","14":"taxable","15":"shipping-taxable","16":"purchasable","17":"product-type-simple"},"_links":{"self":[{"href":"https:\/\/pizbube.ch\/en\/wp-json\/wp\/v2\/product\/153706","targetHints":{"allow":["GET"]}}],"collection":[{"href":"https:\/\/pizbube.ch\/en\/wp-json\/wp\/v2\/product"}],"about":[{"href":"https:\/\/pizbube.ch\/en\/wp-json\/wp\/v2\/types\/product"}],"wp:featuredmedia":[{"embeddable":true,"href":"https:\/\/pizbube.ch\/en\/wp-json\/wp\/v2\/media\/171650"}],"wp:attachment":[{"href":"https:\/\/pizbube.ch\/en\/wp-json\/wp\/v2\/media?parent=153706"}],"wp:term":[{"taxonomy":"product_brand","embeddable":true,"href":"https:\/\/pizbube.ch\/en\/wp-json\/wp\/v2\/product_brand?post=153706"},{"taxonomy":"product_cat","embeddable":true,"href":"https:\/\/pizbube.ch\/en\/wp-json\/wp\/v2\/product_cat?post=153706"},{"taxonomy":"product_tag","embeddable":true,"href":"https:\/\/pizbube.ch\/en\/wp-json\/wp\/v2\/product_tag?post=153706"}],"curies":[{"name":"wp","href":"https:\/\/api.w.org\/{rel}","templated":true}]}}