{"id":153707,"date":"2021-01-15T12:39:38","date_gmt":"2021-01-15T12:39:38","guid":{"rendered":"https:\/\/codengine3.ch\/?product=import-placeholder-for-204953"},"modified":"2021-09-28T17:47:28","modified_gmt":"2021-09-28T15:47:28","slug":"la-provincia-di-imperia-1-50-000","status":"publish","type":"product","link":"https:\/\/pizbube.ch\/en\/shop\/la-provincia-di-imperia-1-50-000\/","title":{"rendered":"LA PROVINCIA DI IMPERIA 1: 50 000"},"content":{"rendered":"<p>Wanderkarte 1: 50 000<\/p>\n<p>mit Angaben betreffend Wanderm\u00f6glichkeiten, Kunst, Natur, Geschichte und<br \/>\nn\u00fctzlichen Adressen auf der R\u00fcckseite.<\/p>\n<p>Una carta completa con i sentieri dell&#8217;entroterra della Riviera dei Fiori,<br \/>\ndagli itinerari di lunga percorrenza come l&#8217;Alta Via dei Monti Liguri, la Via<br \/>\nAlpina e il Sentiero Balcone, ai sentieri realizzati dai Comuni e Comunit\u00e0<br \/>\nMontane. Piantine topografiche di tutti i sentieri attraversati. Sul retro, 40<br \/>\npagine di testo con la descrizione e il profilo altimetrico degli itinerari,<br \/>\nle informazioni turistiche sulla ricettivit\u00e0, le offerte di escursioni a tema<br \/>\nsul territorio.<\/p>\n<p>Testi in italiano, francese, tedesco<\/p>","protected":false},"excerpt":{"rendered":"<p>Wanderkarte 1: 50 000 mit Angaben betreffend Wanderm\u00f6glichkeiten, Kunst, Natur, Geschichte und n\u00fctzlichen Adressen auf der R\u00fcckseite. Una carta completa con i sentieri dell&#8217;entroterra della Riviera dei Fiori, dagli itinerari di lunga percorrenza come l&#8217;Alta Via dei Monti Liguri, la Via Alpina e il Sentiero Balcone, ai sentieri realizzati dai Comuni e Comunit\u00e0 Montane. Piantine [&#8230;]\n","protected":false},"featured_media":33514,"template":"","meta":[],"product_brand":[],"product_cat":[21543],"product_tag":[],"class_list":{"0":"post-153707","1":"product","2":"type-product","3":"status-publish","4":"has-post-thumbnail","6":"product_cat-landkarten","7":"pa_autor-bluedizioni","8":"pa_erscheinungsjahr-21830","9":"pa_region-schweiz","10":"pa_sprache-d","11":"pa_sprache-e","12":"pa_sprache-f","13":"pa_sprache-i","15":"first","16":"outofstock","17":"taxable","18":"shipping-taxable","19":"purchasable","20":"product-type-simple"},"_links":{"self":[{"href":"https:\/\/pizbube.ch\/en\/wp-json\/wp\/v2\/product\/153707","targetHints":{"allow":["GET"]}}],"collection":[{"href":"https:\/\/pizbube.ch\/en\/wp-json\/wp\/v2\/product"}],"about":[{"href":"https:\/\/pizbube.ch\/en\/wp-json\/wp\/v2\/types\/product"}],"wp:featuredmedia":[{"embeddable":true,"href":"https:\/\/pizbube.ch\/en\/wp-json\/wp\/v2\/media\/33514"}],"wp:attachment":[{"href":"https:\/\/pizbube.ch\/en\/wp-json\/wp\/v2\/media?parent=153707"}],"wp:term":[{"taxonomy":"product_brand","embeddable":true,"href":"https:\/\/pizbube.ch\/en\/wp-json\/wp\/v2\/product_brand?post=153707"},{"taxonomy":"product_cat","embeddable":true,"href":"https:\/\/pizbube.ch\/en\/wp-json\/wp\/v2\/product_cat?post=153707"},{"taxonomy":"product_tag","embeddable":true,"href":"https:\/\/pizbube.ch\/en\/wp-json\/wp\/v2\/product_tag?post=153707"}],"curies":[{"name":"wp","href":"https:\/\/api.w.org\/{rel}","templated":true}]}}