{"id":153709,"date":"2021-01-15T12:39:38","date_gmt":"2021-01-15T12:39:38","guid":{"rendered":"https:\/\/codengine3.ch\/?product=import-placeholder-for-204221"},"modified":"2022-05-21T10:56:33","modified_gmt":"2022-05-21T08:56:33","slug":"die-laegern-eine-gratwanderung","status":"publish","type":"product","link":"https:\/\/pizbube.ch\/en\/shop\/die-laegern-eine-gratwanderung\/","title":{"rendered":"Die L\u00e4gern &#8211; eine Gratwanderung"},"content":{"rendered":"<p>Landschaft und Kultur eines Grenzberges.<\/p>\n<p>Die L\u00e4gern als letzter Ausl\u00e4ufer des<br \/>\nJuras steht sowohl geologisch wie biologisch, landschaftlich und kulturell am<br \/>\nRand, an der Grenze von Regionen.<\/p>\n<p>Ein Berg, der ein grosses Potenzial an<br \/>\nGeschichten und Geschichte, aber auch an Bildern birgt. Die L\u00e4gern ist<br \/>\nNaherholungsgebiet und Aussichtspunkt, Naturschutzgebiet und<br \/>\nRohstofflieferant, und f\u00fcr viele Leute aus dem Millionen-Z\u00fcrich ein St\u00fcck<br \/>\nvertraute Heimat.<\/p>\n<p>Auszug aus dem Inhalt:<br \/>\nEin Juragebirge im Mittelland \u2013 Die Erforschung der L\u00e4gern \u2013 Auf Fossiliensuche \u2013 Naturvielfalt als Kulturauftrag \u2013 Wald und Mensch an der L\u00e4gern \u2013 Von ersten Siedlungsspuren zur Burgruine \u2013 Eine Staats- und Konfessionsgrenze quer zum Grat \u2013 Rohstoffabbau an der L\u00e4gern \u2013 Alpwirtschaft auf der L\u00e4gerenweid \u2013 Ein Tourengebiet f\u00fcr Erholung und Sport \u2013 Eine Landschaft von nationaler Bedeutung<\/p>\n<p>160 Seiten<br \/>\n138 farbige und 42 sw Abbildungen<\/p>\n<p>gebunden mit Schutzumschlag<br \/>\n23 \u00d7 30 cm; 3., durchges. u. aktualis. Aufl.<\/p>","protected":false},"excerpt":{"rendered":"<p>Landschaft und Kultur eines Grenzberges. Die L\u00e4gern als letzter Ausl\u00e4ufer des Juras steht sowohl geologisch wie biologisch, landschaftlich und kulturell am Rand, an der Grenze von Regionen. Ein Berg, der ein grosses Potenzial an Geschichten und Geschichte, aber auch an Bildern birgt. Die L\u00e4gern ist Naherholungsgebiet und Aussichtspunkt, Naturschutzgebiet und Rohstofflieferant, und f\u00fcr viele Leute [&#8230;]\n","protected":false},"featured_media":32012,"template":"","meta":[],"product_brand":[],"product_cat":[21542],"product_tag":[],"class_list":{"0":"post-153709","1":"product","2":"type-product","3":"status-publish","4":"has-post-thumbnail","6":"product_cat-sachbuecher-dokumentationen","7":"pa_autor-meier","8":"pa_erscheinungsjahr-21591","9":"pa_region-schweiz","10":"pa_sprache-de","12":"first","13":"instock","14":"taxable","15":"shipping-taxable","16":"purchasable","17":"product-type-simple"},"_links":{"self":[{"href":"https:\/\/pizbube.ch\/en\/wp-json\/wp\/v2\/product\/153709","targetHints":{"allow":["GET"]}}],"collection":[{"href":"https:\/\/pizbube.ch\/en\/wp-json\/wp\/v2\/product"}],"about":[{"href":"https:\/\/pizbube.ch\/en\/wp-json\/wp\/v2\/types\/product"}],"wp:featuredmedia":[{"embeddable":true,"href":"https:\/\/pizbube.ch\/en\/wp-json\/wp\/v2\/media\/32012"}],"wp:attachment":[{"href":"https:\/\/pizbube.ch\/en\/wp-json\/wp\/v2\/media?parent=153709"}],"wp:term":[{"taxonomy":"product_brand","embeddable":true,"href":"https:\/\/pizbube.ch\/en\/wp-json\/wp\/v2\/product_brand?post=153709"},{"taxonomy":"product_cat","embeddable":true,"href":"https:\/\/pizbube.ch\/en\/wp-json\/wp\/v2\/product_cat?post=153709"},{"taxonomy":"product_tag","embeddable":true,"href":"https:\/\/pizbube.ch\/en\/wp-json\/wp\/v2\/product_tag?post=153709"}],"curies":[{"name":"wp","href":"https:\/\/api.w.org\/{rel}","templated":true}]}}