{"id":153710,"date":"2021-01-15T12:39:39","date_gmt":"2021-01-15T12:39:39","guid":{"rendered":"https:\/\/codengine3.ch\/?product=import-placeholder-for-203710"},"modified":"2021-01-15T14:25:54","modified_gmt":"2021-01-15T14:25:54","slug":"50-ascensiones-clasicas-guia-de-la-alta-montana-iberica","status":"publish","type":"product","link":"https:\/\/pizbube.ch\/en\/shop\/50-ascensiones-clasicas-guia-de-la-alta-montana-iberica\/","title":{"rendered":"50 ascensiones cl\u00e1sicas. Gu\u00eda de la alta monta\u00f1a ib\u00e9rica"},"content":{"rendered":"<p>He aqu\u00ed una recopilaci\u00f3n de las 50 mejores ascensiones a las monta\u00f1as m\u00e1s<br \/>\nrepresentativas de Espa\u00f1a. Un viaje por las alturas de nuestros principales<br \/>\nsistemas monta\u00f1osos: desde las salvajes cumbres del Pirineo a la esbelta<br \/>\nSierra Nevada, pasando por el Sistema Central y, c\u00f3mo no, por los Picos de<br \/>\nEuropa y la Cordillera Cant\u00e1brica.<br \/>\nCada ascensi\u00f3n se encuentra perfectamente descrita con los puntos de paso m\u00e1s<br \/>\nsignificativos. Tambi\u00e9n hemos incluido fotograf\u00edas panor\u00e1micas a todo color en<br \/>\nlas que hemos marcado el trazado de la ruta, as\u00ed como el correspondiente mapa<br \/>\nde situaci\u00f3n y ficha t\u00e9cnica. Toda la informaci\u00f3n para que planifiques tus<br \/>\nascensiones a las monta\u00f1as m\u00e1s cl\u00e1sicas de la Pen\u00ednsula.  <\/p>","protected":false},"excerpt":{"rendered":"<p>He aqu\u00ed una recopilaci\u00f3n de las 50 mejores ascensiones a las monta\u00f1as m\u00e1s representativas de Espa\u00f1a. Un viaje por las alturas de nuestros principales sistemas monta\u00f1osos: desde las salvajes cumbres del Pirineo a la esbelta Sierra Nevada, pasando por el Sistema Central y, c\u00f3mo no, por los Picos de Europa y la Cordillera Cant\u00e1brica. Cada [&#8230;]\n","protected":false},"featured_media":31374,"template":"","meta":[],"product_brand":[],"product_cat":[21544],"product_tag":[],"class_list":{"0":"post-153710","1":"product","2":"type-product","3":"status-publish","4":"has-post-thumbnail","6":"product_cat-fuehrerliteratur-alpin-sommer","7":"pa_autor-lora-del-cerro","8":"pa_erscheinungsjahr-21776","9":"pa_region-spanien","10":"pa_sprache-sp","12":"first","13":"instock","14":"taxable","15":"shipping-taxable","16":"purchasable","17":"product-type-simple"},"_links":{"self":[{"href":"https:\/\/pizbube.ch\/en\/wp-json\/wp\/v2\/product\/153710","targetHints":{"allow":["GET"]}}],"collection":[{"href":"https:\/\/pizbube.ch\/en\/wp-json\/wp\/v2\/product"}],"about":[{"href":"https:\/\/pizbube.ch\/en\/wp-json\/wp\/v2\/types\/product"}],"wp:featuredmedia":[{"embeddable":true,"href":"https:\/\/pizbube.ch\/en\/wp-json\/wp\/v2\/media\/31374"}],"wp:attachment":[{"href":"https:\/\/pizbube.ch\/en\/wp-json\/wp\/v2\/media?parent=153710"}],"wp:term":[{"taxonomy":"product_brand","embeddable":true,"href":"https:\/\/pizbube.ch\/en\/wp-json\/wp\/v2\/product_brand?post=153710"},{"taxonomy":"product_cat","embeddable":true,"href":"https:\/\/pizbube.ch\/en\/wp-json\/wp\/v2\/product_cat?post=153710"},{"taxonomy":"product_tag","embeddable":true,"href":"https:\/\/pizbube.ch\/en\/wp-json\/wp\/v2\/product_tag?post=153710"}],"curies":[{"name":"wp","href":"https:\/\/api.w.org\/{rel}","templated":true}]}}