{"id":153711,"date":"2021-01-15T12:39:39","date_gmt":"2021-01-15T12:39:39","guid":{"rendered":"https:\/\/codengine3.ch\/?product=import-placeholder-for-206530"},"modified":"2021-01-15T14:49:39","modified_gmt":"2021-01-15T14:49:39","slug":"cerro-torre-aspettando-un-chiodo","status":"publish","type":"product","link":"https:\/\/pizbube.ch\/en\/shop\/cerro-torre-aspettando-un-chiodo\/","title":{"rendered":"Cerro Torre &#8211; Aspettando un chiodo"},"content":{"rendered":"<p>Il Cerro Torre \u00e8 una montagna di poco pi\u00f9 di 3&#8217;000 metri di altezza, 3&#8217;128 per<br \/>\nl&#8217;esattezza, in Patagonia, nel sud dell&#8217;Argentina, ma \u00e8 una delle pi\u00f9<br \/>\ndifficili al mondo e infatti la sua conquista da parte di Cesare Maestri e<br \/>\nToni Egger nel 1959 fu da alcuni considerata la pi\u00f9 grande impresa alpinistica<br \/>\ndi tutti i tempi. Ma Cesare Maestri \u00e8 davvero arrivato in vetta al Cerro<br \/>\nTorre?<\/p>","protected":false},"excerpt":{"rendered":"<p>Il Cerro Torre \u00e8 una montagna di poco pi\u00f9 di 3&#8217;000 metri di altezza, 3&#8217;128 per l&#8217;esattezza, in Patagonia, nel sud dell&#8217;Argentina, ma \u00e8 una delle pi\u00f9 difficili al mondo e infatti la sua conquista da parte di Cesare Maestri e Toni Egger nel 1959 fu da alcuni considerata la pi\u00f9 grande impresa alpinistica di [&#8230;]\n","protected":false},"featured_media":35583,"template":"","meta":[],"product_brand":[],"product_cat":[21542],"product_tag":[],"class_list":{"0":"post-153711","1":"product","2":"type-product","3":"status-publish","4":"has-post-thumbnail","6":"product_cat-sachbuecher-dokumentationen","7":"pa_autor-grandi","8":"pa_erscheinungsjahr-21842","9":"pa_region-amerika-sued","10":"pa_sprache-it","12":"first","13":"instock","14":"taxable","15":"shipping-taxable","16":"purchasable","17":"product-type-simple"},"_links":{"self":[{"href":"https:\/\/pizbube.ch\/en\/wp-json\/wp\/v2\/product\/153711","targetHints":{"allow":["GET"]}}],"collection":[{"href":"https:\/\/pizbube.ch\/en\/wp-json\/wp\/v2\/product"}],"about":[{"href":"https:\/\/pizbube.ch\/en\/wp-json\/wp\/v2\/types\/product"}],"wp:featuredmedia":[{"embeddable":true,"href":"https:\/\/pizbube.ch\/en\/wp-json\/wp\/v2\/media\/35583"}],"wp:attachment":[{"href":"https:\/\/pizbube.ch\/en\/wp-json\/wp\/v2\/media?parent=153711"}],"wp:term":[{"taxonomy":"product_brand","embeddable":true,"href":"https:\/\/pizbube.ch\/en\/wp-json\/wp\/v2\/product_brand?post=153711"},{"taxonomy":"product_cat","embeddable":true,"href":"https:\/\/pizbube.ch\/en\/wp-json\/wp\/v2\/product_cat?post=153711"},{"taxonomy":"product_tag","embeddable":true,"href":"https:\/\/pizbube.ch\/en\/wp-json\/wp\/v2\/product_tag?post=153711"}],"curies":[{"name":"wp","href":"https:\/\/api.w.org\/{rel}","templated":true}]}}