{"id":153713,"date":"2021-01-15T12:39:46","date_gmt":"2021-01-15T12:39:46","guid":{"rendered":"https:\/\/codengine3.ch\/?product=import-placeholder-for-205454"},"modified":"2021-01-15T14:41:23","modified_gmt":"2021-01-15T14:41:23","slug":"der-steingaenger","status":"publish","type":"product","link":"https:\/\/pizbube.ch\/en\/shop\/der-steingaenger\/","title":{"rendered":"Der Steing\u00e4nger"},"content":{"rendered":"<p>Freundschaft, Verrat &#8211; und ein m\u00f6rderisches Geheimnis inmitten der Berge<br \/>\nPiemonts  <\/p>\n<p>In einem piemontesischen Tal wird ein Mann umgebracht: Cesare gilt als<br \/>\nHauptverd\u00e4chtiger f\u00fcr den Mord an seinem Kumpanen Fausto, mit dem er jahrelang<br \/>\nFl\u00fcchtlinge von Italien \u00fcber die Berge nach Frankreich gebracht hat. Hat die<br \/>\nTat einen politischen Hintergrund? Und warum umgibt die Dorfbewohner eine<br \/>\nexplosive Stille? Welches Geheimnis h\u00fcten sie? Erst als eine Frau das<br \/>\nSchweigen bricht, kommt es zu einer \u00fcberraschenden Wendung, und Cesare, der<br \/>\nSteing\u00e4nger, der Wahrheit gef\u00e4hrlich nahe.  <\/p>","protected":false},"excerpt":{"rendered":"<p>Freundschaft, Verrat &#8211; und ein m\u00f6rderisches Geheimnis inmitten der Berge Piemonts In einem piemontesischen Tal wird ein Mann umgebracht: Cesare gilt als Hauptverd\u00e4chtiger f\u00fcr den Mord an seinem Kumpanen Fausto, mit dem er jahrelang Fl\u00fcchtlinge von Italien \u00fcber die Berge nach Frankreich gebracht hat. Hat die Tat einen politischen Hintergrund? Und warum umgibt die Dorfbewohner [&#8230;]\n","protected":false},"featured_media":34163,"template":"","meta":[],"product_brand":[],"product_cat":[21629],"product_tag":[],"class_list":{"0":"post-153713","1":"product","2":"type-product","3":"status-publish","4":"has-post-thumbnail","6":"product_cat-belletristik","7":"pa_autor-longo","8":"pa_erscheinungsjahr-21591","9":"pa_region-italien","10":"pa_sprache-de","12":"first","13":"instock","14":"taxable","15":"shipping-taxable","16":"purchasable","17":"product-type-simple"},"_links":{"self":[{"href":"https:\/\/pizbube.ch\/en\/wp-json\/wp\/v2\/product\/153713","targetHints":{"allow":["GET"]}}],"collection":[{"href":"https:\/\/pizbube.ch\/en\/wp-json\/wp\/v2\/product"}],"about":[{"href":"https:\/\/pizbube.ch\/en\/wp-json\/wp\/v2\/types\/product"}],"wp:featuredmedia":[{"embeddable":true,"href":"https:\/\/pizbube.ch\/en\/wp-json\/wp\/v2\/media\/34163"}],"wp:attachment":[{"href":"https:\/\/pizbube.ch\/en\/wp-json\/wp\/v2\/media?parent=153713"}],"wp:term":[{"taxonomy":"product_brand","embeddable":true,"href":"https:\/\/pizbube.ch\/en\/wp-json\/wp\/v2\/product_brand?post=153713"},{"taxonomy":"product_cat","embeddable":true,"href":"https:\/\/pizbube.ch\/en\/wp-json\/wp\/v2\/product_cat?post=153713"},{"taxonomy":"product_tag","embeddable":true,"href":"https:\/\/pizbube.ch\/en\/wp-json\/wp\/v2\/product_tag?post=153713"}],"curies":[{"name":"wp","href":"https:\/\/api.w.org\/{rel}","templated":true}]}}