{"id":153716,"date":"2021-01-15T12:39:46","date_gmt":"2021-01-15T12:39:46","guid":{"rendered":"https:\/\/codengine3.ch\/?product=import-placeholder-for-206082"},"modified":"2025-01-14T10:53:46","modified_gmt":"2025-01-14T09:53:46","slug":"tadschikistan","status":"publish","type":"product","link":"https:\/\/pizbube.ch\/en\/shop\/tadschikistan\/","title":{"rendered":"Tadschikistan -Mit Duschanbe, Pamir und Fan-Gebirge"},"content":{"rendered":"<p>Alle Regionen Tadschikistans auf 456 Seiten- Fundierte landeskundliche<br \/>\nInformationen- 21 Stadtpl\u00e4ne, \u00dcbersichts- und Regionalkarten- Ausf\u00fchrliche<br \/>\npraktische Reisetipps- Mehr als 250 Fotos und Abbildungen.<\/p>\n<p>Viele Tipps f\u00fcr IndividualreisendeTadschikistan wird auch gerne die &#171;Schweiz<br \/>\nZentralasiens&#187; genannt. Vor allem die Hochgebirgsregionen des Landes mit<br \/>\nGipfeln \u00fcber 7000 Metern locken mit vielf\u00e4ltigen Reiseerlebnissen: Eine Fahrt<br \/>\nauf dem Pamir Highway \u00fcber das Dach der Welt, ein Bad in hei\u00dfen Quellen, die<br \/>\nBeobachtung seltener Wildtiere, eine Kameltour entlang der alten Seidenstra\u00dfe<br \/>\noder eine Wanderung vorbei an t\u00fcrkisfarbenen Seen und Berggiganten &#8211; das sind<br \/>\nnur einige der M\u00f6glichkeiten.<\/p>\n<p>Auch kulturell hat das kleine Land viel zu bieten. So kann man auf den Spuren<br \/>\nvorchristlicher Kulturen, des Buddhismus und des Islam reisen. \u00dcberall wird<br \/>\nder Reisende auf herzliche Gastfreundschaft und ein kleines Abenteuer<br \/>\ntreffen.Dieser Reisef\u00fchrer gibt zahlreiche Hinweise zur Vorbereitung einer<br \/>\nunvergesslichen Reise. Detaillierte Tipps zu Unterk\u00fcnften, Routen und<br \/>\nReisem\u00f6glichkeiten im Land erm\u00f6glichen einen besonderen und individuellen<br \/>\nAufenthalt, ausf\u00fchrliche Informationen zu Geschichte und Lebensweise geben<br \/>\neinen tiefen Einblick in die tadschikische Kultur.<\/p>\n<p><span class=\"value\">4., vollst\u00e4ndig \u00fcberarbeitete<\/span> Auflage 2025,<br \/>\n468 Seiten, 283 Fotos und historische Abbildungen, komplett in Farbe, 21 Stadtpl\u00e4ne und \u00dcbersichtskarten, farbige Klappkarten<\/p>","protected":false},"excerpt":{"rendered":"<p>Alle Regionen Tadschikistans auf 456 Seiten- Fundierte landeskundliche Informationen- 21 Stadtpl\u00e4ne, \u00dcbersichts- und Regionalkarten- Ausf\u00fchrliche praktische Reisetipps- Mehr als 250 Fotos und Abbildungen. Viele Tipps f\u00fcr IndividualreisendeTadschikistan wird auch gerne die &#171;Schweiz Zentralasiens&#187; genannt. Vor allem die Hochgebirgsregionen des Landes mit Gipfeln \u00fcber 7000 Metern locken mit vielf\u00e4ltigen Reiseerlebnissen: Eine Fahrt auf dem Pamir Highway [&#8230;]\n","protected":false},"featured_media":177911,"template":"","meta":[],"product_brand":[],"product_cat":[21605],"product_tag":[],"class_list":{"0":"post-153716","1":"product","2":"type-product","3":"status-publish","4":"has-post-thumbnail","6":"product_cat-wanderfuehrer-trekking","7":"pa_autor-bill","8":"pa_erscheinungsjahr-27415","9":"pa_region-asien","10":"pa_sprache-de","12":"first","13":"instock","14":"taxable","15":"shipping-taxable","16":"purchasable","17":"product-type-simple"},"_links":{"self":[{"href":"https:\/\/pizbube.ch\/en\/wp-json\/wp\/v2\/product\/153716","targetHints":{"allow":["GET"]}}],"collection":[{"href":"https:\/\/pizbube.ch\/en\/wp-json\/wp\/v2\/product"}],"about":[{"href":"https:\/\/pizbube.ch\/en\/wp-json\/wp\/v2\/types\/product"}],"wp:featuredmedia":[{"embeddable":true,"href":"https:\/\/pizbube.ch\/en\/wp-json\/wp\/v2\/media\/177911"}],"wp:attachment":[{"href":"https:\/\/pizbube.ch\/en\/wp-json\/wp\/v2\/media?parent=153716"}],"wp:term":[{"taxonomy":"product_brand","embeddable":true,"href":"https:\/\/pizbube.ch\/en\/wp-json\/wp\/v2\/product_brand?post=153716"},{"taxonomy":"product_cat","embeddable":true,"href":"https:\/\/pizbube.ch\/en\/wp-json\/wp\/v2\/product_cat?post=153716"},{"taxonomy":"product_tag","embeddable":true,"href":"https:\/\/pizbube.ch\/en\/wp-json\/wp\/v2\/product_tag?post=153716"}],"curies":[{"name":"wp","href":"https:\/\/api.w.org\/{rel}","templated":true}]}}