{"id":153726,"date":"2021-01-15T12:39:54","date_gmt":"2021-01-15T12:39:54","guid":{"rendered":"https:\/\/codengine3.ch\/?product=import-placeholder-for-205098"},"modified":"2025-04-12T09:41:26","modified_gmt":"2025-04-12T07:41:26","slug":"la-traversee-de-larc-alpin-a-skis","status":"publish","type":"product","link":"https:\/\/pizbube.ch\/en\/shop\/la-traversee-de-larc-alpin-a-skis\/","title":{"rendered":"La travers\u00e9e de l&#8217;arc Alpin \u00e0 skis"},"content":{"rendered":"<p>De Vienne \u00e0 Menton en 100 jours<\/p>\n<p>Un voyage unique \u00e0 travers les Alpes qui en fera r\u00eaver plus d&#8217;un. La travers\u00e9e<br \/>\ncompl\u00e8te peut para\u00eetre inaccessible, c?est pourquoi les auteurs proposent<br \/>\ncette aventure en 14 raids de quelques jours afin que chacun puisse en<br \/>\nsavourer au moins une partie. Et qui sait? Certains seront peut-\u00eatre tent\u00e9s<br \/>\npar l&#8217;aventure int\u00e9grale.<\/p>\n<p>Un grand voyage, un raid \u00e0 skis immense au d\u00e9part de Vienne en Autriche,<br \/>\nd\u00e9coup\u00e9 en 101 jours, 85 \u00e9tapes et 14 raids, pour arriver \u00e0 Menton sur le<br \/>\nrivage m\u00e9diterran\u00e9en. Un itin\u00e9raire d\u00e9termin\u00e9 avec minutie afin de garder les<br \/>\nskis aux pieds le plus souvent possible : tout cela est d\u00e9crit dans ce beau<br \/>\nlivre qui est aussi un guide pr\u00e9cis donnant des moyens et des id\u00e9es pour<br \/>\nr\u00e9aliser une travers\u00e9e des Alpes compl\u00e8te avec h\u00e9bergement tous les soirs en<br \/>\nrefuge ou en g\u00eete. Il peut aussi \u00eatre un outil pour faire son propre trac\u00e9 ou<br \/>\nr\u00e9aliser un raid d&#8217;une semaine, l&#8217;auteur &#8211; un guide de haute montagne<br \/>\nparticuli\u00e8rement actif &#8211; ayant opt\u00e9 pour des solutions simples et faciles \u00e0<br \/>\nmettre en oeuvre. Les descriptions fa\u00e7on &#8218;livre de bord&#8216; sont ponctu\u00e9es de<br \/>\nt\u00e9moignages du groupe et de petits encadr\u00e9s qui ancrent ce voyage hivernal<br \/>\ndans la vaste culture alpine.<\/p>","protected":false},"excerpt":{"rendered":"<p>De Vienne \u00e0 Menton en 100 jours Un voyage unique \u00e0 travers les Alpes qui en fera r\u00eaver plus d&#8217;un. La travers\u00e9e compl\u00e8te peut para\u00eetre inaccessible, c?est pourquoi les auteurs proposent cette aventure en 14 raids de quelques jours afin que chacun puisse en savourer au moins une partie. Et qui sait? Certains seront peut-\u00eatre [&#8230;]\n","protected":false},"featured_media":179308,"template":"","meta":[],"product_brand":[],"product_cat":[21540],"product_tag":[],"class_list":{"0":"post-153726","1":"product","2":"type-product","3":"status-publish","4":"has-post-thumbnail","6":"product_cat-fuehrerliteratur-alpin-winter","7":"pa_autor-chevaillot-minelli","8":"pa_erscheinungsjahr-21842","9":"pa_region-frankreich","10":"pa_sprache-fr","12":"first","13":"onbackorder","14":"taxable","15":"shipping-taxable","16":"purchasable","17":"product-type-simple"},"_links":{"self":[{"href":"https:\/\/pizbube.ch\/en\/wp-json\/wp\/v2\/product\/153726","targetHints":{"allow":["GET"]}}],"collection":[{"href":"https:\/\/pizbube.ch\/en\/wp-json\/wp\/v2\/product"}],"about":[{"href":"https:\/\/pizbube.ch\/en\/wp-json\/wp\/v2\/types\/product"}],"wp:featuredmedia":[{"embeddable":true,"href":"https:\/\/pizbube.ch\/en\/wp-json\/wp\/v2\/media\/179308"}],"wp:attachment":[{"href":"https:\/\/pizbube.ch\/en\/wp-json\/wp\/v2\/media?parent=153726"}],"wp:term":[{"taxonomy":"product_brand","embeddable":true,"href":"https:\/\/pizbube.ch\/en\/wp-json\/wp\/v2\/product_brand?post=153726"},{"taxonomy":"product_cat","embeddable":true,"href":"https:\/\/pizbube.ch\/en\/wp-json\/wp\/v2\/product_cat?post=153726"},{"taxonomy":"product_tag","embeddable":true,"href":"https:\/\/pizbube.ch\/en\/wp-json\/wp\/v2\/product_tag?post=153726"}],"curies":[{"name":"wp","href":"https:\/\/api.w.org\/{rel}","templated":true}]}}