{"id":153731,"date":"2021-01-15T12:39:55","date_gmt":"2021-01-15T12:39:55","guid":{"rendered":"https:\/\/codengine3.ch\/?product=import-placeholder-for-204161"},"modified":"2024-06-04T11:25:22","modified_gmt":"2024-06-04T09:25:22","slug":"traversee-du-mercantour-vallee-des-merveilles","status":"publish","type":"product","link":"https:\/\/pizbube.ch\/en\/shop\/traversee-du-mercantour-vallee-des-merveilles\/","title":{"rendered":"Travers\u00e9e du Mercantour. Vall\u00e9e des Merveilles"},"content":{"rendered":"<p>Plus de 20 jours de randonn\u00e9e<br \/>\nDu col de Tende vers Colmars ou Grasse, les GR 52 et 52A cheminent en lisi\u00e8re<br \/>\ndu Parc national du Mercantour et passent en revue l&#8217;enfilade de sommets qui<br \/>\ncomposent le massif le plus m\u00e9ridional des Alpes. Ne n\u00e9cessitant pas<br \/>\nl&#8217;intensit\u00e9 physique de la randonn\u00e9e en haute-montagne, ce sentier conduit le<br \/>\nmarcheur \u00e0 la d\u00e9couverte du Haut-Pays, chaleureux et m\u00e9connu : Tende et La<br \/>\nBrigue, fiefs de la famille des Lascaris, Saorge, village monumental, Colmars<br \/>\net ses fortifications. Ce chemin donne enfin le clair sentiment d&#8217;\u00e9voluer dans<br \/>\nun espace pr\u00e9serv\u00e9 mais fragile, qui a vu les retours r\u00e9cents du loup ou du<br \/>\ngypa\u00e8te barbu.<\/p>\n<p>Ce topo-guide d\u00e9crit \u00e9galement le dernier tron\u00e7on du sentier transnational GR5<br \/>\nqui couvre plus de 1 500 km depuis les Pays-Bas. Parcourir ce sentier au<br \/>\nd\u00e9part de Larche, c&#8217;est passer en quelques heures des cimes de l&#8217;Argentera-<br \/>\nMercantour, terrain de jeux des chamois et des bouquetins, aux olivaies des<br \/>\ncollines ni\u00e7oises ou encore aux luxuriants jardins tropicaux de menton. Le<br \/>\ntout avec le bleu profond de la m\u00e9diterran\u00e9e pour horizon.<\/p>","protected":false},"excerpt":{"rendered":"<p>Plus de 20 jours de randonn\u00e9e Du col de Tende vers Colmars ou Grasse, les GR 52 et 52A cheminent en lisi\u00e8re du Parc national du Mercantour et passent en revue l&#8217;enfilade de sommets qui composent le massif le plus m\u00e9ridional des Alpes. Ne n\u00e9cessitant pas l&#8217;intensit\u00e9 physique de la randonn\u00e9e en haute-montagne, ce sentier [&#8230;]\n","protected":false},"featured_media":173242,"template":"","meta":[],"product_brand":[],"product_cat":[21605],"product_tag":[],"class_list":{"0":"post-153731","1":"product","2":"type-product","3":"status-publish","4":"has-post-thumbnail","6":"product_cat-wanderfuehrer-trekking","7":"pa_autor-ffrp","8":"pa_erscheinungsjahr-27013","9":"pa_region-frankreich","10":"pa_sprache-fr","12":"first","13":"instock","14":"taxable","15":"shipping-taxable","16":"purchasable","17":"product-type-simple"},"_links":{"self":[{"href":"https:\/\/pizbube.ch\/en\/wp-json\/wp\/v2\/product\/153731","targetHints":{"allow":["GET"]}}],"collection":[{"href":"https:\/\/pizbube.ch\/en\/wp-json\/wp\/v2\/product"}],"about":[{"href":"https:\/\/pizbube.ch\/en\/wp-json\/wp\/v2\/types\/product"}],"wp:featuredmedia":[{"embeddable":true,"href":"https:\/\/pizbube.ch\/en\/wp-json\/wp\/v2\/media\/173242"}],"wp:attachment":[{"href":"https:\/\/pizbube.ch\/en\/wp-json\/wp\/v2\/media?parent=153731"}],"wp:term":[{"taxonomy":"product_brand","embeddable":true,"href":"https:\/\/pizbube.ch\/en\/wp-json\/wp\/v2\/product_brand?post=153731"},{"taxonomy":"product_cat","embeddable":true,"href":"https:\/\/pizbube.ch\/en\/wp-json\/wp\/v2\/product_cat?post=153731"},{"taxonomy":"product_tag","embeddable":true,"href":"https:\/\/pizbube.ch\/en\/wp-json\/wp\/v2\/product_tag?post=153731"}],"curies":[{"name":"wp","href":"https:\/\/api.w.org\/{rel}","templated":true}]}}