{"id":153732,"date":"2021-01-15T12:39:55","date_gmt":"2021-01-15T12:39:55","guid":{"rendered":"https:\/\/codengine3.ch\/?product=import-placeholder-for-204908"},"modified":"2022-11-03T17:00:25","modified_gmt":"2022-11-03T16:00:25","slug":"panoramique-du-mercantour","status":"publish","type":"product","link":"https:\/\/pizbube.ch\/en\/shop\/panoramique-du-mercantour\/","title":{"rendered":"PANORAMIQUE DU MERCANTOUR"},"content":{"rendered":"<p>Du col de Tende \u00e0 Grasse ou au Verdon, le long du sentier des 8 vall\u00e9es.<br \/>\nA l&#8217;\u00e9cart de l&#8217;agitation estivale du littoral m\u00e9diterran\u00e9en, l&#8217;itin\u00e9raire<br \/>\nchemine \u00e0 la p\u00e9riph\u00e9rie du Parc National du Mercantour.<\/p>\n<p>Il ne n\u00e9cessite pas<br \/>\nl&#8217;intensit\u00e9 physique de la randonn\u00e9e en haute montagne ; il conduira le<br \/>\nrandonneur \u00e0 la d\u00e9couverte du Haut-Pays chaleureux et m\u00e9connu en m\u00eame temps<br \/>\nqu&#8217;il offrira des panoramas sur les sommets de la cha\u00eene alpine et la<br \/>\nd\u00e9couverte d&#8217;un patrimoine historique et architectural.<\/p>","protected":false},"excerpt":{"rendered":"<p>Du col de Tende \u00e0 Grasse ou au Verdon, le long du sentier des 8 vall\u00e9es. A l&#8217;\u00e9cart de l&#8217;agitation estivale du littoral m\u00e9diterran\u00e9en, l&#8217;itin\u00e9raire chemine \u00e0 la p\u00e9riph\u00e9rie du Parc National du Mercantour. Il ne n\u00e9cessite pas l&#8217;intensit\u00e9 physique de la randonn\u00e9e en haute montagne ; il conduira le randonneur \u00e0 la d\u00e9couverte du [&#8230;]\n","protected":false},"featured_media":33453,"template":"","meta":[],"product_brand":[],"product_cat":[21605],"product_tag":[],"class_list":{"0":"post-153732","1":"product","2":"type-product","3":"status-publish","4":"has-post-thumbnail","6":"product_cat-wanderfuehrer-trekking","7":"pa_autor-ffrp","8":"pa_erscheinungsjahr-21842","9":"pa_region-frankreich","10":"pa_sprache-fr","12":"first","13":"outofstock","14":"taxable","15":"shipping-taxable","16":"purchasable","17":"product-type-simple"},"_links":{"self":[{"href":"https:\/\/pizbube.ch\/en\/wp-json\/wp\/v2\/product\/153732","targetHints":{"allow":["GET"]}}],"collection":[{"href":"https:\/\/pizbube.ch\/en\/wp-json\/wp\/v2\/product"}],"about":[{"href":"https:\/\/pizbube.ch\/en\/wp-json\/wp\/v2\/types\/product"}],"wp:featuredmedia":[{"embeddable":true,"href":"https:\/\/pizbube.ch\/en\/wp-json\/wp\/v2\/media\/33453"}],"wp:attachment":[{"href":"https:\/\/pizbube.ch\/en\/wp-json\/wp\/v2\/media?parent=153732"}],"wp:term":[{"taxonomy":"product_brand","embeddable":true,"href":"https:\/\/pizbube.ch\/en\/wp-json\/wp\/v2\/product_brand?post=153732"},{"taxonomy":"product_cat","embeddable":true,"href":"https:\/\/pizbube.ch\/en\/wp-json\/wp\/v2\/product_cat?post=153732"},{"taxonomy":"product_tag","embeddable":true,"href":"https:\/\/pizbube.ch\/en\/wp-json\/wp\/v2\/product_tag?post=153732"}],"curies":[{"name":"wp","href":"https:\/\/api.w.org\/{rel}","templated":true}]}}