{"id":153733,"date":"2021-01-15T12:39:55","date_gmt":"2021-01-15T12:39:55","guid":{"rendered":"https:\/\/codengine3.ch\/?product=import-placeholder-for-205177"},"modified":"2022-09-10T09:31:25","modified_gmt":"2022-09-10T07:31:25","slug":"zu-fuss-von-genf-nach-nizza-band-2","status":"publish","type":"product","link":"https:\/\/pizbube.ch\/en\/shop\/zu-fuss-von-genf-nach-nizza-band-2\/","title":{"rendered":"Zu Fuss von Genf nach Nizza Band 2"},"content":{"rendered":"<p>Band 2: Provenzalische Alpen<\/p>\n<p>Der zweite Band f\u00fchrt von Brian\u00e7on durch die kargen, stimmungsvollen<br \/>\nLandschaften des Queyras, der Ubaye und der Haute Provence ans Mittelmeer. An<br \/>\nalten Waldenserd\u00f6rfern vorbei, \u00fcber hohe Gebirgsp\u00e4sse, durch unber\u00fchrte<br \/>\nFelst\u00e4ler und \u00fcber aussichtsreiche H\u00f6henz\u00fcge f\u00fchrt das Buch die Wandernden an<br \/>\ndie provenzalisch duftende Cote d&#8217;Azur hinunter. Einsame<br \/>\nHochgebirgslandschaften mit \u00fcber 3000 Meter hohen Gipfeln, kleine Seen,<br \/>\nsprudelnde B\u00e4che und eine reiche Flora kontrastieren mit den pulsierenden,<br \/>\nmittelalterlichen St\u00e4dtchen der Haute Provence.<br \/>\nDie beiden B\u00e4nde sind in je f\u00fcnf zwei- bis sechst\u00e4gige Abschnitte eingeteilt,<br \/>\nderen Ausgangspunkte mit \u00f6ffentlichen Verkehrsmitteln erreicht werden k\u00f6nnen.<br \/>\nJede Tagesetappe weist mindestens eine Unterkunftsm\u00f6glichkeit auf. Oft ist es<br \/>\neine einfache Bergh\u00fctte, manchmal auch ein sch\u00f6nes Stadthotel. Daneben enth\u00e4lt<br \/>\nder F\u00fchrer viel Hintergrundinformationen zu Geografie, Geschichte und Kultur.<\/p>\n<p>232 S., zahlr. farb. Abb., mit Routenskizzen u. Servicetl.<\/p>","protected":false},"excerpt":{"rendered":"<p>Band 2: Provenzalische Alpen Der zweite Band f\u00fchrt von Brian\u00e7on durch die kargen, stimmungsvollen Landschaften des Queyras, der Ubaye und der Haute Provence ans Mittelmeer. An alten Waldenserd\u00f6rfern vorbei, \u00fcber hohe Gebirgsp\u00e4sse, durch unber\u00fchrte Felst\u00e4ler und \u00fcber aussichtsreiche H\u00f6henz\u00fcge f\u00fchrt das Buch die Wandernden an die provenzalisch duftende Cote d&#8217;Azur hinunter. Einsame Hochgebirgslandschaften mit \u00fcber [&#8230;]\n","protected":false},"featured_media":33807,"template":"","meta":[],"product_brand":[],"product_cat":[21605],"product_tag":[],"class_list":{"0":"post-153733","1":"product","2":"type-product","3":"status-publish","4":"has-post-thumbnail","6":"product_cat-wanderfuehrer-trekking","7":"pa_autor-bachmann","8":"pa_erscheinungsjahr-21591","9":"pa_region-frankreich","10":"pa_sprache-de","12":"first","13":"instock","14":"taxable","15":"shipping-taxable","16":"purchasable","17":"product-type-simple"},"_links":{"self":[{"href":"https:\/\/pizbube.ch\/en\/wp-json\/wp\/v2\/product\/153733","targetHints":{"allow":["GET"]}}],"collection":[{"href":"https:\/\/pizbube.ch\/en\/wp-json\/wp\/v2\/product"}],"about":[{"href":"https:\/\/pizbube.ch\/en\/wp-json\/wp\/v2\/types\/product"}],"wp:featuredmedia":[{"embeddable":true,"href":"https:\/\/pizbube.ch\/en\/wp-json\/wp\/v2\/media\/33807"}],"wp:attachment":[{"href":"https:\/\/pizbube.ch\/en\/wp-json\/wp\/v2\/media?parent=153733"}],"wp:term":[{"taxonomy":"product_brand","embeddable":true,"href":"https:\/\/pizbube.ch\/en\/wp-json\/wp\/v2\/product_brand?post=153733"},{"taxonomy":"product_cat","embeddable":true,"href":"https:\/\/pizbube.ch\/en\/wp-json\/wp\/v2\/product_cat?post=153733"},{"taxonomy":"product_tag","embeddable":true,"href":"https:\/\/pizbube.ch\/en\/wp-json\/wp\/v2\/product_tag?post=153733"}],"curies":[{"name":"wp","href":"https:\/\/api.w.org\/{rel}","templated":true}]}}