{"id":153734,"date":"2021-01-15T12:39:55","date_gmt":"2021-01-15T12:39:55","guid":{"rendered":"https:\/\/codengine3.ch\/?product=import-placeholder-for-202868"},"modified":"2021-01-15T12:40:01","modified_gmt":"2021-01-15T12:40:01","slug":"les-plus-beaux-sommets-des-alpes","status":"publish","type":"product","link":"https:\/\/pizbube.ch\/en\/shop\/les-plus-beaux-sommets-des-alpes\/","title":{"rendered":"Les plus beaux sommets des Alpes"},"content":{"rendered":"<p>Ce livre est l&#8217;hommage d&#8217;un grand alpiniste photographe \u00e0 la cha\u00eene de<br \/>\nmontagnes la plus importante d&#8217;Europe et l&#8217;une des plus belles au monde : les<br \/>\nAlpes. Les images de ce livre t\u00e9moignent si fid\u00e8lement de la splendeur des<br \/>\nAlpes que l&#8217;on ne peut \u00e9prouver qu&#8217;\u00e9merveillement et respect en les<br \/>\ncontemplant, et donc se pr\u00e9occuper de conserver intact un tel patrimoine<br \/>\ncollectif.<br \/>\nIl s&#8217;agit d&#8217;une iconographie in\u00e9dite et exceptionnelle, r\u00e9alis\u00e9e par un unique<br \/>\nauteur sp\u00e9cialement pour cet ouvrage. Seul un alpiniste d&#8217;envergure \u00e9tait<br \/>\ncapable d&#8217;aller chercher en paroi et sur les ar\u00eates les points de vue les plus<br \/>\n\u00e9loquents pour exprimer la majest\u00e9 de ces sommets qui s&#8217;\u00e9gr\u00e8nent de la<br \/>\nM\u00e9diterran\u00e9e \u00e0 la Slov\u00e9nie.<\/p>","protected":false},"excerpt":{"rendered":"<p>Ce livre est l&#8217;hommage d&#8217;un grand alpiniste photographe \u00e0 la cha\u00eene de montagnes la plus importante d&#8217;Europe et l&#8217;une des plus belles au monde : les Alpes. Les images de ce livre t\u00e9moignent si fid\u00e8lement de la splendeur des Alpes que l&#8217;on ne peut \u00e9prouver qu&#8217;\u00e9merveillement et respect en les contemplant, et donc se pr\u00e9occuper [&#8230;]\n","protected":false},"featured_media":30334,"template":"","meta":[],"product_brand":[],"product_cat":[21542],"product_tag":[],"class_list":{"0":"post-153734","1":"product","2":"type-product","3":"status-publish","4":"has-post-thumbnail","6":"product_cat-sachbuecher-dokumentationen","7":"pa_autor-bianchi","8":"pa_erscheinungsjahr-22144","9":"pa_region-frankreich","10":"pa_sprache-fr","12":"first","13":"instock","14":"taxable","15":"shipping-taxable","16":"purchasable","17":"product-type-simple"},"_links":{"self":[{"href":"https:\/\/pizbube.ch\/en\/wp-json\/wp\/v2\/product\/153734","targetHints":{"allow":["GET"]}}],"collection":[{"href":"https:\/\/pizbube.ch\/en\/wp-json\/wp\/v2\/product"}],"about":[{"href":"https:\/\/pizbube.ch\/en\/wp-json\/wp\/v2\/types\/product"}],"wp:featuredmedia":[{"embeddable":true,"href":"https:\/\/pizbube.ch\/en\/wp-json\/wp\/v2\/media\/30334"}],"wp:attachment":[{"href":"https:\/\/pizbube.ch\/en\/wp-json\/wp\/v2\/media?parent=153734"}],"wp:term":[{"taxonomy":"product_brand","embeddable":true,"href":"https:\/\/pizbube.ch\/en\/wp-json\/wp\/v2\/product_brand?post=153734"},{"taxonomy":"product_cat","embeddable":true,"href":"https:\/\/pizbube.ch\/en\/wp-json\/wp\/v2\/product_cat?post=153734"},{"taxonomy":"product_tag","embeddable":true,"href":"https:\/\/pizbube.ch\/en\/wp-json\/wp\/v2\/product_tag?post=153734"}],"curies":[{"name":"wp","href":"https:\/\/api.w.org\/{rel}","templated":true}]}}